{"id":5399,"date":"2019-12-20T12:52:50","date_gmt":"2019-12-20T11:52:50","guid":{"rendered":"http:\/\/theheroplan.com\/es\/tienda-thp\/libros\/the-fighting-box-%c2%b7-version-impresa-digital-italiano\/"},"modified":"2019-12-24T11:41:44","modified_gmt":"2019-12-24T10:41:44","slug":"the-fighting-box-%c2%b7-version-impresa-digital-italiano","status":"publish","type":"product","link":"https:\/\/theheroplan.com\/es\/tienda-thp\/libros\/the-fighting-box-%c2%b7-version-impresa-digital-italiano\/","title":{"rendered":"The Fighting Box \u00b7 Versi\u00f3n impresa + digital Italiano"},"content":{"rendered":"","protected":false},"excerpt":{"rendered":"<ul>\n<li><strong>Unidades limitadas!<\/strong><\/li>\n<li>Versi\u00f3n digital descargable de forma inmediata<\/li>\n<li>Versi\u00f3n impresa enviada a finales de Enero 2020.<br \/>Env\u00edo gratuito a Espa\u00f1a.<\/li>\n<li><strong>Todo lo necesario para superar retos empresariales e impulsar una Empresa Fighting en un tiempo record con El Plan del H\u00e9roe.<\/strong><br \/>\n23 Gu\u00edas pr\u00e1cticas<br \/>\n9 Tarjetas interactivas<\/li>\n<li><strong>Incluye gratis por tiempo limitado:<\/strong><br \/>\nKit Virtual \u201cEl Plan del H\u00e9roe\u201d v5.1<br \/>\nLibro digital \u201cEl Plan del H\u00e9roe\u201d 3\u00aaed.<br \/>\nDescarga de actualizaciones ilimitada durante 1 a\u00f1o.<\/li>\n<li><a href=\"https:\/\/wakigami.com\/es\/the-fighting-box\/\">M\u00e1s informaci\u00f3n<\/a><\/li>\n<\/ul>\n","protected":false},"featured_media":5403,"comment_status":"closed","ping_status":"closed","template":"","meta":[],"product_cat":[23,62,79],"product_tag":[],"yoast_head":"<!-- This site is optimized with the Yoast SEO plugin v22.8 - https:\/\/yoast.com\/wordpress\/plugins\/seo\/ -->\n<title>The Fighting Box \u00b7 Versi\u00f3n impresa + digital Italiano - EL PLAN DEL H\u00c9ROE<\/title>\n<meta name=\"robots\" content=\"index, follow, max-snippet:-1, max-image-preview:large, max-video-preview:-1\" \/>\n<link rel=\"canonical\" href=\"https:\/\/theheroplan.com\/es\/tienda-thp\/libros\/the-fighting-box-\u00b7-version-impresa-digital-italiano\/\" \/>\n<meta property=\"og:locale\" content=\"es_ES\" \/>\n<meta property=\"og:type\" content=\"article\" \/>\n<meta property=\"og:title\" content=\"The Fighting Box \u00b7 Versi\u00f3n impresa + digital Italiano - EL PLAN DEL H\u00c9ROE\" \/>\n<meta property=\"og:description\" content=\"Unidades limitadas! Versi\u00f3n digital descargable de forma inmediata Versi\u00f3n impresa enviada a finales de Enero 2020.Env\u00edo gratuito a Espa\u00f1a. Todo lo necesario para superar retos empresariales e impulsar una Empresa Fighting en un tiempo record con El Plan del H\u00e9roe. 23 Gu\u00edas pr\u00e1cticas 9 Tarjetas interactivas Incluye gratis por tiempo limitado: Kit Virtual \u201cEl Plan del H\u00e9roe\u201d v5.1 Libro digital \u201cEl Plan del H\u00e9roe\u201d 3\u00aaed. Descarga de actualizaciones ilimitada durante 1 a\u00f1o. M\u00e1s informaci\u00f3n\" \/>\n<meta property=\"og:url\" content=\"https:\/\/theheroplan.com\/es\/tienda-thp\/libros\/the-fighting-box-\u00b7-version-impresa-digital-italiano\/\" \/>\n<meta property=\"og:site_name\" content=\"EL PLAN DEL H\u00c9ROE\" \/>\n<meta property=\"article:modified_time\" content=\"2019-12-24T10:41:44+00:00\" \/>\n<meta property=\"og:image\" content=\"https:\/\/theheroplan.com\/es\/wp-content\/uploads\/sites\/2\/2019\/12\/shop_products_TFB_ImpresaDigital_it_02.jpg\" \/>\n\t<meta property=\"og:image:width\" content=\"1140\" \/>\n\t<meta property=\"og:image:height\" content=\"800\" \/>\n\t<meta property=\"og:image:type\" content=\"image\/jpeg\" \/>\n<meta name=\"twitter:card\" content=\"summary_large_image\" \/>\n<meta name=\"twitter:site\" content=\"@MrVecino\" \/>\n<script type=\"application\/ld+json\" class=\"yoast-schema-graph\">{\"@context\":\"https:\/\/schema.org\",\"@graph\":[{\"@type\":\"WebPage\",\"@id\":\"https:\/\/theheroplan.com\/es\/tienda-thp\/libros\/the-fighting-box-%c2%b7-version-impresa-digital-italiano\/\",\"url\":\"https:\/\/theheroplan.com\/es\/tienda-thp\/libros\/the-fighting-box-%c2%b7-version-impresa-digital-italiano\/\",\"name\":\"The Fighting Box \u00b7 Versi\u00f3n impresa + digital Italiano - EL PLAN DEL H\u00c9ROE\",\"isPartOf\":{\"@id\":\"https:\/\/theheroplan.com\/es\/#website\"},\"primaryImageOfPage\":{\"@id\":\"https:\/\/theheroplan.com\/es\/tienda-thp\/libros\/the-fighting-box-%c2%b7-version-impresa-digital-italiano\/#primaryimage\"},\"image\":{\"@id\":\"https:\/\/theheroplan.com\/es\/tienda-thp\/libros\/the-fighting-box-%c2%b7-version-impresa-digital-italiano\/#primaryimage\"},\"thumbnailUrl\":\"https:\/\/theheroplan.com\/es\/wp-content\/uploads\/sites\/2\/2019\/12\/shop_products_TFB_ImpresaDigital_it_02.jpg\",\"datePublished\":\"2019-12-20T11:52:50+00:00\",\"dateModified\":\"2019-12-24T10:41:44+00:00\",\"breadcrumb\":{\"@id\":\"https:\/\/theheroplan.com\/es\/tienda-thp\/libros\/the-fighting-box-%c2%b7-version-impresa-digital-italiano\/#breadcrumb\"},\"inLanguage\":\"es\",\"potentialAction\":[{\"@type\":\"ReadAction\",\"target\":[\"https:\/\/theheroplan.com\/es\/tienda-thp\/libros\/the-fighting-box-%c2%b7-version-impresa-digital-italiano\/\"]}]},{\"@type\":\"ImageObject\",\"inLanguage\":\"es\",\"@id\":\"https:\/\/theheroplan.com\/es\/tienda-thp\/libros\/the-fighting-box-%c2%b7-version-impresa-digital-italiano\/#primaryimage\",\"url\":\"https:\/\/theheroplan.com\/es\/wp-content\/uploads\/sites\/2\/2019\/12\/shop_products_TFB_ImpresaDigital_it_02.jpg\",\"contentUrl\":\"https:\/\/theheroplan.com\/es\/wp-content\/uploads\/sites\/2\/2019\/12\/shop_products_TFB_ImpresaDigital_it_02.jpg\",\"width\":1140,\"height\":800,\"caption\":\"The Fighting Box \u00b7 Impresa + Digital \u00b7 Italiano\"},{\"@type\":\"BreadcrumbList\",\"@id\":\"https:\/\/theheroplan.com\/es\/tienda-thp\/libros\/the-fighting-box-%c2%b7-version-impresa-digital-italiano\/#breadcrumb\",\"itemListElement\":[{\"@type\":\"ListItem\",\"position\":1,\"name\":\"Tienda\",\"item\":\"https:\/\/theheroplan.com\/es\/tienda\/\"},{\"@type\":\"ListItem\",\"position\":2,\"name\":\"The Fighting Box \u00b7 Versi\u00f3n impresa + digital Italiano\"}]},{\"@type\":\"WebSite\",\"@id\":\"https:\/\/theheroplan.com\/es\/#website\",\"url\":\"https:\/\/theheroplan.com\/es\/\",\"name\":\"EL PLAN DEL H\u00c9ROE\",\"description\":\"Estrategia \u00e1gil + Neuromarketing + Gamification\",\"potentialAction\":[{\"@type\":\"SearchAction\",\"target\":{\"@type\":\"EntryPoint\",\"urlTemplate\":\"https:\/\/theheroplan.com\/es\/?s={search_term_string}\"},\"query-input\":\"required name=search_term_string\"}],\"inLanguage\":\"es\"}]}<\/script>\n<!-- \/ Yoast SEO plugin. -->","yoast_head_json":{"title":"The Fighting Box \u00b7 Versi\u00f3n impresa + digital Italiano - EL PLAN DEL H\u00c9ROE","robots":{"index":"index","follow":"follow","max-snippet":"max-snippet:-1","max-image-preview":"max-image-preview:large","max-video-preview":"max-video-preview:-1"},"canonical":"https:\/\/theheroplan.com\/es\/tienda-thp\/libros\/the-fighting-box-\u00b7-version-impresa-digital-italiano\/","og_locale":"es_ES","og_type":"article","og_title":"The Fighting Box \u00b7 Versi\u00f3n impresa + digital Italiano - EL PLAN DEL H\u00c9ROE","og_description":"Unidades limitadas! Versi\u00f3n digital descargable de forma inmediata Versi\u00f3n impresa enviada a finales de Enero 2020.Env\u00edo gratuito a Espa\u00f1a. Todo lo necesario para superar retos empresariales e impulsar una Empresa Fighting en un tiempo record con El Plan del H\u00e9roe. 23 Gu\u00edas pr\u00e1cticas 9 Tarjetas interactivas Incluye gratis por tiempo limitado: Kit Virtual \u201cEl Plan del H\u00e9roe\u201d v5.1 Libro digital \u201cEl Plan del H\u00e9roe\u201d 3\u00aaed. Descarga de actualizaciones ilimitada durante 1 a\u00f1o. M\u00e1s informaci\u00f3n","og_url":"https:\/\/theheroplan.com\/es\/tienda-thp\/libros\/the-fighting-box-\u00b7-version-impresa-digital-italiano\/","og_site_name":"EL PLAN DEL H\u00c9ROE","article_modified_time":"2019-12-24T10:41:44+00:00","og_image":[{"width":1140,"height":800,"url":"https:\/\/theheroplan.com\/es\/wp-content\/uploads\/sites\/2\/2019\/12\/shop_products_TFB_ImpresaDigital_it_02.jpg","type":"image\/jpeg"}],"twitter_card":"summary_large_image","twitter_site":"@MrVecino","schema":{"@context":"https:\/\/schema.org","@graph":[{"@type":"WebPage","@id":"https:\/\/theheroplan.com\/es\/tienda-thp\/libros\/the-fighting-box-%c2%b7-version-impresa-digital-italiano\/","url":"https:\/\/theheroplan.com\/es\/tienda-thp\/libros\/the-fighting-box-%c2%b7-version-impresa-digital-italiano\/","name":"The Fighting Box \u00b7 Versi\u00f3n impresa + digital Italiano - EL PLAN DEL H\u00c9ROE","isPartOf":{"@id":"https:\/\/theheroplan.com\/es\/#website"},"primaryImageOfPage":{"@id":"https:\/\/theheroplan.com\/es\/tienda-thp\/libros\/the-fighting-box-%c2%b7-version-impresa-digital-italiano\/#primaryimage"},"image":{"@id":"https:\/\/theheroplan.com\/es\/tienda-thp\/libros\/the-fighting-box-%c2%b7-version-impresa-digital-italiano\/#primaryimage"},"thumbnailUrl":"https:\/\/theheroplan.com\/es\/wp-content\/uploads\/sites\/2\/2019\/12\/shop_products_TFB_ImpresaDigital_it_02.jpg","datePublished":"2019-12-20T11:52:50+00:00","dateModified":"2019-12-24T10:41:44+00:00","breadcrumb":{"@id":"https:\/\/theheroplan.com\/es\/tienda-thp\/libros\/the-fighting-box-%c2%b7-version-impresa-digital-italiano\/#breadcrumb"},"inLanguage":"es","potentialAction":[{"@type":"ReadAction","target":["https:\/\/theheroplan.com\/es\/tienda-thp\/libros\/the-fighting-box-%c2%b7-version-impresa-digital-italiano\/"]}]},{"@type":"ImageObject","inLanguage":"es","@id":"https:\/\/theheroplan.com\/es\/tienda-thp\/libros\/the-fighting-box-%c2%b7-version-impresa-digital-italiano\/#primaryimage","url":"https:\/\/theheroplan.com\/es\/wp-content\/uploads\/sites\/2\/2019\/12\/shop_products_TFB_ImpresaDigital_it_02.jpg","contentUrl":"https:\/\/theheroplan.com\/es\/wp-content\/uploads\/sites\/2\/2019\/12\/shop_products_TFB_ImpresaDigital_it_02.jpg","width":1140,"height":800,"caption":"The Fighting Box \u00b7 Impresa + Digital \u00b7 Italiano"},{"@type":"BreadcrumbList","@id":"https:\/\/theheroplan.com\/es\/tienda-thp\/libros\/the-fighting-box-%c2%b7-version-impresa-digital-italiano\/#breadcrumb","itemListElement":[{"@type":"ListItem","position":1,"name":"Tienda","item":"https:\/\/theheroplan.com\/es\/tienda\/"},{"@type":"ListItem","position":2,"name":"The Fighting Box \u00b7 Versi\u00f3n impresa + digital Italiano"}]},{"@type":"WebSite","@id":"https:\/\/theheroplan.com\/es\/#website","url":"https:\/\/theheroplan.com\/es\/","name":"EL PLAN DEL H\u00c9ROE","description":"Estrategia \u00e1gil + Neuromarketing + Gamification","potentialAction":[{"@type":"SearchAction","target":{"@type":"EntryPoint","urlTemplate":"https:\/\/theheroplan.com\/es\/?s={search_term_string}"},"query-input":"required name=search_term_string"}],"inLanguage":"es"}]}},"_links":{"self":[{"href":"https:\/\/theheroplan.com\/es\/wp-json\/wp\/v2\/product\/5399"}],"collection":[{"href":"https:\/\/theheroplan.com\/es\/wp-json\/wp\/v2\/product"}],"about":[{"href":"https:\/\/theheroplan.com\/es\/wp-json\/wp\/v2\/types\/product"}],"replies":[{"embeddable":true,"href":"https:\/\/theheroplan.com\/es\/wp-json\/wp\/v2\/comments?post=5399"}],"wp:featuredmedia":[{"embeddable":true,"href":"https:\/\/theheroplan.com\/es\/wp-json\/wp\/v2\/media\/5403"}],"wp:attachment":[{"href":"https:\/\/theheroplan.com\/es\/wp-json\/wp\/v2\/media?parent=5399"}],"wp:term":[{"taxonomy":"product_cat","embeddable":true,"href":"https:\/\/theheroplan.com\/es\/wp-json\/wp\/v2\/product_cat?post=5399"},{"taxonomy":"product_tag","embeddable":true,"href":"https:\/\/theheroplan.com\/es\/wp-json\/wp\/v2\/product_tag?post=5399"}],"curies":[{"name":"wp","href":"https:\/\/api.w.org\/{rel}","templated":true}]}}