{"id":5374,"date":"2019-10-22T12:58:36","date_gmt":"2019-10-22T11:58:36","guid":{"rendered":"http:\/\/theheroplan.com\/es\/tienda-thp\/tableros\/kit-virtual-el-plan-del-heroe-v5-1\/"},"modified":"2019-12-20T12:50:41","modified_gmt":"2019-12-20T11:50:41","slug":"kit-virtual-el-plan-del-heroe-v5-1","status":"publish","type":"product","link":"https:\/\/theheroplan.com\/es\/tienda-thp\/tableros\/kit-virtual-el-plan-del-heroe-v5-1\/","title":{"rendered":"KIT Virtual El Plan del H\u00e9roe v5.1"},"content":{"rendered":"","protected":false},"excerpt":{"rendered":"<ul>\n<li><strong>Plantillas interactivas para Keynote y Powerpoint con todos los Tableros y Fichas de El Plan del H\u00e9roe.<\/strong><br \/>\nVersiones imprimibles en alta calidad.<br \/>\nEspa\u00f1ol, ingl\u00e9s e italiano.<br \/>\nMulti-dispositivo<\/li>\n<\/ul>\n","protected":false},"featured_media":5388,"comment_status":"closed","ping_status":"closed","template":"","meta":[],"product_cat":[62,48],"product_tag":[],"yoast_head":"<!-- This site is optimized with the Yoast SEO plugin v22.8 - https:\/\/yoast.com\/wordpress\/plugins\/seo\/ -->\n<title>KIT Virtual El Plan del H\u00e9roe v5.1 - EL PLAN DEL H\u00c9ROE<\/title>\n<meta name=\"robots\" content=\"index, follow, max-snippet:-1, max-image-preview:large, max-video-preview:-1\" \/>\n<link rel=\"canonical\" href=\"https:\/\/theheroplan.com\/es\/tienda-thp\/tableros\/kit-virtual-el-plan-del-heroe-v5-1\/\" \/>\n<meta property=\"og:locale\" content=\"es_ES\" \/>\n<meta property=\"og:type\" content=\"article\" \/>\n<meta property=\"og:title\" content=\"KIT Virtual El Plan del H\u00e9roe v5.1 - EL PLAN DEL H\u00c9ROE\" \/>\n<meta property=\"og:description\" content=\"Plantillas interactivas para Keynote y Powerpoint con todos los Tableros y Fichas de El Plan del H\u00e9roe. Versiones imprimibles en alta calidad. Espa\u00f1ol, ingl\u00e9s e italiano. Multi-dispositivo\" \/>\n<meta property=\"og:url\" content=\"https:\/\/theheroplan.com\/es\/tienda-thp\/tableros\/kit-virtual-el-plan-del-heroe-v5-1\/\" \/>\n<meta property=\"og:site_name\" content=\"EL PLAN DEL H\u00c9ROE\" \/>\n<meta property=\"article:modified_time\" content=\"2019-12-20T11:50:41+00:00\" \/>\n<meta property=\"og:image\" content=\"https:\/\/theheroplan.com\/es\/wp-content\/uploads\/sites\/2\/2019\/10\/shop_products_THPVirtualKit_5.1_spa.jpg\" \/>\n\t<meta property=\"og:image:width\" content=\"1140\" \/>\n\t<meta property=\"og:image:height\" content=\"800\" \/>\n\t<meta property=\"og:image:type\" content=\"image\/jpeg\" \/>\n<meta name=\"twitter:card\" content=\"summary_large_image\" \/>\n<meta name=\"twitter:site\" content=\"@MrVecino\" \/>\n<script type=\"application\/ld+json\" class=\"yoast-schema-graph\">{\"@context\":\"https:\/\/schema.org\",\"@graph\":[{\"@type\":\"WebPage\",\"@id\":\"https:\/\/theheroplan.com\/es\/tienda-thp\/tableros\/kit-virtual-el-plan-del-heroe-v5-1\/\",\"url\":\"https:\/\/theheroplan.com\/es\/tienda-thp\/tableros\/kit-virtual-el-plan-del-heroe-v5-1\/\",\"name\":\"KIT Virtual El Plan del H\u00e9roe v5.1 - EL PLAN DEL H\u00c9ROE\",\"isPartOf\":{\"@id\":\"https:\/\/theheroplan.com\/es\/#website\"},\"primaryImageOfPage\":{\"@id\":\"https:\/\/theheroplan.com\/es\/tienda-thp\/tableros\/kit-virtual-el-plan-del-heroe-v5-1\/#primaryimage\"},\"image\":{\"@id\":\"https:\/\/theheroplan.com\/es\/tienda-thp\/tableros\/kit-virtual-el-plan-del-heroe-v5-1\/#primaryimage\"},\"thumbnailUrl\":\"https:\/\/theheroplan.com\/es\/wp-content\/uploads\/sites\/2\/2019\/10\/shop_products_THPVirtualKit_5.1_spa.jpg\",\"datePublished\":\"2019-10-22T11:58:36+00:00\",\"dateModified\":\"2019-12-20T11:50:41+00:00\",\"breadcrumb\":{\"@id\":\"https:\/\/theheroplan.com\/es\/tienda-thp\/tableros\/kit-virtual-el-plan-del-heroe-v5-1\/#breadcrumb\"},\"inLanguage\":\"es\",\"potentialAction\":[{\"@type\":\"ReadAction\",\"target\":[\"https:\/\/theheroplan.com\/es\/tienda-thp\/tableros\/kit-virtual-el-plan-del-heroe-v5-1\/\"]}]},{\"@type\":\"ImageObject\",\"inLanguage\":\"es\",\"@id\":\"https:\/\/theheroplan.com\/es\/tienda-thp\/tableros\/kit-virtual-el-plan-del-heroe-v5-1\/#primaryimage\",\"url\":\"https:\/\/theheroplan.com\/es\/wp-content\/uploads\/sites\/2\/2019\/10\/shop_products_THPVirtualKit_5.1_spa.jpg\",\"contentUrl\":\"https:\/\/theheroplan.com\/es\/wp-content\/uploads\/sites\/2\/2019\/10\/shop_products_THPVirtualKit_5.1_spa.jpg\",\"width\":1140,\"height\":800,\"caption\":\"THE HERO PLAN VIRTUAL KIT v5.1\"},{\"@type\":\"BreadcrumbList\",\"@id\":\"https:\/\/theheroplan.com\/es\/tienda-thp\/tableros\/kit-virtual-el-plan-del-heroe-v5-1\/#breadcrumb\",\"itemListElement\":[{\"@type\":\"ListItem\",\"position\":1,\"name\":\"Tienda\",\"item\":\"https:\/\/theheroplan.com\/es\/tienda\/\"},{\"@type\":\"ListItem\",\"position\":2,\"name\":\"KIT Virtual El Plan del H\u00e9roe v5.1\"}]},{\"@type\":\"WebSite\",\"@id\":\"https:\/\/theheroplan.com\/es\/#website\",\"url\":\"https:\/\/theheroplan.com\/es\/\",\"name\":\"EL PLAN DEL H\u00c9ROE\",\"description\":\"Estrategia \u00e1gil + Neuromarketing + Gamification\",\"potentialAction\":[{\"@type\":\"SearchAction\",\"target\":{\"@type\":\"EntryPoint\",\"urlTemplate\":\"https:\/\/theheroplan.com\/es\/?s={search_term_string}\"},\"query-input\":\"required name=search_term_string\"}],\"inLanguage\":\"es\"}]}<\/script>\n<!-- \/ Yoast SEO plugin. -->","yoast_head_json":{"title":"KIT Virtual El Plan del H\u00e9roe v5.1 - EL PLAN DEL H\u00c9ROE","robots":{"index":"index","follow":"follow","max-snippet":"max-snippet:-1","max-image-preview":"max-image-preview:large","max-video-preview":"max-video-preview:-1"},"canonical":"https:\/\/theheroplan.com\/es\/tienda-thp\/tableros\/kit-virtual-el-plan-del-heroe-v5-1\/","og_locale":"es_ES","og_type":"article","og_title":"KIT Virtual El Plan del H\u00e9roe v5.1 - EL PLAN DEL H\u00c9ROE","og_description":"Plantillas interactivas para Keynote y Powerpoint con todos los Tableros y Fichas de El Plan del H\u00e9roe. Versiones imprimibles en alta calidad. Espa\u00f1ol, ingl\u00e9s e italiano. Multi-dispositivo","og_url":"https:\/\/theheroplan.com\/es\/tienda-thp\/tableros\/kit-virtual-el-plan-del-heroe-v5-1\/","og_site_name":"EL PLAN DEL H\u00c9ROE","article_modified_time":"2019-12-20T11:50:41+00:00","og_image":[{"width":1140,"height":800,"url":"https:\/\/theheroplan.com\/es\/wp-content\/uploads\/sites\/2\/2019\/10\/shop_products_THPVirtualKit_5.1_spa.jpg","type":"image\/jpeg"}],"twitter_card":"summary_large_image","twitter_site":"@MrVecino","schema":{"@context":"https:\/\/schema.org","@graph":[{"@type":"WebPage","@id":"https:\/\/theheroplan.com\/es\/tienda-thp\/tableros\/kit-virtual-el-plan-del-heroe-v5-1\/","url":"https:\/\/theheroplan.com\/es\/tienda-thp\/tableros\/kit-virtual-el-plan-del-heroe-v5-1\/","name":"KIT Virtual El Plan del H\u00e9roe v5.1 - EL PLAN DEL H\u00c9ROE","isPartOf":{"@id":"https:\/\/theheroplan.com\/es\/#website"},"primaryImageOfPage":{"@id":"https:\/\/theheroplan.com\/es\/tienda-thp\/tableros\/kit-virtual-el-plan-del-heroe-v5-1\/#primaryimage"},"image":{"@id":"https:\/\/theheroplan.com\/es\/tienda-thp\/tableros\/kit-virtual-el-plan-del-heroe-v5-1\/#primaryimage"},"thumbnailUrl":"https:\/\/theheroplan.com\/es\/wp-content\/uploads\/sites\/2\/2019\/10\/shop_products_THPVirtualKit_5.1_spa.jpg","datePublished":"2019-10-22T11:58:36+00:00","dateModified":"2019-12-20T11:50:41+00:00","breadcrumb":{"@id":"https:\/\/theheroplan.com\/es\/tienda-thp\/tableros\/kit-virtual-el-plan-del-heroe-v5-1\/#breadcrumb"},"inLanguage":"es","potentialAction":[{"@type":"ReadAction","target":["https:\/\/theheroplan.com\/es\/tienda-thp\/tableros\/kit-virtual-el-plan-del-heroe-v5-1\/"]}]},{"@type":"ImageObject","inLanguage":"es","@id":"https:\/\/theheroplan.com\/es\/tienda-thp\/tableros\/kit-virtual-el-plan-del-heroe-v5-1\/#primaryimage","url":"https:\/\/theheroplan.com\/es\/wp-content\/uploads\/sites\/2\/2019\/10\/shop_products_THPVirtualKit_5.1_spa.jpg","contentUrl":"https:\/\/theheroplan.com\/es\/wp-content\/uploads\/sites\/2\/2019\/10\/shop_products_THPVirtualKit_5.1_spa.jpg","width":1140,"height":800,"caption":"THE HERO PLAN VIRTUAL KIT v5.1"},{"@type":"BreadcrumbList","@id":"https:\/\/theheroplan.com\/es\/tienda-thp\/tableros\/kit-virtual-el-plan-del-heroe-v5-1\/#breadcrumb","itemListElement":[{"@type":"ListItem","position":1,"name":"Tienda","item":"https:\/\/theheroplan.com\/es\/tienda\/"},{"@type":"ListItem","position":2,"name":"KIT Virtual El Plan del H\u00e9roe v5.1"}]},{"@type":"WebSite","@id":"https:\/\/theheroplan.com\/es\/#website","url":"https:\/\/theheroplan.com\/es\/","name":"EL PLAN DEL H\u00c9ROE","description":"Estrategia \u00e1gil + Neuromarketing + Gamification","potentialAction":[{"@type":"SearchAction","target":{"@type":"EntryPoint","urlTemplate":"https:\/\/theheroplan.com\/es\/?s={search_term_string}"},"query-input":"required name=search_term_string"}],"inLanguage":"es"}]}},"_links":{"self":[{"href":"https:\/\/theheroplan.com\/es\/wp-json\/wp\/v2\/product\/5374"}],"collection":[{"href":"https:\/\/theheroplan.com\/es\/wp-json\/wp\/v2\/product"}],"about":[{"href":"https:\/\/theheroplan.com\/es\/wp-json\/wp\/v2\/types\/product"}],"replies":[{"embeddable":true,"href":"https:\/\/theheroplan.com\/es\/wp-json\/wp\/v2\/comments?post=5374"}],"wp:featuredmedia":[{"embeddable":true,"href":"https:\/\/theheroplan.com\/es\/wp-json\/wp\/v2\/media\/5388"}],"wp:attachment":[{"href":"https:\/\/theheroplan.com\/es\/wp-json\/wp\/v2\/media?parent=5374"}],"wp:term":[{"taxonomy":"product_cat","embeddable":true,"href":"https:\/\/theheroplan.com\/es\/wp-json\/wp\/v2\/product_cat?post=5374"},{"taxonomy":"product_tag","embeddable":true,"href":"https:\/\/theheroplan.com\/es\/wp-json\/wp\/v2\/product_tag?post=5374"}],"curies":[{"name":"wp","href":"https:\/\/api.w.org\/{rel}","templated":true}]}}