{"id":939,"date":"2014-05-26T19:19:38","date_gmt":"2014-05-26T17:19:38","guid":{"rendered":"http:\/\/theheroplan.com\/es\/?page_id=939"},"modified":"2016-11-29T10:35:34","modified_gmt":"2016-11-29T09:35:34","slug":"tienda-thp","status":"publish","type":"page","link":"https:\/\/theheroplan.com\/es\/tienda-thp\/","title":{"rendered":"Tienda"},"content":{"rendered":"[mk_page_section bg_image=\u00bbhttp:\/\/theheroplan.com\/en\/wp-content\/uploads\/sites\/2\/2014\/04\/bgC.jpg\u00bb bg_position=\u00bbright bottom\u00bb bg_repeat=\u00bbno-repeat\u00bb bg_stretch=\u00bbtrue\u00bb padding=\u00bb110&#8243;][vc_column][mk_image src=\u00bbhttp:\/\/theheroplan.com\/es\/wp-content\/uploads\/sites\/2\/2014\/04\/shop_02.png\u00bb image_width=\u00bb368&#8243; image_height=\u00bb360&#8243; crop=\u00bbfalse\u00bb hover=\u00bbfalse\u00bb align=\u00bbcenter\u00bb margin_bottom=\u00bb30&#8243;][vc_row_inner][vc_column_inner][vc_column_text]<div class=\"woocommerce columns-2 \"><ul class=\"products classic-style isotope-enabled\">\n<li class=\"two-column post-378 product type-product status-publish has-post-thumbnail product_cat-libros product_cat-ofertas last instock sale virtual sold-individually taxable purchasable product-type-simple\" style=\"max-width:570px\">\n\t<div class=\"item-holder\">\n\n\t<a href=\"https:\/\/theheroplan.com\/es\/tienda-thp\/libros\/el-plan-del-heroe-digital-pdf\/\" class=\"woocommerce-LoopProduct-link woocommerce-loop-product__link\">\n\t\t<span class=\"product-loading-icon\"><\/span>\n\n\t\t<span class=\"onsale\">SALE<\/span><a href=\"https:\/\/theheroplan.com\/es\/tienda-thp\/libros\/el-plan-del-heroe-digital-pdf\/\" class=\"product-loop-thumb\"><img decoding=\"async\" src=\"https:\/\/theheroplan.com\/es\/wp-content\/uploads\/sites\/2\/bfi_thumb\/shop_products_ElPlanDelHeroe_DB-n3qx07emyf39zalmd9wuozt0ay7g3ist2wnpnxntjc.jpg\" class=\"product-loop-image\" alt=\"El Plan del H\u00e9roe 3\u00aaed<br>Versi\u00f3n Digital\" title=\"El Plan del H\u00e9roe 3\u00aaed<br>Versi\u00f3n Digital\" itemprop=\"image\"><span class=\"product-hover-items\"><span class=\"mk-love-this \" id=\"mk-love-378\"><i class=\"mk-icon-heart\"><\/i> <span class=\"mk-love-count\">27<\/span><\/span><\/span><\/a>\n\n\n\n\t\t<div class=\"product-item-details\">\n\n\t\t\t<h3><a href=\"https:\/\/theheroplan.com\/es\/tienda-thp\/libros\/el-plan-del-heroe-digital-pdf\/\">El Plan del H\u00e9roe 3\u00aaed<br>Versi\u00f3n Digital<\/a><\/h3>\n\n\t\t\t\n\t<span class=\"price\"><del aria-hidden=\"true\"><span class=\"woocommerce-Price-amount amount\"><bdi>16,95&nbsp;<span class=\"woocommerce-Price-currencySymbol\">&euro;<\/span><\/bdi><\/span><\/del> <span class=\"screen-reader-text\">El precio original era: 16,95&nbsp;&euro;.<\/span><ins aria-hidden=\"true\"><span class=\"woocommerce-Price-amount amount\"><bdi>12,95&nbsp;<span class=\"woocommerce-Price-currencySymbol\">&euro;<\/span><\/bdi><\/span><\/ins><span class=\"screen-reader-text\">El precio actual es: 12,95&nbsp;&euro;.<\/span><\/span>\n\n\t\t\t<\/a><a rel=\"nofollow\" href=\"?add-to-cart=378\" data-quantity=\"1\" data-product_id=\"378\" data-product_sku=\"\" class=\"product_loop_button product_type_simple add_to_cart_button ajax_add_to_cart\"><i class=\"mk-theme-icon-cart2\"><\/i>A\u00f1adir al carrito<\/a>\t\t<\/div>\n<\/div>\n<\/li>\n\n\n\n<li class=\"two-column post-4956 product type-product status-publish has-post-thumbnail product_cat-libros product_cat-ofertas last instock virtual taxable purchasable product-type-simple\" style=\"max-width:570px\">\n\t<div class=\"item-holder\">\n\n\t<a href=\"https:\/\/theheroplan.com\/es\/tienda-thp\/libros\/the-hero-plan-digital-english-book\/\" class=\"woocommerce-LoopProduct-link woocommerce-loop-product__link\">\n\t\t<span class=\"product-loading-icon\"><\/span>\n\n\t\t<a href=\"https:\/\/theheroplan.com\/es\/tienda-thp\/libros\/the-hero-plan-digital-english-book\/\" class=\"product-loop-thumb\"><img decoding=\"async\" src=\"\" class=\"product-loop-image\" alt=\"The Hero Plan Digital English Book\" title=\"The Hero Plan Digital English Book\" itemprop=\"image\"><img decoding=\"async\" src=\"\" alt=\"The Hero Plan Digital English Book\" class=\"product-hover-image\" title=\"The Hero Plan Digital English Book\" ><span class=\"product-hover-items\"><span class=\"mk-love-this \" id=\"mk-love-4956\"><i class=\"mk-icon-heart\"><\/i> <span class=\"mk-love-count\">1<\/span><\/span><\/span><\/a>\n\n\n\n\t\t<div class=\"product-item-details\">\n\n\t\t\t<h3><a href=\"https:\/\/theheroplan.com\/es\/tienda-thp\/libros\/the-hero-plan-digital-english-book\/\">The Hero Plan Digital English Book<\/a><\/h3>\n\n\t\t\t\n\t<span class=\"price\"><span class=\"woocommerce-Price-amount amount\"><bdi>12,95&nbsp;<span class=\"woocommerce-Price-currencySymbol\">&euro;<\/span><\/bdi><\/span><\/span>\n\n\t\t\t<\/a><a rel=\"nofollow\" href=\"?add-to-cart=4956\" data-quantity=\"1\" data-product_id=\"4956\" data-product_sku=\"\" class=\"product_loop_button product_type_simple add_to_cart_button ajax_add_to_cart\"><i class=\"mk-theme-icon-cart2\"><\/i>A\u00f1adir al carrito<\/a>\t\t<\/div>\n<\/div>\n<\/li>\n\n\n\n<li class=\"two-column post-5374 product type-product status-publish has-post-thumbnail product_cat-ofertas product_cat-tableros last instock downloadable virtual taxable purchasable product-type-simple\" style=\"max-width:570px\">\n\t<div class=\"item-holder\">\n\n\t<a href=\"https:\/\/theheroplan.com\/es\/tienda-thp\/tableros\/kit-virtual-el-plan-del-heroe-v5-1\/\" class=\"woocommerce-LoopProduct-link woocommerce-loop-product__link\">\n\t\t<span class=\"product-loading-icon\"><\/span>\n\n\t\t<a href=\"https:\/\/theheroplan.com\/es\/tienda-thp\/tableros\/kit-virtual-el-plan-del-heroe-v5-1\/\" class=\"product-loop-thumb\"><img decoding=\"async\" src=\"https:\/\/theheroplan.com\/es\/wp-content\/uploads\/sites\/2\/bfi_thumb\/shop_products_THPVirtualKit_5.1_spa-og13hoqwo67qdp28p8m32o3etxwyg84s11anjgdgso.jpg\" class=\"product-loop-image\" alt=\"KIT Virtual El Plan del H\u00e9roe v5.1\" title=\"KIT Virtual El Plan del H\u00e9roe v5.1\" itemprop=\"image\"><img decoding=\"async\" src=\"https:\/\/theheroplan.com\/es\/wp-content\/uploads\/sites\/2\/bfi_thumb\/bg_virtualkitv501_detail_01_spa-ofvto62r4bn59f4nnevjz30rljgiwnjci9bpwwi0co.jpg\" alt=\"KIT Virtual El Plan del H\u00e9roe v5.1\" class=\"product-hover-image\" title=\"KIT Virtual El Plan del H\u00e9roe v5.1\" ><span class=\"product-hover-items\"><span class=\"mk-love-this \" id=\"mk-love-5374\"><i class=\"mk-icon-heart\"><\/i> <span class=\"mk-love-count\">1<\/span><\/span><\/span><\/a>\n\n\n\n\t\t<div class=\"product-item-details\">\n\n\t\t\t<h3><a href=\"https:\/\/theheroplan.com\/es\/tienda-thp\/tableros\/kit-virtual-el-plan-del-heroe-v5-1\/\">KIT Virtual El Plan del H\u00e9roe v5.1<\/a><\/h3>\n\n\t\t\t\n\t<span class=\"price\"><span class=\"woocommerce-Price-amount amount\"><bdi>12,95&nbsp;<span class=\"woocommerce-Price-currencySymbol\">&euro;<\/span><\/bdi><\/span><\/span>\n\n\t\t\t<\/a><a rel=\"nofollow\" href=\"?add-to-cart=5374\" data-quantity=\"1\" data-product_id=\"5374\" data-product_sku=\"\" class=\"product_loop_button product_type_simple add_to_cart_button ajax_add_to_cart\"><i class=\"mk-theme-icon-cart2\"><\/i>A\u00f1adir al carrito<\/a>\t\t<\/div>\n<\/div>\n<\/li>\n\n\n\n<li class=\"two-column post-5386 product type-product status-publish has-post-thumbnail product_cat-libros product_cat-ofertas product_cat-packs last instock downloadable virtual taxable purchasable product-type-simple\" style=\"max-width:570px\">\n\t<div class=\"item-holder\">\n\n\t<a href=\"https:\/\/theheroplan.com\/es\/tienda-thp\/libros\/the-fighting-box-version-digital-esp\/\" class=\"woocommerce-LoopProduct-link woocommerce-loop-product__link\">\n\t\t<span class=\"product-loading-icon\"><\/span>\n\n\t\t<a href=\"https:\/\/theheroplan.com\/es\/tienda-thp\/libros\/the-fighting-box-version-digital-esp\/\" class=\"product-loop-thumb\"><img decoding=\"async\" src=\"https:\/\/theheroplan.com\/es\/wp-content\/uploads\/sites\/2\/bfi_thumb\/shop_products_TFB_Digital_spa-og12smduf7wgs1gz2ek8kzswk1gl6smgkz0ittjeq0.jpg\" class=\"product-loop-image\" alt=\"The Fighting Box \u00b7 Versi\u00f3n digital Espa\u00f1ol\" title=\"The Fighting Box \u00b7 Versi\u00f3n digital Espa\u00f1ol\" itemprop=\"image\"><span class=\"product-hover-items\"><span class=\"mk-love-this \" id=\"mk-love-5386\"><i class=\"mk-icon-heart\"><\/i> <span class=\"mk-love-count\">1<\/span><\/span><\/span><\/a>\n\n\n\n\t\t<div class=\"product-item-details\">\n\n\t\t\t<h3><a href=\"https:\/\/theheroplan.com\/es\/tienda-thp\/libros\/the-fighting-box-version-digital-esp\/\">The Fighting Box \u00b7 Versi\u00f3n digital Espa\u00f1ol<\/a><\/h3>\n\n\t\t\t\n\t<span class=\"price\"><span class=\"woocommerce-Price-amount amount\"><bdi>49,95&nbsp;<span class=\"woocommerce-Price-currencySymbol\">&euro;<\/span><\/bdi><\/span><\/span>\n\n\t\t\t<\/a><a rel=\"nofollow\" href=\"?add-to-cart=5386\" data-quantity=\"1\" data-product_id=\"5386\" data-product_sku=\"\" class=\"product_loop_button product_type_simple add_to_cart_button ajax_add_to_cart\"><i class=\"mk-theme-icon-cart2\"><\/i>A\u00f1adir al carrito<\/a>\t\t<\/div>\n<\/div>\n<\/li>\n\n\n\n<li class=\"two-column post-5392 product type-product status-publish has-post-thumbnail product_cat-libros product_cat-ofertas product_cat-packs last instock downloadable virtual taxable purchasable product-type-simple\" style=\"max-width:570px\">\n\t<div class=\"item-holder\">\n\n\t<a href=\"https:\/\/theheroplan.com\/es\/tienda-thp\/libros\/the-fighting-box-version-digital-italiano\/\" class=\"woocommerce-LoopProduct-link woocommerce-loop-product__link\">\n\t\t<span class=\"product-loading-icon\"><\/span>\n\n\t\t<a href=\"https:\/\/theheroplan.com\/es\/tienda-thp\/libros\/the-fighting-box-version-digital-italiano\/\" class=\"product-loop-thumb\"><img decoding=\"async\" src=\"https:\/\/theheroplan.com\/es\/wp-content\/uploads\/sites\/2\/bfi_thumb\/shop_products_TFB_Digital_it-oh8f00bvl0tjrr7gz2egdcljzzk2rp9avq8g6hldu0.jpg\" class=\"product-loop-image\" alt=\"The Fighting Box \u00b7 Versi\u00f3n digital Italiano\" title=\"The Fighting Box \u00b7 Versi\u00f3n digital Italiano\" itemprop=\"image\"><span class=\"product-hover-items\"><span class=\"mk-love-this \" id=\"mk-love-5392\"><i class=\"mk-icon-heart\"><\/i> <span class=\"mk-love-count\">2<\/span><\/span><\/span><\/a>\n\n\n\n\t\t<div class=\"product-item-details\">\n\n\t\t\t<h3><a href=\"https:\/\/theheroplan.com\/es\/tienda-thp\/libros\/the-fighting-box-version-digital-italiano\/\">The Fighting Box \u00b7 Versi\u00f3n digital Italiano<\/a><\/h3>\n\n\t\t\t\n\t<span class=\"price\"><span class=\"woocommerce-Price-amount amount\"><bdi>49,95&nbsp;<span class=\"woocommerce-Price-currencySymbol\">&euro;<\/span><\/bdi><\/span><\/span>\n\n\t\t\t<\/a><a rel=\"nofollow\" href=\"?add-to-cart=5392\" data-quantity=\"1\" data-product_id=\"5392\" data-product_sku=\"\" class=\"product_loop_button product_type_simple add_to_cart_button ajax_add_to_cart\"><i class=\"mk-theme-icon-cart2\"><\/i>A\u00f1adir al carrito<\/a>\t\t<\/div>\n<\/div>\n<\/li>\n\n\n\n<li class=\"two-column post-5395 product type-product status-publish has-post-thumbnail product_cat-libros product_cat-ofertas product_cat-packs last instock downloadable taxable shipping-taxable purchasable product-type-simple\" style=\"max-width:570px\">\n\t<div class=\"item-holder\">\n\n\t<a href=\"https:\/\/theheroplan.com\/es\/tienda-thp\/libros\/the-fighting-box-%c2%b7-version-impresa-digital-espanol\/\" class=\"woocommerce-LoopProduct-link woocommerce-loop-product__link\">\n\t\t<span class=\"product-loading-icon\"><\/span>\n\n\t\t<a href=\"https:\/\/theheroplan.com\/es\/tienda-thp\/libros\/the-fighting-box-%c2%b7-version-impresa-digital-espanol\/\" class=\"product-loop-thumb\"><img decoding=\"async\" src=\"https:\/\/theheroplan.com\/es\/wp-content\/uploads\/sites\/2\/bfi_thumb\/shop_products_TFB_ImpresaDigital_spa_02-oimwfky68y8h6i09whtiexh4ffdntg6qc5alufh9oo.jpg\" class=\"product-loop-image\" alt=\"The Fighting Box \u00b7 Versi\u00f3n impresa + digital Espa\u00f1ol\" title=\"The Fighting Box \u00b7 Versi\u00f3n impresa + digital Espa\u00f1ol\" itemprop=\"image\"><span class=\"product-hover-items\"><span class=\"mk-love-this \" id=\"mk-love-5395\"><i class=\"mk-icon-heart\"><\/i> <span class=\"mk-love-count\">2<\/span><\/span><\/span><\/a>\n\n\n\n\t\t<div class=\"product-item-details\">\n\n\t\t\t<h3><a href=\"https:\/\/theheroplan.com\/es\/tienda-thp\/libros\/the-fighting-box-%c2%b7-version-impresa-digital-espanol\/\">The Fighting Box \u00b7 Versi\u00f3n impresa + digital Espa\u00f1ol<\/a><\/h3>\n\n\t\t\t\n\t<span class=\"price\"><span class=\"woocommerce-Price-amount amount\"><bdi>84,95&nbsp;<span class=\"woocommerce-Price-currencySymbol\">&euro;<\/span><\/bdi><\/span><\/span>\n\n\t\t\t<\/a><a rel=\"nofollow\" href=\"?add-to-cart=5395\" data-quantity=\"1\" data-product_id=\"5395\" data-product_sku=\"\" class=\"product_loop_button product_type_simple add_to_cart_button ajax_add_to_cart\"><i class=\"mk-theme-icon-cart2\"><\/i>A\u00f1adir al carrito<\/a>\t\t<\/div>\n<\/div>\n<\/li>\n\n\n<\/ul>\n<\/div>[\/vc_column_text][\/vc_column_inner][\/vc_row_inner][mk_padding_divider size=\u00bb100&#8243;][mk_fancy_title style=\u00bbstroke\u00bb corner_style=\u00bbrounded\u00bb tag_name=\u00bbh1&#8243; border_width=\u00bb1&#8243; size=\u00bb22&#8243; line_height=\u00bb30&#8243; color=\u00bb#ffffff\u00bb font_weight=\u00bb300&#8243; font_family=\u00bbnone\u00bb margin_top=\u00bb20&#8243; margin_bottom=\u00bb30&#8243; align=\u00bbcenter\u00bb el_class=\u00bblightColor\u00bb]<strong>Versiones epub y kindle<\/strong><br \/>\n[\/mk_fancy_title][vc_row_inner][vc_column_inner width=\u00bb1\/2&#8243;][mk_fancy_title tag_name=\u00bbh2&#8243; size=\u00bb60&#8243; line_height=\u00bb68&#8243; color=\u00bb#ffffff\u00bb font_weight=\u00bbnormal\u00bb font_family=\u00bbnone\u00bb margin_top=\u00bb20&#8243; margin_bottom=\u00bb20&#8243; align=\u00bbcenter\u00bb el_class=\u00bblightColor\u00bb]ESPA\u00d1OL[\/mk_fancy_title][mk_image src=\u00bbhttp:\/\/theheroplan.com\/en\/wp-content\/uploads\/sites\/3\/2014\/06\/btnAmazon_red.png\u00bb crop=\u00bbfalse\u00bb hover=\u00bbfalse\u00bb custom_url=\u00bbhttps:\/\/www.amazon.es\/Plan-del-H%C3%A9roe-gamificado-estrategia-ebook\/dp\/B01KAH6UI8\/&#038;tag=thhepl-21&#8243; align=\u00bbcenter\u00bb][mk_image src=\u00bbhttp:\/\/theheroplan.com\/en\/wp-content\/uploads\/sites\/3\/2014\/06\/btn_ibookstore_red.png\u00bb crop=\u00bbfalse\u00bb hover=\u00bbfalse\u00bb custom_url=\u00bbhttp:\/\/itunes.apple.com\/us\/book\/id1143533119&#8243; align=\u00bbcenter\u00bb][\/vc_column_inner][vc_column_inner width=\u00bb1\/2&#8243;][mk_fancy_title tag_name=\u00bbh2&#8243; size=\u00bb60&#8243; line_height=\u00bb68&#8243; color=\u00bb#ffffff\u00bb font_weight=\u00bbnormal\u00bb font_family=\u00bbnone\u00bb margin_top=\u00bb20&#8243; margin_bottom=\u00bb20&#8243; align=\u00bbcenter\u00bb el_class=\u00bblightColor\u00bb]ENGLISH<br \/>\n[\/mk_fancy_title][mk_image src=\u00bbhttp:\/\/theheroplan.com\/en\/wp-content\/uploads\/sites\/3\/2014\/06\/btnAmazon_red.png\u00bb crop=\u00bbfalse\u00bb hover=\u00bbfalse\u00bb custom_url=\u00bbhttps:\/\/www.amazon.com\/gp\/product\/B01LYMTITM\/ref=as_li_tl?ie=UTF8&#038;camp=1789&#038;creative=9325&#038;creativeASIN=B01LYMTITM&#038;linkCode=as2&#038;tag=theheroplan-20&#038;linkId=dfdc3a3f5187e67fba4812e229883204&#8243; align=\u00bbcenter\u00bb][mk_image src=\u00bbhttp:\/\/theheroplan.com\/en\/wp-content\/uploads\/sites\/3\/2014\/06\/btn_ibookstore_red.png\u00bb crop=\u00bbfalse\u00bb hover=\u00bbfalse\u00bb custom_url=\u00bbhttps:\/\/itunes.apple.com\/us\/book\/the-hero-plan\/id1158850877&#8243; align=\u00bbcenter\u00bb][\/vc_column_inner][\/vc_row_inner][mk_padding_divider size=\u00bb100&#8243;][\/vc_column][\/mk_page_section][mk_page_section bg_color=\u00bb#ed1c24&#8243; padding=\u00bb60&#8243;][vc_column][vc_row_inner][vc_column_inner width=\u00bb2\/3&#8243;][vc_column_text el_class=\u00bbmyCallToActionText lightColor\u00bb]Inf\u00f3rmate sobre las posibilidades de nuestra tienda para el env\u00edo de productos f\u00edsicos fuera de Espa\u00f1a[\/vc_column_text][\/vc_column_inner][vc_column_inner width=\u00bb1\/3&#8243;][mk_button corner_style=\u00bbrounded\u00bb size=\u00bblarge\u00bb bg_color=\u00bb#ffffff\u00bb txt_color=\u00bb#ed1c24&#8243; icon=\u00bbicon-envelope\u00bb url=\u00bbhttp:\/\/theheroplan.com\/es\/contacto\/\u00bb align=\u00bbcenter\u00bb el_class=\u00bbmyCallToActionBtn\u00bb]CONTACTAR Ahora[\/mk_button][\/vc_column_inner][\/vc_row_inner][\/vc_column][\/mk_page_section]\n","protected":false},"excerpt":{"rendered":"<p>[mk_page_section bg_image=\u00bbhttp:\/\/theheroplan.com\/en\/wp-content\/uploads\/sites\/2\/2014\/04\/bgC.jpg\u00bb bg_position=\u00bbright bottom\u00bb bg_repeat=\u00bbno-repeat\u00bb bg_stretch=\u00bbtrue\u00bb padding=\u00bb110&#8243;][vc_column][mk_image src=\u00bbhttp:\/\/theheroplan.com\/es\/wp-content\/uploads\/sites\/2\/2014\/04\/shop_02.png\u00bb image_width=\u00bb368&#8243; image_height=\u00bb360&#8243; crop=\u00bbfalse\u00bb hover=\u00bbfalse\u00bb align=\u00bbcenter\u00bb margin_bottom=\u00bb30&#8243;][vc_row_inner][vc_column_inner][vc_column_text][\/vc_column_text][\/vc_column_inner][\/vc_row_inner][mk_padding_divider size=\u00bb100&#8243;][mk_fancy_title style=\u00bbstroke\u00bb corner_style=\u00bbrounded\u00bb tag_name=\u00bbh1&#8243; border_width=\u00bb1&#8243; size=\u00bb22&#8243; line_height=\u00bb30&#8243; color=\u00bb#ffffff\u00bb font_weight=\u00bb300&#8243; font_family=\u00bbnone\u00bb margin_top=\u00bb20&#8243; margin_bottom=\u00bb30&#8243; align=\u00bbcenter\u00bb el_class=\u00bblightColor\u00bb]Versiones epub y kindle [\/mk_fancy_title][vc_row_inner][vc_column_inner width=\u00bb1\/2&#8243;][mk_fancy_title tag_name=\u00bbh2&#8243; size=\u00bb60&#8243; line_height=\u00bb68&#8243; color=\u00bb#ffffff\u00bb font_weight=\u00bbnormal\u00bb font_family=\u00bbnone\u00bb margin_top=\u00bb20&#8243; margin_bottom=\u00bb20&#8243; align=\u00bbcenter\u00bb el_class=\u00bblightColor\u00bb]ESPA\u00d1OL[\/mk_fancy_title][mk_image src=\u00bbhttp:\/\/theheroplan.com\/en\/wp-content\/uploads\/sites\/3\/2014\/06\/btnAmazon_red.png\u00bb crop=\u00bbfalse\u00bb hover=\u00bbfalse\u00bb custom_url=\u00bbhttps:\/\/www.amazon.es\/Plan-del-H%C3%A9roe-gamificado-estrategia-ebook\/dp\/B01KAH6UI8\/&#038;tag=thhepl-21&#8243; align=\u00bbcenter\u00bb][mk_image src=\u00bbhttp:\/\/theheroplan.com\/en\/wp-content\/uploads\/sites\/3\/2014\/06\/btn_ibookstore_red.png\u00bb crop=\u00bbfalse\u00bb hover=\u00bbfalse\u00bb custom_url=\u00bbhttp:\/\/itunes.apple.com\/us\/book\/id1143533119&#8243; align=\u00bbcenter\u00bb][\/vc_column_inner][vc_column_inner width=\u00bb1\/2&#8243;][mk_fancy_title tag_name=\u00bbh2&#8243; [&hellip;]<\/p>\n","protected":false},"author":1,"featured_media":651,"parent":0,"menu_order":0,"comment_status":"closed","ping_status":"closed","template":"","meta":{"footnotes":""},"yoast_head":"<!-- This site is optimized with the Yoast SEO plugin v22.8 - https:\/\/yoast.com\/wordpress\/plugins\/seo\/ -->\n<title>Tienda - EL PLAN DEL H\u00c9ROE<\/title>\n<meta name=\"description\" content=\"Adquiere en nuestra tienda todas las armas que necesitas para la batalla, y dise\u00f1a con El Plan del H\u00e9roe tu estrategia ganadora: el libro, tableros,...\" \/>\n<meta name=\"robots\" content=\"index, follow, max-snippet:-1, max-image-preview:large, max-video-preview:-1\" \/>\n<link rel=\"canonical\" href=\"https:\/\/theheroplan.com\/es\/tienda-thp\/\" \/>\n<meta property=\"og:locale\" content=\"es_ES\" \/>\n<meta property=\"og:type\" content=\"article\" \/>\n<meta property=\"og:title\" content=\"Tienda - EL PLAN DEL H\u00c9ROE\" \/>\n<meta property=\"og:description\" content=\"Adquiere en nuestra tienda todas las armas que necesitas para la batalla, y dise\u00f1a con El Plan del H\u00e9roe tu estrategia ganadora: el libro, tableros,...\" \/>\n<meta property=\"og:url\" content=\"https:\/\/theheroplan.com\/es\/tienda-thp\/\" \/>\n<meta property=\"og:site_name\" content=\"EL PLAN DEL H\u00c9ROE\" \/>\n<meta property=\"article:modified_time\" content=\"2016-11-29T09:35:34+00:00\" \/>\n<meta property=\"og:image\" content=\"https:\/\/theheroplan.com\/es\/wp-content\/uploads\/sites\/2\/2014\/04\/shop_02.png\" \/>\n\t<meta property=\"og:image:width\" content=\"368\" \/>\n\t<meta property=\"og:image:height\" content=\"360\" \/>\n\t<meta property=\"og:image:type\" content=\"image\/png\" \/>\n<meta name=\"twitter:card\" content=\"summary_large_image\" \/>\n<meta name=\"twitter:site\" content=\"@MrVecino\" \/>\n<meta name=\"twitter:label1\" content=\"Tiempo de lectura\" \/>\n\t<meta name=\"twitter:data1\" content=\"2 minutos\" \/>\n<script type=\"application\/ld+json\" class=\"yoast-schema-graph\">{\"@context\":\"https:\/\/schema.org\",\"@graph\":[{\"@type\":\"WebPage\",\"@id\":\"https:\/\/theheroplan.com\/es\/tienda-thp\/\",\"url\":\"https:\/\/theheroplan.com\/es\/tienda-thp\/\",\"name\":\"Tienda - EL PLAN DEL H\u00c9ROE\",\"isPartOf\":{\"@id\":\"https:\/\/theheroplan.com\/es\/#website\"},\"primaryImageOfPage\":{\"@id\":\"https:\/\/theheroplan.com\/es\/tienda-thp\/#primaryimage\"},\"image\":{\"@id\":\"https:\/\/theheroplan.com\/es\/tienda-thp\/#primaryimage\"},\"thumbnailUrl\":\"https:\/\/theheroplan.com\/es\/wp-content\/uploads\/sites\/2\/2014\/04\/shop_02.png\",\"datePublished\":\"2014-05-26T17:19:38+00:00\",\"dateModified\":\"2016-11-29T09:35:34+00:00\",\"description\":\"Adquiere en nuestra tienda todas las armas que necesitas para la batalla, y dise\u00f1a con El Plan del H\u00e9roe tu estrategia ganadora: el libro, tableros,...\",\"inLanguage\":\"es\",\"potentialAction\":[{\"@type\":\"ReadAction\",\"target\":[\"https:\/\/theheroplan.com\/es\/tienda-thp\/\"]}]},{\"@type\":\"ImageObject\",\"inLanguage\":\"es\",\"@id\":\"https:\/\/theheroplan.com\/es\/tienda-thp\/#primaryimage\",\"url\":\"https:\/\/theheroplan.com\/es\/wp-content\/uploads\/sites\/2\/2014\/04\/shop_02.png\",\"contentUrl\":\"https:\/\/theheroplan.com\/es\/wp-content\/uploads\/sites\/2\/2014\/04\/shop_02.png\",\"width\":368,\"height\":360,\"caption\":\"Tienda\"},{\"@type\":\"WebSite\",\"@id\":\"https:\/\/theheroplan.com\/es\/#website\",\"url\":\"https:\/\/theheroplan.com\/es\/\",\"name\":\"EL PLAN DEL H\u00c9ROE\",\"description\":\"Estrategia \u00e1gil + Neuromarketing + Gamification\",\"potentialAction\":[{\"@type\":\"SearchAction\",\"target\":{\"@type\":\"EntryPoint\",\"urlTemplate\":\"https:\/\/theheroplan.com\/es\/?s={search_term_string}\"},\"query-input\":\"required name=search_term_string\"}],\"inLanguage\":\"es\"}]}<\/script>\n<!-- \/ Yoast SEO plugin. -->","yoast_head_json":{"title":"Tienda - EL PLAN DEL H\u00c9ROE","description":"Adquiere en nuestra tienda todas las armas que necesitas para la batalla, y dise\u00f1a con El Plan del H\u00e9roe tu estrategia ganadora: el libro, tableros,...","robots":{"index":"index","follow":"follow","max-snippet":"max-snippet:-1","max-image-preview":"max-image-preview:large","max-video-preview":"max-video-preview:-1"},"canonical":"https:\/\/theheroplan.com\/es\/tienda-thp\/","og_locale":"es_ES","og_type":"article","og_title":"Tienda - EL PLAN DEL H\u00c9ROE","og_description":"Adquiere en nuestra tienda todas las armas que necesitas para la batalla, y dise\u00f1a con El Plan del H\u00e9roe tu estrategia ganadora: el libro, tableros,...","og_url":"https:\/\/theheroplan.com\/es\/tienda-thp\/","og_site_name":"EL PLAN DEL H\u00c9ROE","article_modified_time":"2016-11-29T09:35:34+00:00","og_image":[{"width":368,"height":360,"url":"https:\/\/theheroplan.com\/es\/wp-content\/uploads\/sites\/2\/2014\/04\/shop_02.png","type":"image\/png"}],"twitter_card":"summary_large_image","twitter_site":"@MrVecino","twitter_misc":{"Tiempo de lectura":"2 minutos"},"schema":{"@context":"https:\/\/schema.org","@graph":[{"@type":"WebPage","@id":"https:\/\/theheroplan.com\/es\/tienda-thp\/","url":"https:\/\/theheroplan.com\/es\/tienda-thp\/","name":"Tienda - EL PLAN DEL H\u00c9ROE","isPartOf":{"@id":"https:\/\/theheroplan.com\/es\/#website"},"primaryImageOfPage":{"@id":"https:\/\/theheroplan.com\/es\/tienda-thp\/#primaryimage"},"image":{"@id":"https:\/\/theheroplan.com\/es\/tienda-thp\/#primaryimage"},"thumbnailUrl":"https:\/\/theheroplan.com\/es\/wp-content\/uploads\/sites\/2\/2014\/04\/shop_02.png","datePublished":"2014-05-26T17:19:38+00:00","dateModified":"2016-11-29T09:35:34+00:00","description":"Adquiere en nuestra tienda todas las armas que necesitas para la batalla, y dise\u00f1a con El Plan del H\u00e9roe tu estrategia ganadora: el libro, tableros,...","inLanguage":"es","potentialAction":[{"@type":"ReadAction","target":["https:\/\/theheroplan.com\/es\/tienda-thp\/"]}]},{"@type":"ImageObject","inLanguage":"es","@id":"https:\/\/theheroplan.com\/es\/tienda-thp\/#primaryimage","url":"https:\/\/theheroplan.com\/es\/wp-content\/uploads\/sites\/2\/2014\/04\/shop_02.png","contentUrl":"https:\/\/theheroplan.com\/es\/wp-content\/uploads\/sites\/2\/2014\/04\/shop_02.png","width":368,"height":360,"caption":"Tienda"},{"@type":"WebSite","@id":"https:\/\/theheroplan.com\/es\/#website","url":"https:\/\/theheroplan.com\/es\/","name":"EL PLAN DEL H\u00c9ROE","description":"Estrategia \u00e1gil + Neuromarketing + Gamification","potentialAction":[{"@type":"SearchAction","target":{"@type":"EntryPoint","urlTemplate":"https:\/\/theheroplan.com\/es\/?s={search_term_string}"},"query-input":"required name=search_term_string"}],"inLanguage":"es"}]}},"_links":{"self":[{"href":"https:\/\/theheroplan.com\/es\/wp-json\/wp\/v2\/pages\/939"}],"collection":[{"href":"https:\/\/theheroplan.com\/es\/wp-json\/wp\/v2\/pages"}],"about":[{"href":"https:\/\/theheroplan.com\/es\/wp-json\/wp\/v2\/types\/page"}],"author":[{"embeddable":true,"href":"https:\/\/theheroplan.com\/es\/wp-json\/wp\/v2\/users\/1"}],"replies":[{"embeddable":true,"href":"https:\/\/theheroplan.com\/es\/wp-json\/wp\/v2\/comments?post=939"}],"version-history":[{"count":47,"href":"https:\/\/theheroplan.com\/es\/wp-json\/wp\/v2\/pages\/939\/revisions"}],"predecessor-version":[{"id":4881,"href":"https:\/\/theheroplan.com\/es\/wp-json\/wp\/v2\/pages\/939\/revisions\/4881"}],"wp:featuredmedia":[{"embeddable":true,"href":"https:\/\/theheroplan.com\/es\/wp-json\/wp\/v2\/media\/651"}],"wp:attachment":[{"href":"https:\/\/theheroplan.com\/es\/wp-json\/wp\/v2\/media?parent=939"}],"curies":[{"name":"wp","href":"https:\/\/api.w.org\/{rel}","templated":true}]}}