{"id":6,"date":"2014-04-29T08:54:33","date_gmt":"2014-04-29T06:54:33","guid":{"rendered":"http:\/\/theheroplan.com\/es\/?page_id=6"},"modified":"2020-01-03T11:33:16","modified_gmt":"2020-01-03T10:33:16","slug":"home","status":"publish","type":"page","link":"https:\/\/theheroplan.com\/es\/","title":{"rendered":"El Plan del H\u00e9roe"},"content":{"rendered":"[mk_page_section bg_image=\u00bbhttp:\/\/theheroplan.com\/es\/wp-content\/uploads\/sites\/2\/2014\/04\/bgWakigami_02.jpg\u00bb bg_position=\u00bbcenter center\u00bb bg_stretch=\u00bbtrue\u00bb padding=\u00bb100&#8243; visibility=\u00bbhidden-sm\u00bb][vc_column width=\u00bb1\/2&#8243;][mk_fancy_title style=\u00bbstroke\u00bb corner_style=\u00bbrounded\u00bb tag_name=\u00bbh1&#8243; border_width=\u00bb1&#8243; size=\u00bb22&#8243; line_height=\u00bb30&#8243; color=\u00bb#ffffff\u00bb font_weight=\u00bb300&#8243; font_family=\u00bbnone\u00bb margin_top=\u00bb20&#8243; margin_bottom=\u00bb30&#8243; align=\u00bbcenter\u00bb el_class=\u00bblightColor\u00bb]<strong>TENEMOS NUEVA WEB<\/strong>[\/mk_fancy_title][mk_fancy_title tag_name=\u00bbh2&#8243; size=\u00bb50&#8243; line_height=\u00bb58&#8243; color=\u00bb#ffffff\u00bb font_weight=\u00bbnormal\u00bb font_family=\u00bbnone\u00bb margin_top=\u00bb20&#8243; margin_bottom=\u00bb30&#8243; align=\u00bbcenter\u00bb el_class=\u00bblightColor\u00bb]<strong>WAKIGAMI<\/strong><br \/>\nFIGHTING CHALLENGES<\/p>\n[\/mk_fancy_title][mk_fancy_text highlight_color=\u00bb#000000&#8243; highlight_opacity=\u00bb0&#8243; line_height=\u00bb26&#8243; margin_top=\u00bb10&#8243; margin_bottom=\u00bb30&#8243; font_family=\u00bbnone\u00bb align=\u00bbcenter\u00bb el_class=\u00bblightColor\u00bb]\n<p><strong>Supera tus retos empresariales en tiempo r\u00e9cord.<\/strong><\/p>\n[\/mk_fancy_text][mk_button corner_style=\u00bbrounded\u00bb size=\u00bblarge\u00bb bg_color=\u00bb#ed1c24&#8243; txt_color=\u00bb#ffffff\u00bb url=\u00bbhttp:\/\/wakigami.com\/es\/\u00bb align=\u00bbcenter\u00bb]IR A LA NUEVA WEB ![\/mk_button][mk_padding_divider size=\u00bb50&#8243;][\/vc_column][vc_column width=\u00bb1\/2&#8243;][\/vc_column][\/mk_page_section][mk_page_section bg_color=\u00bb#000000&#8243; padding=\u00bb40&#8243;][vc_column][vc_row_inner][vc_column_inner width=\u00bb1\/3&#8243; css=\u00bb.vc_custom_1464275306561{padding-right: 40px !important;}\u00bb][mk_image src=\u00bbhttp:\/\/theheroplan.com\/es\/wp-content\/uploads\/sites\/2\/2014\/04\/testimonial_AshMaurya.jpg\u00bb image_width=\u00bb150&#8243; image_height=\u00bb205&#8243; crop=\u00bbfalse\u00bb hover=\u00bbfalse\u00bb margin_bottom=\u00bb0&#8243;][mk_fancy_title style=\u00bbstroke\u00bb corner_style=\u00bbrounded\u00bb tag_name=\u00bbh4&#8243; border_width=\u00bb1&#8243; size=\u00bb16&#8243; color=\u00bb#ffffff\u00bb font_weight=\u00bb300&#8243; font_family=\u00bbnone\u00bb margin_top=\u00bb7&#8243; margin_bottom=\u00bb20&#8243; responsive_align=\u00bbleft\u00bb el_class=\u00bblightColor\u00bb]<strong>ASH MAURYA<\/strong> \u00b7\u00a0Running Lean<br \/>\n[\/mk_fancy_title][vc_column_text el_class=\u00bblightColor\u00bb]\n<p class=\"small\"><strong>Foco Foco Foco<\/strong><br \/>\nEnf\u00f3cate en una diferenciaci\u00f3n memorable que realmente importe a tus clientes<\/p>\n[\/vc_column_text][\/vc_column_inner][vc_column_inner width=\u00bb1\/3&#8243; css=\u00bb.vc_custom_1464275300981{padding-right: 40px !important;}\u00bb][mk_image src=\u00bbhttp:\/\/theheroplan.com\/es\/wp-content\/uploads\/sites\/2\/2014\/04\/testimonial_AlexOsterwalder.jpg\u00bb image_width=\u00bb150&#8243; image_height=\u00bb205&#8243; crop=\u00bbfalse\u00bb hover=\u00bbfalse\u00bb margin_bottom=\u00bb0&#8243;][mk_fancy_title style=\u00bbstroke\u00bb corner_style=\u00bbrounded\u00bb tag_name=\u00bbh4&#8243; border_width=\u00bb1&#8243; size=\u00bb16&#8243; color=\u00bb#ffffff\u00bb font_weight=\u00bb300&#8243; font_family=\u00bbnone\u00bb margin_top=\u00bb7&#8243; margin_bottom=\u00bb20&#8243; responsive_align=\u00bbleft\u00bb el_class=\u00bblightColor\u00bb]<strong>ALEX OSTERWALDER<\/strong> \u00b7\u00a0Strategizer[\/mk_fancy_title][vc_column_text el_class=\u00bblightColor\u00bb]\n<p class=\"small\"><strong>Estrategia \u00e1gil y Gamification<\/strong><br \/>\nThe Hero Plan, un m\u00e9todo gamificado y sistem\u00e1tico con el que dise\u00f1ar y testear tu estrategia<\/p>\n[\/vc_column_text][\/vc_column_inner][vc_column_inner width=\u00bb1\/3&#8243; css=\u00bb.vc_custom_1464275313300{padding-right: 40px !important;}\u00bb][mk_image src=\u00bbhttp:\/\/theheroplan.com\/es\/wp-content\/uploads\/sites\/2\/2014\/04\/testimonial_SergioJimenez.jpg\u00bb image_width=\u00bb150&#8243; image_height=\u00bb205&#8243; crop=\u00bbfalse\u00bb hover=\u00bbfalse\u00bb margin_bottom=\u00bb0&#8243;][mk_fancy_title style=\u00bbstroke\u00bb corner_style=\u00bbrounded\u00bb tag_name=\u00bbh4&#8243; border_width=\u00bb1&#8243; size=\u00bb16&#8243; color=\u00bb#ffffff\u00bb font_weight=\u00bb300&#8243; font_family=\u00bbnone\u00bb margin_top=\u00bb7&#8243; margin_bottom=\u00bb20&#8243; responsive_align=\u00bbleft\u00bb el_class=\u00bblightColor\u00bb]<strong>SERGIO JIM\u00c9NEZ<\/strong> \u00b7\u00a0GamiWorld[\/mk_fancy_title][vc_column_text el_class=\u00bblightColor\u00bb]\n<p class=\"small\"><strong>Engagement total<\/strong><br \/>\nGamification para el dise\u00f1o de estrategias y modelos de negocio. \u00a1Brutalmente adictivo!<\/p>\n[\/vc_column_text][\/vc_column_inner][\/vc_row_inner][\/vc_column][\/mk_page_section][mk_page_section bg_image=\u00bbhttp:\/\/theheroplan.com\/es\/wp-content\/uploads\/sites\/2\/2014\/04\/bg_bookBig.jpg\u00bb bg_position=\u00bbright bottom\u00bb bg_stretch=\u00bbtrue\u00bb padding=\u00bb100&#8243;][vc_column][vc_row_inner][vc_column_inner width=\u00bb1\/2&#8243;][\/vc_column_inner][vc_column_inner width=\u00bb1\/2&#8243;][mk_padding_divider][mk_fancy_title style=\u00bbstroke\u00bb corner_style=\u00bbrounded\u00bb tag_name=\u00bbh1&#8243; border_width=\u00bb1&#8243; size=\u00bb22&#8243; line_height=\u00bb30&#8243; color=\u00bb#ffffff\u00bb font_weight=\u00bb300&#8243; font_family=\u00bbnone\u00bb margin_top=\u00bb20&#8243; margin_bottom=\u00bb30&#8243; align=\u00bbcenter\u00bb el_class=\u00bblightColor\u00bb]<strong>Estrategia \u00e1gil + Neuromarketing<\/strong><br \/>\n[\/mk_fancy_title][mk_fancy_title tag_name=\u00bbh2&#8243; size=\u00bb60&#8243; line_height=\u00bb68&#8243; color=\u00bb#ffffff\u00bb font_weight=\u00bbnormal\u00bb font_family=\u00bbnone\u00bb margin_top=\u00bb20&#8243; margin_bottom=\u00bb20&#8243; align=\u00bbcenter\u00bb el_class=\u00bblightColor\u00bb]EL PLAN DEL H\u00c9ROE<br \/>\n[\/mk_fancy_title][mk_fancy_title tag_name=\u00bbh6&#8243; size=\u00bb24&#8243; line_height=\u00bb32&#8243; color=\u00bb#ffffff\u00bb font_weight=\u00bbnormal\u00bb font_family=\u00bbnone\u00bb margin_top=\u00bb0&#8243; margin_bottom=\u00bb30&#8243; align=\u00bbcenter\u00bb el_class=\u00bblightColor\u00bb]<strong>Un camino gamificado y lean<\/strong><br \/>\nen busca de tu estrategia ganadora<br \/>\n[\/mk_fancy_title][mk_fancy_title tag_name=\u00bbh6&#8243; size=\u00bb18&#8243; line_height=\u00bb26&#8243; color=\u00bb#ffffff\u00bb font_weight=\u00bbnormal\u00bb font_family=\u00bbnone\u00bb margin_top=\u00bb0&#8243; margin_bottom=\u00bb30&#8243; align=\u00bbcenter\u00bb el_class=\u00bblightColor\u00bb]\u00a1Ahora tambi\u00e9n en ingl\u00e9s!<br \/>\n[\/mk_fancy_title][mk_button corner_style=\u00bbrounded\u00bb size=\u00bblarge\u00bb bg_color=\u00bb#ed1c24&#8243; txt_color=\u00bb#ffffff\u00bb icon=\u00bbmk-theme-icon-next-big\u00bb url=\u00bbhttp:\/\/theheroplan.com\/es\/tienda-thp\u00bb align=\u00bbcenter\u00bb]VISITAR La Tienda[\/mk_button][mk_button corner_style=\u00bbrounded\u00bb size=\u00bblarge\u00bb bg_color=\u00bb#ffffff\u00bb txt_color=\u00bb#ed1c24&#8243; icon=\u00bbmk-theme-icon-next-big\u00bb url=\u00bblibro\u00bb align=\u00bbcenter\u00bb]DESCUBRIR El Libro[\/mk_button][mk_padding_divider size=\u00bb20&#8243;][\/vc_column_inner][\/vc_row_inner][\/vc_column][\/mk_page_section][mk_page_section bg_color=\u00bb#000000&#8243; full_width=\u00bbtrue\u00bb][vc_column][mk_clients style=\u00bbgrid\u00bb count=\u00bb14&#8243; clients=\u00bb4796,3042,158,3045,2363,2673,3978,2584,2596,1142,1146,1157,3039,148&#8243; orderby=\u00bbrand\u00bb dimension=\u00bb140&#8243; cover=\u00bbtrue\u00bb][\/vc_column][\/mk_page_section][mk_page_section bg_image=\u00bbhttp:\/\/theheroplan.com\/es\/wp-content\/uploads\/sites\/2\/2014\/04\/bgFighting.jpg\u00bb bg_position=\u00bbcenter top\u00bb bg_stretch=\u00bbtrue\u00bb padding=\u00bb100&#8243; visibility=\u00bbhidden-dt\u00bb][vc_column width=\u00bb1\/2&#8243;][\/vc_column][vc_column width=\u00bb1\/2&#8243;][mk_fancy_title style=\u00bbstroke\u00bb corner_style=\u00bbrounded\u00bb tag_name=\u00bbh1&#8243; border_width=\u00bb1&#8243; size=\u00bb22&#8243; line_height=\u00bb30&#8243; color=\u00bb#ffffff\u00bb font_weight=\u00bb300&#8243; font_family=\u00bbnone\u00bb margin_top=\u00bb20&#8243; margin_bottom=\u00bb30&#8243; align=\u00bbcenter\u00bb el_class=\u00bblightColor\u00bb]<strong>Transformaci\u00f3n Corporativa<\/strong>[\/mk_fancy_title][mk_fancy_title tag_name=\u00bbh2&#8243; size=\u00bb50&#8243; line_height=\u00bb58&#8243; color=\u00bb#ffffff\u00bb font_weight=\u00bbnormal\u00bb font_family=\u00bbnone\u00bb margin_top=\u00bb20&#8243; margin_bottom=\u00bb30&#8243; align=\u00bbcenter\u00bb el_class=\u00bblightColor\u00bb]\u00bfMisi\u00f3n Imposible?[\/mk_fancy_title][mk_fancy_title tag_name=\u00bbh6&#8243; size=\u00bb18&#8243; line_height=\u00bb26&#8243; color=\u00bb#ffffff\u00bb font_weight=\u00bbnormal\u00bb font_family=\u00bbnone\u00bb margin_top=\u00bb0&#8243; margin_bottom=\u00bb15&#8243; align=\u00bbcenter\u00bb el_class=\u00bblightColor\u00bb]Daniel Vecino en el<br \/>\nII Congreso Internacional de<br \/>\n<strong>Gesti\u00f3n del Cambio y Transformaci\u00f3n Digital<\/strong>[\/mk_fancy_title][vc_row_inner][vc_column_inner width=\u00bb1\/2&#8243;][mk_button corner_style=\u00bbrounded\u00bb size=\u00bblarge\u00bb bg_color=\u00bb#ed1c24&#8243; txt_color=\u00bb#ffffff\u00bb icon=\u00bbmk-li-video\u00bb url=\u00bbhttp:\/\/theheroplan.com\/td\u00bb align=\u00bbcenter\u00bb]VER V\u00eddeo[\/mk_button][\/vc_column_inner][vc_column_inner width=\u00bb1\/2&#8243;][mk_button corner_style=\u00bbrounded\u00bb size=\u00bblarge\u00bb bg_color=\u00bb#ffffff\u00bb txt_color=\u00bb#ed1c24&#8243; url=\u00bbempresas\u00bb align=\u00bbcenter\u00bb]M\u00e1s Informaci\u00f3n[\/mk_button][\/vc_column_inner][\/vc_row_inner][mk_padding_divider size=\u00bb50&#8243;][\/vc_column][\/mk_page_section]\n","protected":false},"excerpt":{"rendered":"<p>[mk_page_section bg_image=\u00bbhttp:\/\/theheroplan.com\/es\/wp-content\/uploads\/sites\/2\/2014\/04\/bgWakigami_02.jpg\u00bb bg_position=\u00bbcenter center\u00bb bg_stretch=\u00bbtrue\u00bb padding=\u00bb100&#8243; visibility=\u00bbhidden-sm\u00bb][vc_column width=\u00bb1\/2&#8243;][mk_fancy_title style=\u00bbstroke\u00bb corner_style=\u00bbrounded\u00bb tag_name=\u00bbh1&#8243; border_width=\u00bb1&#8243; size=\u00bb22&#8243; line_height=\u00bb30&#8243; color=\u00bb#ffffff\u00bb font_weight=\u00bb300&#8243; font_family=\u00bbnone\u00bb margin_top=\u00bb20&#8243; margin_bottom=\u00bb30&#8243; align=\u00bbcenter\u00bb el_class=\u00bblightColor\u00bb]TENEMOS NUEVA WEB[\/mk_fancy_title][mk_fancy_title tag_name=\u00bbh2&#8243; size=\u00bb50&#8243; line_height=\u00bb58&#8243; color=\u00bb#ffffff\u00bb font_weight=\u00bbnormal\u00bb font_family=\u00bbnone\u00bb margin_top=\u00bb20&#8243; margin_bottom=\u00bb30&#8243; align=\u00bbcenter\u00bb el_class=\u00bblightColor\u00bb]WAKIGAMI FIGHTING CHALLENGES [\/mk_fancy_title][mk_fancy_text highlight_color=\u00bb#000000&#8243; highlight_opacity=\u00bb0&#8243; line_height=\u00bb26&#8243; margin_top=\u00bb10&#8243; margin_bottom=\u00bb30&#8243; font_family=\u00bbnone\u00bb align=\u00bbcenter\u00bb el_class=\u00bblightColor\u00bb] Supera tus retos empresariales en tiempo r\u00e9cord. [\/mk_fancy_text][mk_button corner_style=\u00bbrounded\u00bb size=\u00bblarge\u00bb bg_color=\u00bb#ed1c24&#8243; [&hellip;]<\/p>\n","protected":false},"author":1,"featured_media":3158,"parent":0,"menu_order":0,"comment_status":"closed","ping_status":"closed","template":"","meta":{"footnotes":""},"yoast_head":"<!-- This site is optimized with the Yoast SEO plugin v22.8 - https:\/\/yoast.com\/wordpress\/plugins\/seo\/ -->\n<title>EL PLAN DEL H\u00c9ROE<\/title>\n<meta name=\"description\" content=\"EL PLAN DEL H\u00c9ROE. Un camino gamificado y lean, en busca de tu estrategia ganadora. Estrategia \u00e1gil + Neuromarketing + Gamification\" \/>\n<meta name=\"robots\" content=\"index, follow, max-snippet:-1, max-image-preview:large, max-video-preview:-1\" \/>\n<link rel=\"canonical\" href=\"https:\/\/theheroplan.com\/es\/\" \/>\n<meta property=\"og:locale\" content=\"es_ES\" \/>\n<meta property=\"og:type\" content=\"article\" \/>\n<meta property=\"og:title\" content=\"EL PLAN DEL H\u00c9ROE\" \/>\n<meta property=\"og:description\" content=\"EL PLAN DEL H\u00c9ROE. Un camino gamificado y lean, en busca de tu estrategia ganadora. Estrategia \u00e1gil + Neuromarketing + Gamification\" \/>\n<meta property=\"og:url\" content=\"https:\/\/theheroplan.com\/es\/\" \/>\n<meta property=\"og:site_name\" content=\"EL PLAN DEL H\u00c9ROE\" \/>\n<meta property=\"article:modified_time\" content=\"2020-01-03T10:33:16+00:00\" \/>\n<meta property=\"og:image\" content=\"https:\/\/theheroplan.com\/es\/wp-content\/uploads\/sites\/2\/2015\/12\/banner_book_3ed.jpg\" \/>\n\t<meta property=\"og:image:width\" content=\"718\" \/>\n\t<meta property=\"og:image:height\" content=\"500\" \/>\n\t<meta property=\"og:image:type\" content=\"image\/jpeg\" \/>\n<meta name=\"twitter:card\" content=\"summary_large_image\" \/>\n<meta name=\"twitter:site\" content=\"@MrVecino\" \/>\n<meta name=\"twitter:label1\" content=\"Tiempo de lectura\" \/>\n\t<meta name=\"twitter:data1\" content=\"5 minutos\" \/>\n<script type=\"application\/ld+json\" class=\"yoast-schema-graph\">{\"@context\":\"https:\/\/schema.org\",\"@graph\":[{\"@type\":\"WebPage\",\"@id\":\"https:\/\/theheroplan.com\/es\/\",\"url\":\"https:\/\/theheroplan.com\/es\/\",\"name\":\"EL PLAN DEL H\u00c9ROE\",\"isPartOf\":{\"@id\":\"https:\/\/theheroplan.com\/es\/#website\"},\"primaryImageOfPage\":{\"@id\":\"https:\/\/theheroplan.com\/es\/#primaryimage\"},\"image\":{\"@id\":\"https:\/\/theheroplan.com\/es\/#primaryimage\"},\"thumbnailUrl\":\"https:\/\/theheroplan.com\/es\/wp-content\/uploads\/sites\/2\/2015\/12\/banner_book_3ed.jpg\",\"datePublished\":\"2014-04-29T06:54:33+00:00\",\"dateModified\":\"2020-01-03T10:33:16+00:00\",\"description\":\"EL PLAN DEL H\u00c9ROE. Un camino gamificado y lean, en busca de tu estrategia ganadora. Estrategia \u00e1gil + Neuromarketing + Gamification\",\"inLanguage\":\"es\",\"potentialAction\":[{\"@type\":\"ReadAction\",\"target\":[\"https:\/\/theheroplan.com\/es\/\"]}]},{\"@type\":\"ImageObject\",\"inLanguage\":\"es\",\"@id\":\"https:\/\/theheroplan.com\/es\/#primaryimage\",\"url\":\"https:\/\/theheroplan.com\/es\/wp-content\/uploads\/sites\/2\/2015\/12\/banner_book_3ed.jpg\",\"contentUrl\":\"https:\/\/theheroplan.com\/es\/wp-content\/uploads\/sites\/2\/2015\/12\/banner_book_3ed.jpg\",\"width\":718,\"height\":500},{\"@type\":\"WebSite\",\"@id\":\"https:\/\/theheroplan.com\/es\/#website\",\"url\":\"https:\/\/theheroplan.com\/es\/\",\"name\":\"EL PLAN DEL H\u00c9ROE\",\"description\":\"Estrategia \u00e1gil + Neuromarketing + Gamification\",\"potentialAction\":[{\"@type\":\"SearchAction\",\"target\":{\"@type\":\"EntryPoint\",\"urlTemplate\":\"https:\/\/theheroplan.com\/es\/?s={search_term_string}\"},\"query-input\":\"required name=search_term_string\"}],\"inLanguage\":\"es\"}]}<\/script>\n<!-- \/ Yoast SEO plugin. -->","yoast_head_json":{"title":"EL PLAN DEL H\u00c9ROE","description":"EL PLAN DEL H\u00c9ROE. Un camino gamificado y lean, en busca de tu estrategia ganadora. Estrategia \u00e1gil + Neuromarketing + Gamification","robots":{"index":"index","follow":"follow","max-snippet":"max-snippet:-1","max-image-preview":"max-image-preview:large","max-video-preview":"max-video-preview:-1"},"canonical":"https:\/\/theheroplan.com\/es\/","og_locale":"es_ES","og_type":"article","og_title":"EL PLAN DEL H\u00c9ROE","og_description":"EL PLAN DEL H\u00c9ROE. Un camino gamificado y lean, en busca de tu estrategia ganadora. Estrategia \u00e1gil + Neuromarketing + Gamification","og_url":"https:\/\/theheroplan.com\/es\/","og_site_name":"EL PLAN DEL H\u00c9ROE","article_modified_time":"2020-01-03T10:33:16+00:00","og_image":[{"width":718,"height":500,"url":"https:\/\/theheroplan.com\/es\/wp-content\/uploads\/sites\/2\/2015\/12\/banner_book_3ed.jpg","type":"image\/jpeg"}],"twitter_card":"summary_large_image","twitter_site":"@MrVecino","twitter_misc":{"Tiempo de lectura":"5 minutos"},"schema":{"@context":"https:\/\/schema.org","@graph":[{"@type":"WebPage","@id":"https:\/\/theheroplan.com\/es\/","url":"https:\/\/theheroplan.com\/es\/","name":"EL PLAN DEL H\u00c9ROE","isPartOf":{"@id":"https:\/\/theheroplan.com\/es\/#website"},"primaryImageOfPage":{"@id":"https:\/\/theheroplan.com\/es\/#primaryimage"},"image":{"@id":"https:\/\/theheroplan.com\/es\/#primaryimage"},"thumbnailUrl":"https:\/\/theheroplan.com\/es\/wp-content\/uploads\/sites\/2\/2015\/12\/banner_book_3ed.jpg","datePublished":"2014-04-29T06:54:33+00:00","dateModified":"2020-01-03T10:33:16+00:00","description":"EL PLAN DEL H\u00c9ROE. Un camino gamificado y lean, en busca de tu estrategia ganadora. Estrategia \u00e1gil + Neuromarketing + Gamification","inLanguage":"es","potentialAction":[{"@type":"ReadAction","target":["https:\/\/theheroplan.com\/es\/"]}]},{"@type":"ImageObject","inLanguage":"es","@id":"https:\/\/theheroplan.com\/es\/#primaryimage","url":"https:\/\/theheroplan.com\/es\/wp-content\/uploads\/sites\/2\/2015\/12\/banner_book_3ed.jpg","contentUrl":"https:\/\/theheroplan.com\/es\/wp-content\/uploads\/sites\/2\/2015\/12\/banner_book_3ed.jpg","width":718,"height":500},{"@type":"WebSite","@id":"https:\/\/theheroplan.com\/es\/#website","url":"https:\/\/theheroplan.com\/es\/","name":"EL PLAN DEL H\u00c9ROE","description":"Estrategia \u00e1gil + Neuromarketing + Gamification","potentialAction":[{"@type":"SearchAction","target":{"@type":"EntryPoint","urlTemplate":"https:\/\/theheroplan.com\/es\/?s={search_term_string}"},"query-input":"required name=search_term_string"}],"inLanguage":"es"}]}},"_links":{"self":[{"href":"https:\/\/theheroplan.com\/es\/wp-json\/wp\/v2\/pages\/6"}],"collection":[{"href":"https:\/\/theheroplan.com\/es\/wp-json\/wp\/v2\/pages"}],"about":[{"href":"https:\/\/theheroplan.com\/es\/wp-json\/wp\/v2\/types\/page"}],"author":[{"embeddable":true,"href":"https:\/\/theheroplan.com\/es\/wp-json\/wp\/v2\/users\/1"}],"replies":[{"embeddable":true,"href":"https:\/\/theheroplan.com\/es\/wp-json\/wp\/v2\/comments?post=6"}],"version-history":[{"count":309,"href":"https:\/\/theheroplan.com\/es\/wp-json\/wp\/v2\/pages\/6\/revisions"}],"predecessor-version":[{"id":5379,"href":"https:\/\/theheroplan.com\/es\/wp-json\/wp\/v2\/pages\/6\/revisions\/5379"}],"wp:featuredmedia":[{"embeddable":true,"href":"https:\/\/theheroplan.com\/es\/wp-json\/wp\/v2\/media\/3158"}],"wp:attachment":[{"href":"https:\/\/theheroplan.com\/es\/wp-json\/wp\/v2\/media?parent=6"}],"curies":[{"name":"wp","href":"https:\/\/api.w.org\/{rel}","templated":true}]}}