{"id":374,"date":"2014-05-07T16:18:18","date_gmt":"2014-05-07T14:18:18","guid":{"rendered":"http:\/\/theheroplan.com\/es\/carro\/"},"modified":"2014-06-10T08:08:33","modified_gmt":"2014-06-10T06:08:33","slug":"carro","status":"publish","type":"page","link":"https:\/\/theheroplan.com\/es\/carro\/","title":{"rendered":"Carro"},"content":{"rendered":"\n","protected":false},"excerpt":{"rendered":"","protected":false},"author":1,"featured_media":0,"parent":0,"menu_order":0,"comment_status":"closed","ping_status":"closed","template":"","meta":{"footnotes":""},"yoast_head":"<!-- This site is optimized with the Yoast SEO plugin v22.8 - https:\/\/yoast.com\/wordpress\/plugins\/seo\/ -->\n<title>Tienda - EL PLAN DEL H\u00c9ROE<\/title>\n<meta name=\"description\" content=\"Adquiere en nuestra tienda todas las armas que necesitas para la batalla, y dise\u00f1a con El Plan del H\u00e9roe tu estrategia ganadora: el libro, tableros,...\" \/>\n<meta name=\"robots\" content=\"noindex, follow\" \/>\n<meta property=\"og:locale\" content=\"es_ES\" \/>\n<meta property=\"og:type\" content=\"article\" \/>\n<meta property=\"og:title\" content=\"Tienda - EL PLAN DEL H\u00c9ROE\" \/>\n<meta property=\"og:description\" content=\"Adquiere en nuestra tienda todas las armas que necesitas para la batalla, y dise\u00f1a con El Plan del H\u00e9roe tu estrategia ganadora: el libro, tableros,...\" \/>\n<meta property=\"og:url\" content=\"https:\/\/theheroplan.com\/es\/carro\/\" \/>\n<meta property=\"og:site_name\" content=\"EL PLAN DEL H\u00c9ROE\" \/>\n<meta property=\"article:modified_time\" content=\"2014-06-10T06:08:33+00:00\" \/>\n<meta property=\"og:image\" content=\"http:\/\/theheroplan.com\/es\/wp-content\/uploads\/sites\/2\/2015\/12\/banner_book_3ed.jpg\" \/>\n<meta name=\"twitter:card\" content=\"summary_large_image\" \/>\n<meta name=\"twitter:site\" content=\"@MrVecino\" \/>\n<script type=\"application\/ld+json\" class=\"yoast-schema-graph\">{\"@context\":\"https:\/\/schema.org\",\"@graph\":[{\"@type\":\"WebPage\",\"@id\":\"https:\/\/theheroplan.com\/es\/carro\/\",\"url\":\"https:\/\/theheroplan.com\/es\/carro\/\",\"name\":\"Tienda - EL PLAN DEL H\u00c9ROE\",\"isPartOf\":{\"@id\":\"https:\/\/theheroplan.com\/es\/#website\"},\"datePublished\":\"2014-05-07T14:18:18+00:00\",\"dateModified\":\"2014-06-10T06:08:33+00:00\",\"description\":\"Adquiere en nuestra tienda todas las armas que necesitas para la batalla, y dise\u00f1a con El Plan del H\u00e9roe tu estrategia ganadora: el libro, tableros,...\",\"inLanguage\":\"es\",\"potentialAction\":[{\"@type\":\"ReadAction\",\"target\":[\"https:\/\/theheroplan.com\/es\/carro\/\"]}]},{\"@type\":\"WebSite\",\"@id\":\"https:\/\/theheroplan.com\/es\/#website\",\"url\":\"https:\/\/theheroplan.com\/es\/\",\"name\":\"EL PLAN DEL H\u00c9ROE\",\"description\":\"Estrategia \u00e1gil + Neuromarketing + Gamification\",\"potentialAction\":[{\"@type\":\"SearchAction\",\"target\":{\"@type\":\"EntryPoint\",\"urlTemplate\":\"https:\/\/theheroplan.com\/es\/?s={search_term_string}\"},\"query-input\":\"required name=search_term_string\"}],\"inLanguage\":\"es\"}]}<\/script>\n<!-- \/ Yoast SEO plugin. -->","yoast_head_json":{"title":"Tienda - EL PLAN DEL H\u00c9ROE","description":"Adquiere en nuestra tienda todas las armas que necesitas para la batalla, y dise\u00f1a con El Plan del H\u00e9roe tu estrategia ganadora: el libro, tableros,...","robots":{"index":"noindex","follow":"follow"},"og_locale":"es_ES","og_type":"article","og_title":"Tienda - EL PLAN DEL H\u00c9ROE","og_description":"Adquiere en nuestra tienda todas las armas que necesitas para la batalla, y dise\u00f1a con El Plan del H\u00e9roe tu estrategia ganadora: el libro, tableros,...","og_url":"https:\/\/theheroplan.com\/es\/carro\/","og_site_name":"EL PLAN DEL H\u00c9ROE","article_modified_time":"2014-06-10T06:08:33+00:00","og_image":[{"url":"http:\/\/theheroplan.com\/es\/wp-content\/uploads\/sites\/2\/2015\/12\/banner_book_3ed.jpg"}],"twitter_card":"summary_large_image","twitter_site":"@MrVecino","schema":{"@context":"https:\/\/schema.org","@graph":[{"@type":"WebPage","@id":"https:\/\/theheroplan.com\/es\/carro\/","url":"https:\/\/theheroplan.com\/es\/carro\/","name":"Tienda - EL PLAN DEL H\u00c9ROE","isPartOf":{"@id":"https:\/\/theheroplan.com\/es\/#website"},"datePublished":"2014-05-07T14:18:18+00:00","dateModified":"2014-06-10T06:08:33+00:00","description":"Adquiere en nuestra tienda todas las armas que necesitas para la batalla, y dise\u00f1a con El Plan del H\u00e9roe tu estrategia ganadora: el libro, tableros,...","inLanguage":"es","potentialAction":[{"@type":"ReadAction","target":["https:\/\/theheroplan.com\/es\/carro\/"]}]},{"@type":"WebSite","@id":"https:\/\/theheroplan.com\/es\/#website","url":"https:\/\/theheroplan.com\/es\/","name":"EL PLAN DEL H\u00c9ROE","description":"Estrategia \u00e1gil + Neuromarketing + Gamification","potentialAction":[{"@type":"SearchAction","target":{"@type":"EntryPoint","urlTemplate":"https:\/\/theheroplan.com\/es\/?s={search_term_string}"},"query-input":"required name=search_term_string"}],"inLanguage":"es"}]}},"_links":{"self":[{"href":"https:\/\/theheroplan.com\/es\/wp-json\/wp\/v2\/pages\/374"}],"collection":[{"href":"https:\/\/theheroplan.com\/es\/wp-json\/wp\/v2\/pages"}],"about":[{"href":"https:\/\/theheroplan.com\/es\/wp-json\/wp\/v2\/types\/page"}],"author":[{"embeddable":true,"href":"https:\/\/theheroplan.com\/es\/wp-json\/wp\/v2\/users\/1"}],"replies":[{"embeddable":true,"href":"https:\/\/theheroplan.com\/es\/wp-json\/wp\/v2\/comments?post=374"}],"version-history":[{"count":1,"href":"https:\/\/theheroplan.com\/es\/wp-json\/wp\/v2\/pages\/374\/revisions"}],"predecessor-version":[{"id":381,"href":"https:\/\/theheroplan.com\/es\/wp-json\/wp\/v2\/pages\/374\/revisions\/381"}],"wp:attachment":[{"href":"https:\/\/theheroplan.com\/es\/wp-json\/wp\/v2\/media?parent=374"}],"curies":[{"name":"wp","href":"https:\/\/api.w.org\/{rel}","templated":true}]}}