{"id":2320,"date":"2015-02-13T12:49:58","date_gmt":"2015-02-13T11:49:58","guid":{"rendered":"http:\/\/theheroplan.com\/es\/?page_id=2320"},"modified":"2015-02-17T12:55:10","modified_gmt":"2015-02-17T11:55:10","slug":"sme","status":"publish","type":"page","link":"https:\/\/theheroplan.com\/es\/sme\/","title":{"rendered":"Sal\u00f3n Mi Empresa 2015"},"content":{"rendered":"[mk_page_section layout_structure=\u00bbfull\u00bb attachment=\u00bbscroll\u00bb bg_stretch=\u00bbtrue\u00bb parallax=\u00bbfalse\u00bb parallax_direction=\u00bbvertical\u00bb bg_video=\u00bbno\u00bb mask=\u00bbfalse\u00bb mask_opacity=\u00bb0.6&#8243; padding=\u00bb0&#8243; full_height=\u00bbfalse\u00bb full_width=\u00bbtrue\u00bb el_class=\u00bbnoMargin\u00bb border_color=\u00bb#ed1c24&#8243; bg_position=\u00bbleft top\u00bb bg_repeat=\u00bbno-repeat\u00bb bg_image=\u00bbhttp:\/\/theheroplan.com\/es\/wp-content\/uploads\/sites\/2\/2014\/04\/bgBlueBlur.jpg\u00bb expandable=\u00bbfalse\u00bb][vc_column width=\u00bb1\/1&#8243;][mk_image src=\u00bbhttp:\/\/theheroplan.com\/es\/wp-content\/uploads\/sites\/2\/2014\/04\/book_cover_003b_2ed.png\u00bb image_width=\u00bb1140&#8243; image_height=\u00bb450&#8243; crop=\u00bbfalse\u00bb hover=\u00bbfalse\u00bb target=\u00bb_self\u00bb align=\u00bbcenter\u00bb margin_bottom=\u00bb0&#8243;][\/vc_column][\/mk_page_section][mk_page_section layout_structure=\u00bbfull\u00bb attachment=\u00bbscroll\u00bb bg_position=\u00bbleft top\u00bb bg_repeat=\u00bbno-repeat\u00bb bg_stretch=\u00bbtrue\u00bb parallax=\u00bbfalse\u00bb parallax_direction=\u00bbvertical\u00bb bg_video=\u00bbno\u00bb mask=\u00bbfalse\u00bb mask_opacity=\u00bb0.6&#8243; padding=\u00bb0&#8243; full_height=\u00bbfalse\u00bb full_width=\u00bbfalse\u00bb el_class=\u00bbnoMargin\u00bb bg_image=\u00bbhttp:\/\/theheroplan.com\/es\/wp-content\/uploads\/sites\/2\/2014\/04\/bgBlueBlur.jpg\u00bb][vc_column width=\u00bb1\/1&#8243;][mk_padding_divider size=\u00bb40&#8243;][mk_fancy_title style=\u00bbsimple\u00bb tag_name=\u00bbh1&#8243; border_width=\u00bb5&#8243; size=\u00bb55&#8243; line_height=\u00bb70&#8243; color=\u00bb#ffffff\u00bb font_weight=\u00bb300&#8243; letter_spacing=\u00bb0&#8243; font_family=\u00bbnone\u00bb margin_bottom=\u00bb15&#8243; align=\u00bbcenter\u00bb el_class=\u00bbspecialTitle\u00bb]<span class=\"heavy\">EL PLAN DEL H\u00c9ROE<\/span>[\/mk_fancy_title][mk_fancy_title style=\u00bbsimple\u00bb tag_name=\u00bbh2&#8243; border_width=\u00bb5&#8243; size=\u00bb24&#8243; line_height=\u00bb32&#8243; color=\u00bb#ffffff\u00bb font_weight=\u00bb300&#8243; letter_spacing=\u00bb0&#8243; font_family=\u00bbnone\u00bb margin_bottom=\u00bb60&#8243; align=\u00bbcenter\u00bb el_class=\u00bblightColor specialDescription\u00bb]Un camino gamificado y lean<br \/>\nen busca de tu estrategia ganadora[\/mk_fancy_title][mk_fancy_title style=\u00bbavantgarde\u00bb tag_name=\u00bbh5&#8243; border_width=\u00bb5&#8243; size=\u00bb18&#8243; line_height=\u00bb24&#8243; color=\u00bb#ffffff\u00bb font_weight=\u00bb300&#8243; letter_spacing=\u00bb0&#8243; font_family=\u00bbnone\u00bb margin_bottom=\u00bb0&#8243; align=\u00bbcenter\u00bb el_class=\u00bblightColor\u00bb corner_style=\u00bbpointed\u00bb margin_top=\u00bb10&#8243; responsive_align=\u00bbcenter\u00bb]<strong>Sal\u00f3n Mi\u00a0Empresa 2015<\/strong>[\/mk_fancy_title][mk_padding_divider size=\u00bb20&#8243;][mk_button style=\u00bbflat\u00bb size=\u00bblarge\u00bb bg_color=\u00bb#ed1c24&#8243; txt_color=\u00bb#ffffff\u00bb outline_skin=\u00bb#ffffff\u00bb outline_hover_skin=\u00bb#ed1c24&#8243; icon=\u00bbicon-shopping-cart\u00bb target=\u00bb_self\u00bb align=\u00bbcenter\u00bb margin_bottom=\u00bb15&#8243; url=\u00bbhttp:\/\/theheroplan.com\/es\/tienda-thp\/\u00bb corner_style=\u00bbpointed\u00bb underline_color=\u00bb#dddddd\u00bb outline_border_width=\u00bb2&#8243; nudge_skin=\u00bb#444444&#8243;]IR A LA TIENDA ![\/mk_button][mk_padding_divider size=\u00bb60&#8243;][vc_row_inner][vc_column_inner width=\u00bb1\/3&#8243;][mk_font_icons icon=\u00bbicon-desktop\u00bb style=\u00bbcustom\u00bb color=\u00bb#ffffff\u00bb bg_color=\u00bb#000000&#8243; border_color=\u00bb#ffffff\u00bb size=\u00bbx-large\u00bb remove_frame=\u00bbtrue\u00bb padding_horizental=\u00bb0&#8243; padding_vertical=\u00bb0&#8243; align=\u00bbcenter\u00bb link=\u00bbhttp:\/\/theheroplan.com\/es\/wp-content\/uploads\/shows\/ElValorDelHeroe_DanielVecino_ForoAragonEmpresa2014.pdf\u00bb][mk_divider style=\u00bbsingle\u00bb divider_color=\u00bbrgba(255,255,255,0.5)\u00bb divider_width=\u00bbone_half\u00bb margin_top=\u00bb10&#8243; margin_bottom=\u00bb15&#8243;][mk_fancy_title style=\u00bbsimple\u00bb tag_name=\u00bbh3&#8243; border_width=\u00bb5&#8243; size=\u00bb18&#8243; line_height=\u00bb24&#8243; color=\u00bb#ffffff\u00bb font_weight=\u00bbinherit\u00bb letter_spacing=\u00bb0&#8243; font_family=\u00bbnone\u00bb margin_bottom=\u00bb5&#8243; align=\u00bbcenter\u00bb]<strong>Descargar presentaci\u00f3n<\/strong>[\/mk_fancy_title][vc_column_text el_class=\u00bblightColor\u00bb responsive_align=\u00bbcenter\u00bb]\n<p style=\"text-align: center;\">\u00abEL PLAN DEL H\u00c9ROE:<br \/>\n3 claves para una estrategia ganadora\u00bb<br \/>\n<a title=\"Daniel Vecino\" href=\"http:\/\/theheroplan.com\/es\/contacto\/#nuestro-equipo\">Daniel Vecino<\/a><\/p>\n[\/vc_column_text][mk_button style=\u00bbfill\u00bb size=\u00bbmedium\u00bb bg_color=\u00bb#ffffff\u00bb txt_color=\u00bb#ed1c24&#8243; outline_skin=\u00bb#ffffff\u00bb outline_hover_skin=\u00bb#ed1c24&#8243; target=\u00bb_self\u00bb align=\u00bbcenter\u00bb margin_bottom=\u00bb15&#8243; url=\u00bbhttp:\/\/theheroplan.com\/es\/wp-content\/uploads\/shows\/THP_DanielVecino_SME2015.pdf\u00bb corner_style=\u00bbpointed\u00bb underline_color=\u00bb#dddddd\u00bb outline_border_width=\u00bb2&#8243; nudge_skin=\u00bb#444444&#8243;]Descargar[\/mk_button][\/vc_column_inner][vc_column_inner width=\u00bb1\/3&#8243;][mk_font_icons icon=\u00bbtheme-icon-blog\u00bb style=\u00bbcustom\u00bb color=\u00bb#ffffff\u00bb bg_color=\u00bb#000000&#8243; border_color=\u00bb#ffffff\u00bb size=\u00bbx-large\u00bb remove_frame=\u00bbtrue\u00bb padding_horizental=\u00bb0&#8243; padding_vertical=\u00bb0&#8243; align=\u00bbcenter\u00bb link=\u00bbhttp:\/\/issuu.com\/theheroplan\/docs\/el_plan_del_h__roe_promo\u00bb][mk_divider style=\u00bbsingle\u00bb divider_color=\u00bbrgba(255,255,255,0.5)\u00bb divider_width=\u00bbone_half\u00bb margin_top=\u00bb10&#8243; margin_bottom=\u00bb15&#8243;][mk_fancy_title style=\u00bbsimple\u00bb tag_name=\u00bbh3&#8243; border_width=\u00bb5&#8243; size=\u00bb18&#8243; line_height=\u00bb24&#8243; color=\u00bb#ffffff\u00bb font_weight=\u00bbinherit\u00bb letter_spacing=\u00bb0&#8243; font_family=\u00bbnone\u00bb margin_bottom=\u00bb5&#8243; align=\u00bbcenter\u00bb]<strong>Leer previo<\/strong>[\/mk_fancy_title][vc_column_text el_class=\u00bblightColor\u00bb]\n<p style=\"text-align: center;\">70 p\u00e1ginas gratis de<br \/>\n\u00abEl Plan del H\u00e9roe\u00bb[\/vc_column_text][mk_button style=\u00bbfill\u00bb size=\u00bbmedium\u00bb bg_color=\u00bb#ffffff\u00bb txt_color=\u00bb#ed1c24&#8243; outline_skin=\u00bb#ffffff\u00bb outline_hover_skin=\u00bb#ed1c24&#8243; target=\u00bb_self\u00bb align=\u00bbcenter\u00bb margin_bottom=\u00bb15&#8243; url=\u00bbhttp:\/\/issuu.com\/theheroplan\/docs\/el_plan_del_h__roe_promo\u00bb corner_style=\u00bbpointed\u00bb underline_color=\u00bb#dddddd\u00bb outline_border_width=\u00bb2&#8243; nudge_skin=\u00bb#444444&#8243;]Leer[\/mk_button][\/vc_column_inner][vc_column_inner width=\u00bb1\/3&#8243;][mk_font_icons icon=\u00bbicon-cloud-download\u00bb style=\u00bbcustom\u00bb color=\u00bb#ffffff\u00bb bg_color=\u00bb#000000&#8243; border_color=\u00bb#ffffff\u00bb size=\u00bbx-large\u00bb remove_frame=\u00bbtrue\u00bb padding_horizental=\u00bb0&#8243; padding_vertical=\u00bb0&#8243; align=\u00bbcenter\u00bb link=\u00bbhttp:\/\/theheroplan.com\/es\/metodo\/descargar-tablero-batalla\u00bb][mk_divider style=\u00bbsingle\u00bb divider_color=\u00bbrgba(255,255,255,0.5)\u00bb divider_width=\u00bbone_half\u00bb margin_top=\u00bb10&#8243; margin_bottom=\u00bb15&#8243;][mk_fancy_title style=\u00bbsimple\u00bb tag_name=\u00bbh3&#8243; border_width=\u00bb5&#8243; size=\u00bb18&#8243; line_height=\u00bb24&#8243; color=\u00bb#ffffff\u00bb font_weight=\u00bbinherit\u00bb letter_spacing=\u00bb0&#8243; font_family=\u00bbnone\u00bb margin_bottom=\u00bb5&#8243; align=\u00bbcenter\u00bb]<strong>Descargar Tablero<\/strong>[\/mk_fancy_title][vc_column_text el_class=\u00bblightColor\u00bb responsive_align=\u00bbcenter\u00bb]\n<p style=\"text-align: center;\">Descarga tu Tablero<br \/>\ny que empiece la Batalla<\/p>\n[\/vc_column_text][mk_button style=\u00bbfill\u00bb size=\u00bbmedium\u00bb bg_color=\u00bb#ffffff\u00bb txt_color=\u00bb#ed1c24&#8243; outline_skin=\u00bb#ffffff\u00bb outline_hover_skin=\u00bb#ed1c24&#8243; target=\u00bb_self\u00bb align=\u00bbcenter\u00bb margin_bottom=\u00bb15&#8243; url=\u00bbhttp:\/\/theheroplan.com\/es\/metodo\/descargar-tablero-batalla\u00bb corner_style=\u00bbpointed\u00bb underline_color=\u00bb#dddddd\u00bb outline_border_width=\u00bb2&#8243; nudge_skin=\u00bb#444444&#8243;]Descargar[\/mk_button][\/vc_column_inner][\/vc_row_inner][mk_padding_divider size=\u00bb60&#8243;][mk_button style=\u00bbflat\u00bb corner_style=\u00bbrounded\u00bb size=\u00bblarge\u00bb bg_color=\u00bb#ffffff\u00bb txt_color=\u00bb#ed1c24&#8243; underline_color=\u00bb#dddddd\u00bb outline_skin=\u00bb#444444&#8243; outline_hover_skin=\u00bb#ffffff\u00bb outline_border_width=\u00bb2&#8243; nudge_skin=\u00bb#444444&#8243; icon=\u00bbmk-li-mail\u00bb url=\u00bbhttp:\/\/eepurl.com\/uxHuD\u00bb target=\u00bb_self\u00bb align=\u00bbcenter\u00bb margin_bottom=\u00bb15&#8243;]SUSCR\u00cdBETE AHORA a nuestra LISTA DE CORREO[\/mk_button][mk_social_networks skin=\u00bblight\u00bb margin=\u00bb4&#8243; align=\u00bbcenter\u00bb pinterest=\u00bbhttp:\/\/pinterest.com\/theheroplan\u00bb linkedin=\u00bbhttp:\/\/DanielVecino.com\u00bb rss=\u00bbhttp:\/\/theheroplan.com\/es\/blog\u00bb youtube=\u00bbhttps:\/\/www.youtube.com\/channel\/UC_AgLUDNM5SvYPNWXX_Xy-A\u00bb twitter=\u00bbhttps:\/\/twitter.com\/MrVecino\u00bb google_plus=\u00bbhttps:\/\/www.google.com\/+DanielVecino\u00bb style=\u00bbsquare\u00bb border_color=\u00bb#cccccc\u00bb bg_hover_color=\u00bb#232323&#8243; icon_color=\u00bb#cccccc\u00bb icon_hover_color=\u00bb#eeeeee\u00bb][mk_padding_divider size=\u00bb60&#8243;][\/vc_column][\/mk_page_section][mk_page_section layout_structure=\u00bbfull\u00bb attachment=\u00bbscroll\u00bb bg_position=\u00bbleft top\u00bb bg_repeat=\u00bbrepeat\u00bb bg_stretch=\u00bbfalse\u00bb parallax=\u00bbfalse\u00bb parallax_direction=\u00bbvertical\u00bb bg_video=\u00bbno\u00bb mask=\u00bbfalse\u00bb mask_opacity=\u00bb0.6&#8243; padding=\u00bb60&#8243; full_height=\u00bbfalse\u00bb full_width=\u00bbfalse\u00bb bg_color=\u00bb#ed1c24&#8243;][vc_column width=\u00bb1\/1&#8243;][vc_row_inner][vc_column_inner width=\u00bb2\/3&#8243;][vc_column_text el_class=\u00bbmyCallToActionText lightColor\u00bb]Estamos listos para luchar a tu lado.<br \/>\nHaz que <strong>tu empresa<\/strong> y propuesta no tenga rival![\/vc_column_text][\/vc_column_inner][vc_column_inner width=\u00bb1\/3&#8243;][mk_button style=\u00bboutline\u00bb size=\u00bblarge\u00bb bg_color=\u00bb#444444&#8243; txt_color=\u00bb#fff\u00bb outline_skin=\u00bb#ffffff\u00bb outline_hover_skin=\u00bb#ed1c24&#8243; icon=\u00bbicon-briefcase\u00bb target=\u00bb_self\u00bb align=\u00bbcenter\u00bb margin_bottom=\u00bb15&#8243; el_class=\u00bbmyCallToActionBtn\u00bb url=\u00bbhttp:\/\/theheroplan.com\/es\/empresas\/\u00bb]SERVICIOS en Empresas[\/mk_button][\/vc_column_inner][\/vc_row_inner][\/vc_column][\/mk_page_section][mk_page_section layout_structure=\u00bbfull\u00bb attachment=\u00bbscroll\u00bb bg_position=\u00bbleft top\u00bb bg_repeat=\u00bbrepeat\u00bb bg_stretch=\u00bbfalse\u00bb parallax=\u00bbfalse\u00bb parallax_direction=\u00bbvertical\u00bb bg_video=\u00bbno\u00bb mask=\u00bbfalse\u00bb mask_opacity=\u00bb0.6&#8243; padding=\u00bb60&#8243; full_height=\u00bbfalse\u00bb full_width=\u00bbfalse\u00bb bg_color=\u00bb#000000&#8243;][vc_column width=\u00bb1\/1&#8243;][mk_fancy_title style=\u00bbavantgarde\u00bb tag_name=\u00bbh3&#8243; border_width=\u00bb5&#8243; size=\u00bb35&#8243; line_height=\u00bb50&#8243; color=\u00bb#ffffff\u00bb font_weight=\u00bb300&#8243; letter_spacing=\u00bb0&#8243; font_family=\u00bbnone\u00bb margin_bottom=\u00bb40&#8243; align=\u00bbcenter\u00bb]Testimonios[\/mk_fancy_title][vc_row_inner][vc_column_inner width=\u00bb1\/6&#8243;][\/vc_column_inner][vc_column_inner width=\u00bb2\/3&#8243;][mk_testimonials style=\u00bbquote\u00bb count=\u00bb4&#8243; font_family=\u00bbnone\u00bb skin=\u00bblight\u00bb order=\u00bbDESC\u00bb orderby=\u00bbdate\u00bb][\/vc_column_inner][vc_column_inner width=\u00bb1\/6&#8243;][\/vc_column_inner][\/vc_row_inner][\/vc_column][\/mk_page_section][mk_page_section layout_structure=\u00bbfull\u00bb bg_color=\u00bb#000000&#8243; attachment=\u00bbscroll\u00bb bg_position=\u00bbleft top\u00bb bg_repeat=\u00bbrepeat\u00bb bg_stretch=\u00bbfalse\u00bb parallax=\u00bbfalse\u00bb parallax_direction=\u00bbvertical\u00bb bg_video=\u00bbno\u00bb mask=\u00bbfalse\u00bb mask_opacity=\u00bb0.6&#8243; padding=\u00bb0&#8243; full_height=\u00bbfalse\u00bb full_width=\u00bbtrue\u00bb border_color=\u00bbrgba(255,255,255,0.2)\u00bb][vc_column width=\u00bb1\/1&#8243;][mk_clients style=\u00bbgrid\u00bb column=\u00bb5&#8243; item_height=\u00bb200&#8243; count=\u00bb22&#8243; scroll=\u00bbtrue\u00bb clients=\u00bb1153,1151,158,1165,1161,1909,1172,1148,165,1159,156,1163,1390,1182,160,144,1177,1142,1146,1155,1157,1906&#8243; order=\u00bbDESC\u00bb orderby=\u00bbrand\u00bb dimension=\u00bb200&#8243; cover=\u00bbtrue\u00bb hover_state=\u00bbtrue\u00bb target=\u00bb_self\u00bb][\/vc_column][\/mk_page_section][mk_page_section layout_structure=\u00bbfull\u00bb attachment=\u00bbscroll\u00bb bg_position=\u00bbleft top\u00bb bg_repeat=\u00bbrepeat\u00bb bg_stretch=\u00bbfalse\u00bb parallax=\u00bbfalse\u00bb parallax_direction=\u00bbvertical\u00bb bg_video=\u00bbno\u00bb mask=\u00bbfalse\u00bb mask_opacity=\u00bb0.6&#8243; padding=\u00bb60&#8243; full_height=\u00bbfalse\u00bb full_width=\u00bbfalse\u00bb bg_color=\u00bb#ed1c24&#8243;][vc_column width=\u00bb1\/1&#8243;][vc_row_inner][vc_column_inner width=\u00bb2\/3&#8243;][vc_column_text el_class=\u00bbmyCallToActionText lightColor\u00bb]Estrategia, Neuromarketing y Gamification.<br \/>\nConvi\u00e9rtete en un aut\u00e9ntico <strong>Hero Master<\/strong>.[\/vc_column_text][\/vc_column_inner][vc_column_inner width=\u00bb1\/3&#8243;][mk_button style=\u00bboutline\u00bb size=\u00bblarge\u00bb bg_color=\u00bb#444444&#8243; txt_color=\u00bb#fff\u00bb outline_skin=\u00bb#ffffff\u00bb outline_hover_skin=\u00bb#ed1c24&#8243; icon=\u00bbicon-map-marker\u00bb target=\u00bb_self\u00bb align=\u00bbcenter\u00bb margin_bottom=\u00bb15&#8243; url=\u00bbtalleres-eventos-workshops\/\u00bb el_class=\u00bbmyCallToActionBtn\u00bb]TALLERES y EVENTOS[\/mk_button][\/vc_column_inner][\/vc_row_inner][\/vc_column][\/mk_page_section]\n","protected":false},"excerpt":{"rendered":"<p>[mk_page_section layout_structure=\u00bbfull\u00bb attachment=\u00bbscroll\u00bb bg_stretch=\u00bbtrue\u00bb parallax=\u00bbfalse\u00bb parallax_direction=\u00bbvertical\u00bb bg_video=\u00bbno\u00bb mask=\u00bbfalse\u00bb mask_opacity=\u00bb0.6&#8243; padding=\u00bb0&#8243; full_height=\u00bbfalse\u00bb full_width=\u00bbtrue\u00bb el_class=\u00bbnoMargin\u00bb border_color=\u00bb#ed1c24&#8243; bg_position=\u00bbleft top\u00bb bg_repeat=\u00bbno-repeat\u00bb bg_image=\u00bbhttp:\/\/theheroplan.com\/es\/wp-content\/uploads\/sites\/2\/2014\/04\/bgBlueBlur.jpg\u00bb expandable=\u00bbfalse\u00bb][vc_column width=\u00bb1\/1&#8243;][mk_image src=\u00bbhttp:\/\/theheroplan.com\/es\/wp-content\/uploads\/sites\/2\/2014\/04\/book_cover_003b_2ed.png\u00bb image_width=\u00bb1140&#8243; image_height=\u00bb450&#8243; crop=\u00bbfalse\u00bb hover=\u00bbfalse\u00bb target=\u00bb_self\u00bb align=\u00bbcenter\u00bb margin_bottom=\u00bb0&#8243;][\/vc_column][\/mk_page_section][mk_page_section layout_structure=\u00bbfull\u00bb attachment=\u00bbscroll\u00bb bg_position=\u00bbleft top\u00bb bg_repeat=\u00bbno-repeat\u00bb bg_stretch=\u00bbtrue\u00bb parallax=\u00bbfalse\u00bb parallax_direction=\u00bbvertical\u00bb bg_video=\u00bbno\u00bb mask=\u00bbfalse\u00bb mask_opacity=\u00bb0.6&#8243; padding=\u00bb0&#8243; full_height=\u00bbfalse\u00bb full_width=\u00bbfalse\u00bb el_class=\u00bbnoMargin\u00bb bg_image=\u00bbhttp:\/\/theheroplan.com\/es\/wp-content\/uploads\/sites\/2\/2014\/04\/bgBlueBlur.jpg\u00bb][vc_column width=\u00bb1\/1&#8243;][mk_padding_divider size=\u00bb40&#8243;][mk_fancy_title style=\u00bbsimple\u00bb tag_name=\u00bbh1&#8243; border_width=\u00bb5&#8243; size=\u00bb55&#8243; line_height=\u00bb70&#8243; color=\u00bb#ffffff\u00bb font_weight=\u00bb300&#8243; letter_spacing=\u00bb0&#8243; font_family=\u00bbnone\u00bb [&hellip;]<\/p>\n","protected":false},"author":1,"featured_media":0,"parent":0,"menu_order":0,"comment_status":"open","ping_status":"open","template":"","meta":{"footnotes":""},"yoast_head":"<!-- This site is optimized with the Yoast SEO plugin v22.8 - https:\/\/yoast.com\/wordpress\/plugins\/seo\/ -->\n<title>Sal\u00f3n Mi Empresa 2015 - EL PLAN DEL H\u00c9ROE<\/title>\n<meta name=\"description\" content=\"Sal\u00f3n Mi Empresa 2015 - EL PLAN DEL H\u00c9ROE: 3 claves para una estrategia ganadora. FocoFocoFoco + Diferente + Memorable. Descarga ya la presentaci\u00f3n!\" \/>\n<meta name=\"robots\" content=\"index, follow, max-snippet:-1, max-image-preview:large, max-video-preview:-1\" \/>\n<link rel=\"canonical\" href=\"https:\/\/theheroplan.com\/es\/sme\/\" \/>\n<meta property=\"og:locale\" content=\"es_ES\" \/>\n<meta property=\"og:type\" content=\"article\" \/>\n<meta property=\"og:title\" content=\"Sal\u00f3n Mi Empresa 2015 - EL PLAN DEL H\u00c9ROE\" \/>\n<meta property=\"og:description\" content=\"Sal\u00f3n Mi Empresa 2015 - EL PLAN DEL H\u00c9ROE: 3 claves para una estrategia ganadora. FocoFocoFoco + Diferente + Memorable. Descarga ya la presentaci\u00f3n!\" \/>\n<meta property=\"og:url\" content=\"https:\/\/theheroplan.com\/es\/sme\/\" \/>\n<meta property=\"og:site_name\" content=\"EL PLAN DEL H\u00c9ROE\" \/>\n<meta property=\"article:modified_time\" content=\"2015-02-17T11:55:10+00:00\" \/>\n<meta property=\"og:image\" content=\"http:\/\/theheroplan.com\/es\/wp-content\/uploads\/sites\/2\/2015\/12\/banner_book_3ed.jpg\" \/>\n<meta name=\"twitter:card\" content=\"summary_large_image\" \/>\n<meta name=\"twitter:site\" content=\"@MrVecino\" \/>\n<meta name=\"twitter:label1\" content=\"Tiempo de lectura\" \/>\n\t<meta name=\"twitter:data1\" content=\"7 minutos\" \/>\n<script type=\"application\/ld+json\" class=\"yoast-schema-graph\">{\"@context\":\"https:\/\/schema.org\",\"@graph\":[{\"@type\":\"WebPage\",\"@id\":\"https:\/\/theheroplan.com\/es\/sme\/\",\"url\":\"https:\/\/theheroplan.com\/es\/sme\/\",\"name\":\"Sal\u00f3n Mi Empresa 2015 - EL PLAN DEL H\u00c9ROE\",\"isPartOf\":{\"@id\":\"https:\/\/theheroplan.com\/es\/#website\"},\"datePublished\":\"2015-02-13T11:49:58+00:00\",\"dateModified\":\"2015-02-17T11:55:10+00:00\",\"description\":\"Sal\u00f3n Mi Empresa 2015 - EL PLAN DEL H\u00c9ROE: 3 claves para una estrategia ganadora. FocoFocoFoco + Diferente + Memorable. Descarga ya la presentaci\u00f3n!\",\"inLanguage\":\"es\",\"potentialAction\":[{\"@type\":\"ReadAction\",\"target\":[\"https:\/\/theheroplan.com\/es\/sme\/\"]}]},{\"@type\":\"WebSite\",\"@id\":\"https:\/\/theheroplan.com\/es\/#website\",\"url\":\"https:\/\/theheroplan.com\/es\/\",\"name\":\"EL PLAN DEL H\u00c9ROE\",\"description\":\"Estrategia \u00e1gil + Neuromarketing + Gamification\",\"potentialAction\":[{\"@type\":\"SearchAction\",\"target\":{\"@type\":\"EntryPoint\",\"urlTemplate\":\"https:\/\/theheroplan.com\/es\/?s={search_term_string}\"},\"query-input\":\"required name=search_term_string\"}],\"inLanguage\":\"es\"}]}<\/script>\n<!-- \/ Yoast SEO plugin. -->","yoast_head_json":{"title":"Sal\u00f3n Mi Empresa 2015 - EL PLAN DEL H\u00c9ROE","description":"Sal\u00f3n Mi Empresa 2015 - EL PLAN DEL H\u00c9ROE: 3 claves para una estrategia ganadora. FocoFocoFoco + Diferente + Memorable. Descarga ya la presentaci\u00f3n!","robots":{"index":"index","follow":"follow","max-snippet":"max-snippet:-1","max-image-preview":"max-image-preview:large","max-video-preview":"max-video-preview:-1"},"canonical":"https:\/\/theheroplan.com\/es\/sme\/","og_locale":"es_ES","og_type":"article","og_title":"Sal\u00f3n Mi Empresa 2015 - EL PLAN DEL H\u00c9ROE","og_description":"Sal\u00f3n Mi Empresa 2015 - EL PLAN DEL H\u00c9ROE: 3 claves para una estrategia ganadora. FocoFocoFoco + Diferente + Memorable. Descarga ya la presentaci\u00f3n!","og_url":"https:\/\/theheroplan.com\/es\/sme\/","og_site_name":"EL PLAN DEL H\u00c9ROE","article_modified_time":"2015-02-17T11:55:10+00:00","og_image":[{"url":"http:\/\/theheroplan.com\/es\/wp-content\/uploads\/sites\/2\/2015\/12\/banner_book_3ed.jpg"}],"twitter_card":"summary_large_image","twitter_site":"@MrVecino","twitter_misc":{"Tiempo de lectura":"7 minutos"},"schema":{"@context":"https:\/\/schema.org","@graph":[{"@type":"WebPage","@id":"https:\/\/theheroplan.com\/es\/sme\/","url":"https:\/\/theheroplan.com\/es\/sme\/","name":"Sal\u00f3n Mi Empresa 2015 - EL PLAN DEL H\u00c9ROE","isPartOf":{"@id":"https:\/\/theheroplan.com\/es\/#website"},"datePublished":"2015-02-13T11:49:58+00:00","dateModified":"2015-02-17T11:55:10+00:00","description":"Sal\u00f3n Mi Empresa 2015 - EL PLAN DEL H\u00c9ROE: 3 claves para una estrategia ganadora. FocoFocoFoco + Diferente + Memorable. Descarga ya la presentaci\u00f3n!","inLanguage":"es","potentialAction":[{"@type":"ReadAction","target":["https:\/\/theheroplan.com\/es\/sme\/"]}]},{"@type":"WebSite","@id":"https:\/\/theheroplan.com\/es\/#website","url":"https:\/\/theheroplan.com\/es\/","name":"EL PLAN DEL H\u00c9ROE","description":"Estrategia \u00e1gil + Neuromarketing + Gamification","potentialAction":[{"@type":"SearchAction","target":{"@type":"EntryPoint","urlTemplate":"https:\/\/theheroplan.com\/es\/?s={search_term_string}"},"query-input":"required name=search_term_string"}],"inLanguage":"es"}]}},"_links":{"self":[{"href":"https:\/\/theheroplan.com\/es\/wp-json\/wp\/v2\/pages\/2320"}],"collection":[{"href":"https:\/\/theheroplan.com\/es\/wp-json\/wp\/v2\/pages"}],"about":[{"href":"https:\/\/theheroplan.com\/es\/wp-json\/wp\/v2\/types\/page"}],"author":[{"embeddable":true,"href":"https:\/\/theheroplan.com\/es\/wp-json\/wp\/v2\/users\/1"}],"replies":[{"embeddable":true,"href":"https:\/\/theheroplan.com\/es\/wp-json\/wp\/v2\/comments?post=2320"}],"version-history":[{"count":9,"href":"https:\/\/theheroplan.com\/es\/wp-json\/wp\/v2\/pages\/2320\/revisions"}],"predecessor-version":[{"id":2330,"href":"https:\/\/theheroplan.com\/es\/wp-json\/wp\/v2\/pages\/2320\/revisions\/2330"}],"wp:attachment":[{"href":"https:\/\/theheroplan.com\/es\/wp-json\/wp\/v2\/media?parent=2320"}],"curies":[{"name":"wp","href":"https:\/\/api.w.org\/{rel}","templated":true}]}}