{"id":20,"date":"2014-04-29T09:15:55","date_gmt":"2014-04-29T07:15:55","guid":{"rendered":"http:\/\/theheroplan.com\/es\/?page_id=20"},"modified":"2019-10-28T14:02:24","modified_gmt":"2019-10-28T13:02:24","slug":"blog","status":"publish","type":"page","link":"https:\/\/theheroplan.com\/es\/blog\/","title":{"rendered":"Blog"},"content":{"rendered":"[vc_row][vc_column][vc_column_text]\n<p><strong><a href=\"https:\/\/wakigami.com\">Todos los art\u00edculos m\u00e1s recientes en WAKIGAMI.com<\/a><\/strong><\/p>\n[\/vc_column_text][mk_blog image_height=\u00bb450&#8243; count=\u00bb5&#8243; cat=\u00bb25&#8243; pagination_style=\u00bb2&#8243; excerpt_length=\u00bb2000&#8243; item_id=\u00bb1422973159-54d0d8e7b5ec4&#8243;][\/vc_column][\/vc_row]\n","protected":false},"excerpt":{"rendered":"<p>[vc_row][vc_column][vc_column_text] Todos los art\u00edculos m\u00e1s recientes en WAKIGAMI.com [\/vc_column_text][mk_blog image_height=\u00bb450&#8243; count=\u00bb5&#8243; cat=\u00bb25&#8243; pagination_style=\u00bb2&#8243; excerpt_length=\u00bb2000&#8243; item_id=\u00bb1422973159-54d0d8e7b5ec4&#8243;][\/vc_column][\/vc_row]<\/p>\n","protected":false},"author":1,"featured_media":3158,"parent":0,"menu_order":0,"comment_status":"closed","ping_status":"closed","template":"","meta":{"footnotes":""},"yoast_head":"<!-- This site is optimized with the Yoast SEO plugin v22.8 - https:\/\/yoast.com\/wordpress\/plugins\/seo\/ -->\n<title>Blog - EL PLAN DEL H\u00c9ROE<\/title>\n<meta name=\"description\" content=\"El blog de EL PLAN DEL H\u00c9ROE. Estrategia \u00e1gil + Neuromarketing + Gamification\" \/>\n<meta name=\"robots\" content=\"index, follow, max-snippet:-1, max-image-preview:large, max-video-preview:-1\" \/>\n<link rel=\"canonical\" href=\"https:\/\/theheroplan.com\/es\/blog\/\" \/>\n<meta property=\"og:locale\" content=\"es_ES\" \/>\n<meta property=\"og:type\" content=\"article\" \/>\n<meta property=\"og:title\" content=\"Blog - EL PLAN DEL H\u00c9ROE\" \/>\n<meta property=\"og:description\" content=\"El blog de EL PLAN DEL H\u00c9ROE. Estrategia \u00e1gil + Neuromarketing + Gamification\" \/>\n<meta property=\"og:url\" content=\"https:\/\/theheroplan.com\/es\/blog\/\" \/>\n<meta property=\"og:site_name\" content=\"EL PLAN DEL H\u00c9ROE\" \/>\n<meta property=\"article:modified_time\" content=\"2019-10-28T13:02:24+00:00\" \/>\n<meta property=\"og:image\" content=\"https:\/\/theheroplan.com\/es\/wp-content\/uploads\/sites\/2\/2015\/12\/banner_book_3ed.jpg\" \/>\n\t<meta property=\"og:image:width\" content=\"718\" \/>\n\t<meta property=\"og:image:height\" content=\"500\" \/>\n\t<meta property=\"og:image:type\" content=\"image\/jpeg\" \/>\n<meta name=\"twitter:card\" content=\"summary_large_image\" \/>\n<meta name=\"twitter:site\" content=\"@MrVecino\" \/>\n<script type=\"application\/ld+json\" class=\"yoast-schema-graph\">{\"@context\":\"https:\/\/schema.org\",\"@graph\":[{\"@type\":\"WebPage\",\"@id\":\"https:\/\/theheroplan.com\/es\/blog\/\",\"url\":\"https:\/\/theheroplan.com\/es\/blog\/\",\"name\":\"Blog - EL PLAN DEL H\u00c9ROE\",\"isPartOf\":{\"@id\":\"https:\/\/theheroplan.com\/es\/#website\"},\"primaryImageOfPage\":{\"@id\":\"https:\/\/theheroplan.com\/es\/blog\/#primaryimage\"},\"image\":{\"@id\":\"https:\/\/theheroplan.com\/es\/blog\/#primaryimage\"},\"thumbnailUrl\":\"https:\/\/theheroplan.com\/es\/wp-content\/uploads\/sites\/2\/2015\/12\/banner_book_3ed.jpg\",\"datePublished\":\"2014-04-29T07:15:55+00:00\",\"dateModified\":\"2019-10-28T13:02:24+00:00\",\"description\":\"El blog de EL PLAN DEL H\u00c9ROE. Estrategia \u00e1gil + Neuromarketing + Gamification\",\"inLanguage\":\"es\",\"potentialAction\":[{\"@type\":\"ReadAction\",\"target\":[\"https:\/\/theheroplan.com\/es\/blog\/\"]}]},{\"@type\":\"ImageObject\",\"inLanguage\":\"es\",\"@id\":\"https:\/\/theheroplan.com\/es\/blog\/#primaryimage\",\"url\":\"https:\/\/theheroplan.com\/es\/wp-content\/uploads\/sites\/2\/2015\/12\/banner_book_3ed.jpg\",\"contentUrl\":\"https:\/\/theheroplan.com\/es\/wp-content\/uploads\/sites\/2\/2015\/12\/banner_book_3ed.jpg\",\"width\":718,\"height\":500},{\"@type\":\"WebSite\",\"@id\":\"https:\/\/theheroplan.com\/es\/#website\",\"url\":\"https:\/\/theheroplan.com\/es\/\",\"name\":\"EL PLAN DEL H\u00c9ROE\",\"description\":\"Estrategia \u00e1gil + Neuromarketing + Gamification\",\"potentialAction\":[{\"@type\":\"SearchAction\",\"target\":{\"@type\":\"EntryPoint\",\"urlTemplate\":\"https:\/\/theheroplan.com\/es\/?s={search_term_string}\"},\"query-input\":\"required name=search_term_string\"}],\"inLanguage\":\"es\"}]}<\/script>\n<!-- \/ Yoast SEO plugin. -->","yoast_head_json":{"title":"Blog - EL PLAN DEL H\u00c9ROE","description":"El blog de EL PLAN DEL H\u00c9ROE. Estrategia \u00e1gil + Neuromarketing + Gamification","robots":{"index":"index","follow":"follow","max-snippet":"max-snippet:-1","max-image-preview":"max-image-preview:large","max-video-preview":"max-video-preview:-1"},"canonical":"https:\/\/theheroplan.com\/es\/blog\/","og_locale":"es_ES","og_type":"article","og_title":"Blog - EL PLAN DEL H\u00c9ROE","og_description":"El blog de EL PLAN DEL H\u00c9ROE. Estrategia \u00e1gil + Neuromarketing + Gamification","og_url":"https:\/\/theheroplan.com\/es\/blog\/","og_site_name":"EL PLAN DEL H\u00c9ROE","article_modified_time":"2019-10-28T13:02:24+00:00","og_image":[{"width":718,"height":500,"url":"https:\/\/theheroplan.com\/es\/wp-content\/uploads\/sites\/2\/2015\/12\/banner_book_3ed.jpg","type":"image\/jpeg"}],"twitter_card":"summary_large_image","twitter_site":"@MrVecino","schema":{"@context":"https:\/\/schema.org","@graph":[{"@type":"WebPage","@id":"https:\/\/theheroplan.com\/es\/blog\/","url":"https:\/\/theheroplan.com\/es\/blog\/","name":"Blog - EL PLAN DEL H\u00c9ROE","isPartOf":{"@id":"https:\/\/theheroplan.com\/es\/#website"},"primaryImageOfPage":{"@id":"https:\/\/theheroplan.com\/es\/blog\/#primaryimage"},"image":{"@id":"https:\/\/theheroplan.com\/es\/blog\/#primaryimage"},"thumbnailUrl":"https:\/\/theheroplan.com\/es\/wp-content\/uploads\/sites\/2\/2015\/12\/banner_book_3ed.jpg","datePublished":"2014-04-29T07:15:55+00:00","dateModified":"2019-10-28T13:02:24+00:00","description":"El blog de EL PLAN DEL H\u00c9ROE. Estrategia \u00e1gil + Neuromarketing + Gamification","inLanguage":"es","potentialAction":[{"@type":"ReadAction","target":["https:\/\/theheroplan.com\/es\/blog\/"]}]},{"@type":"ImageObject","inLanguage":"es","@id":"https:\/\/theheroplan.com\/es\/blog\/#primaryimage","url":"https:\/\/theheroplan.com\/es\/wp-content\/uploads\/sites\/2\/2015\/12\/banner_book_3ed.jpg","contentUrl":"https:\/\/theheroplan.com\/es\/wp-content\/uploads\/sites\/2\/2015\/12\/banner_book_3ed.jpg","width":718,"height":500},{"@type":"WebSite","@id":"https:\/\/theheroplan.com\/es\/#website","url":"https:\/\/theheroplan.com\/es\/","name":"EL PLAN DEL H\u00c9ROE","description":"Estrategia \u00e1gil + Neuromarketing + Gamification","potentialAction":[{"@type":"SearchAction","target":{"@type":"EntryPoint","urlTemplate":"https:\/\/theheroplan.com\/es\/?s={search_term_string}"},"query-input":"required name=search_term_string"}],"inLanguage":"es"}]}},"_links":{"self":[{"href":"https:\/\/theheroplan.com\/es\/wp-json\/wp\/v2\/pages\/20"}],"collection":[{"href":"https:\/\/theheroplan.com\/es\/wp-json\/wp\/v2\/pages"}],"about":[{"href":"https:\/\/theheroplan.com\/es\/wp-json\/wp\/v2\/types\/page"}],"author":[{"embeddable":true,"href":"https:\/\/theheroplan.com\/es\/wp-json\/wp\/v2\/users\/1"}],"replies":[{"embeddable":true,"href":"https:\/\/theheroplan.com\/es\/wp-json\/wp\/v2\/comments?post=20"}],"version-history":[{"count":16,"href":"https:\/\/theheroplan.com\/es\/wp-json\/wp\/v2\/pages\/20\/revisions"}],"predecessor-version":[{"id":5384,"href":"https:\/\/theheroplan.com\/es\/wp-json\/wp\/v2\/pages\/20\/revisions\/5384"}],"wp:featuredmedia":[{"embeddable":true,"href":"https:\/\/theheroplan.com\/es\/wp-json\/wp\/v2\/media\/3158"}],"wp:attachment":[{"href":"https:\/\/theheroplan.com\/es\/wp-json\/wp\/v2\/media?parent=20"}],"curies":[{"name":"wp","href":"https:\/\/api.w.org\/{rel}","templated":true}]}}