{"id":18,"date":"2014-04-29T09:15:17","date_gmt":"2014-04-29T07:15:17","guid":{"rendered":"http:\/\/theheroplan.com\/es\/?page_id=18"},"modified":"2019-10-28T14:17:49","modified_gmt":"2019-10-28T13:17:49","slug":"contacto","status":"publish","type":"page","link":"https:\/\/theheroplan.com\/es\/contacto\/","title":{"rendered":"Contacto"},"content":{"rendered":"[mk_page_section layout_structure=\u00bbfull\u00bb attachment=\u00bbscroll\u00bb bg_image=\u00bbhttp:\/\/theheroplan.com\/en\/wp-content\/uploads\/sites\/2\/2014\/04\/bgC.jpg\u00bb bg_position=\u00bbright bottom\u00bb bg_repeat=\u00bbno-repeat\u00bb bg_stretch=\u00bbtrue\u00bb parallax=\u00bbfalse\u00bb parallax_direction=\u00bbvertical\u00bb bg_video=\u00bbno\u00bb mask=\u00bbfalse\u00bb mask_opacity=\u00bb0.3&#8243; padding=\u00bb110&#8243; full_height=\u00bbfalse\u00bb full_width=\u00bbfalse\u00bb expandable=\u00bbfalse\u00bb expandable_icon=\u00bbmk-theme-icon-plus\u00bb expandable_icon_size=\u00bb16&#8243; expandable_txt_align=\u00bbleft\u00bb expandable_txt_size=\u00bb16&#8243; intro_effect=\u00bbfalse\u00bb el_class=\u00bbbgBlueGradient\u00bb][vc_column width=\u00bb1\/1&#8243;][mk_fancy_title style=\u00bbsimple\u00bb tag_name=\u00bbh1&#8243; border_width=\u00bb5&#8243; size=\u00bb55&#8243; line_height=\u00bb70&#8243; color=\u00bb#ffffff\u00bb font_weight=\u00bbnormal\u00bb letter_spacing=\u00bb0&#8243; font_family=\u00bbnone\u00bb margin_bottom=\u00bb40&#8243; align=\u00bbleft\u00bb el_class=\u00bbbigTitle\u00bb corner_style=\u00bbpointed\u00bb margin_top=\u00bb10&#8243; responsive_align=\u00bbcenter\u00bb]Contacto[\/mk_fancy_title][vc_row_inner][vc_column_inner width=\u00bb1\/2&#8243;][vc_column_text el_class=\u00bblightColor leftTextBlock\u00bb responsive_align=\u00bbcenter\u00bb]Rellena el formulario de contacto, indicando el motivo principal de tu consulta.[\/vc_column_text][mk_custom_list el_class=\u00bblightColor\u00bb]\n<ul>\n<li><strong>Servicios para Empresas<\/strong><\/li>\n<li><strong>Talleres y Eventos<\/strong><\/li>\n<li><strong>Informaci\u00f3n y soporte a la venta<\/strong><\/li>\n<li>Otras consultas<\/li>\n<\/ul>\n[\/mk_custom_list][vc_column_text el_class=\u00bblightColor leftTextBlock\u00bb]Te\u00a0atenderemos\u00a0lo antes posible.<br \/>\n<span style=\"line-height: 1.5;\">Gracias por tu confianza!<\/span><\/p>\n<p>Fighting![\/vc_column_text][mk_padding_divider size=\u00bb15&#8243;][mk_social_networks skin=\u00bblight\u00bb align=\u00bbleft\u00bb twitter=\u00bbhttps:\/\/twitter.com\/TheHeroPlan\u00bb rss=\u00bbhttp:\/\/theheroplan.com\/es\/blog\u00bb pinterest=\u00bbhttp:\/\/pinterest.com\/theheroplan\u00bb google_plus=\u00bbhttps:\/\/www.google.com\/+Theheroplan\u00bb linkedin=\u00bbhttps:\/\/www.linkedin.com\/company\/the-hero-plan\u00bb youtube=\u00bbhttps:\/\/www.youtube.com\/channel\/UC_AgLUDNM5SvYPNWXX_Xy-A\u00bb][\/vc_column_inner][vc_column_inner width=\u00bb1\/2&#8243;][mk_contact_form skin=\u00bblight\u00bb phone=\u00bbtrue\u00bb][\/vc_column_inner][\/mk_page_section]\n[mk_page_section bg_color=\u00bb#000000&#8243; bg_repeat=\u00bbno-repeat\u00bb mask_opacity=\u00bb0.3&#8243; padding=\u00bb60&#8243;][vc_column][mk_fancy_title style=\u00bbstroke\u00bb corner_style=\u00bbrounded\u00bb tag_name=\u00bbh2&#8243; border_width=\u00bb1&#8243; size=\u00bb18&#8243; line_height=\u00bb26&#8243; color=\u00bb#ffffff\u00bb font_weight=\u00bb300&#8243; font_family=\u00bbnone\u00bb margin_top=\u00bb0&#8243; margin_bottom=\u00bb20&#8243; responsive_align=\u00bbleft\u00bb el_class=\u00bblightColor\u00bb]<strong>Partners &#038; Collaborators<\/strong>[\/mk_fancy_title][mk_clients column=\u00bb2&#8243; item_height=\u00bb150&#8243; count=\u00bb2&#8243; clients=\u00bb4551,3665&#8243; order=\u00bbASC\u00bb border_width=\u00bb0&#8243; cover=\u00bbtrue\u00bb][\/vc_column][\/mk_page_section]\n[mk_page_section bg_image=\u00bbhttp:\/\/theheroplan.com\/es\/wp-content\/uploads\/sites\/2\/2014\/04\/bgContact_dvc_05.jpg\u00bb border_color=\u00bb#ed1c24&#8243; bg_position=\u00bbright bottom\u00bb bg_repeat=\u00bbno-repeat\u00bb bg_stretch=\u00bbtrue\u00bb mask_opacity=\u00bb0.3&#8243; padding=\u00bb0&#8243; section_id=\u00bbnuestro-equipo\u00bb el_class=\u00bbnoMarginBottom noBackgroundOnHandhelds \u00ab][vc_column width=\u00bb1\/2&#8243;][mk_padding_divider size=\u00bb110&#8243;][mk_image src=\u00bbhttp:\/\/theheroplan.com\/es\/wp-content\/uploads\/sites\/2\/2014\/04\/contact_dvc05.png\u00bb image_width=\u00bb100%\u00bb image_height=\u00bb400&#8243; crop=\u00bbfalse\u00bb hover=\u00bbfalse\u00bb align=\u00bbcenter\u00bb margin_bottom=\u00bb20&#8243; visibility=\u00bbvisible-sm\u00bb el_class=\u00bbspecialImage\u00bb][mk_fancy_title style=\u00bbstroke\u00bb corner_style=\u00bbrounded\u00bb tag_name=\u00bbh2&#8243; border_width=\u00bb1&#8243; border_color=\u00bb#ffffff\u00bb size=\u00bb18&#8243; line_height=\u00bb26&#8243; color=\u00bb#ffffff\u00bb font_weight=\u00bbnormal\u00bb font_family=\u00bbnone\u00bb margin_bottom=\u00bb20&#8243; el_class=\u00bbbigTitle\u00bb]<strong>El autor<\/strong><br \/>\n[\/mk_fancy_title][mk_fancy_title size=\u00bb40&#8243; line_height=\u00bb50&#8243; color=\u00bb#ffffff\u00bb font_weight=\u00bbnormal\u00bb font_family=\u00bbnone\u00bb margin_bottom=\u00bb20&#8243; el_class=\u00bbmediumTitle\u00bb]Daniel Vecino[\/mk_fancy_title][vc_column_text el_class=\u00bblightColor\u00bb]Experto en estrategia \u00e1gil, innovaci\u00f3n, modelos de negocio y neuromarketing.<\/p>\n<p>Creador y autor del best-seller \u00abEl Plan del H\u00e9roe\u201d y del reconocido modelo empresarial \u201cThe Fighting Company\u201d.<\/p>\n<p>Fundador de Wakigami, empresa desde la que impulsa la evoluci\u00f3n, innovaci\u00f3n y diferenciaci\u00f3n \u00e1gil de organizaciones de todo el mundo facilitando la superaci\u00f3n constante de retos empresariales.<\/p>\n<p>Hasta 2019,[\/vc_column_text][mk_custom_list el_class=\u00bblightColor\u00bb]\n<ul>\n<li><strong>6\u00a0proyectos internacionales como emprendedor<\/strong>, en sectores como la tecnolog\u00eda m\u00f3vil, medios de pago y comunicaci\u00f3n.<\/li>\n<li><strong>+400 eventos como divulgador<\/strong>, siempre a trav\u00e9s de su sorprendente puesta en escena.<\/li>\n<li><strong>+20\u00a0pa\u00edses<\/strong> recorridos<\/li>\n<\/ul>\n[\/mk_custom_list][mk_button corner_style=\u00bbrounded\u00bb bg_color=\u00bb#ed1c24&#8243; txt_color=\u00bb#ffffff\u00bb icon=\u00bbicon-twitter\u00bb url=\u00bbhttps:\/\/twitter.com\/intent\/follow?original_referer=http%3A%2F%2Ftheheroplan.com%2Fes%2Fcontacto%2F\u00aeion=follow_link&#038;screen_name=MrVecino&#038;tw_p=followbutton&#038;variant=2.0&#8243; margin_bottom=\u00bb10&#8243;]SIGUE a @MrVecino[\/mk_button][mk_button corner_style=\u00bbrounded\u00bb bg_color=\u00bb#ed1c24&#8243; txt_color=\u00bb#ffffff\u00bb icon=\u00bbmk-icon-linkedin-square\u00bb url=\u00bbhttp:\/\/DanielVecino.com\u00bb margin_bottom=\u00bb10&#8243;]CONTACTA LinkedIn[\/mk_button][mk_padding_divider size=\u00bb60&#8243;][\/vc_column][vc_column width=\u00bb1\/2&#8243;][\/vc_column][\/mk_page_section][mk_page_section bg_color=\u00bb#ed1c24&#8243; padding=\u00bb60&#8243;][vc_column][vc_row_inner][vc_column_inner width=\u00bb2\/3&#8243;][vc_column_text el_class=\u00bbmyCallToActionText lightColor\u00bb]<strong>EL PLAN DEL H\u00c9ROE<\/strong><br \/>\nEl libro gamificado de estrategia \u00e1gil y neuromarketing\u00a0m\u00e1s vendido del mundo[\/vc_column_text][\/vc_column_inner][vc_column_inner width=\u00bb1\/3&#8243;][mk_button corner_style=\u00bbrounded\u00bb size=\u00bblarge\u00bb bg_color=\u00bb#ffffff\u00bb txt_color=\u00bb#ed1c24&#8243; icon=\u00bbicon-shopping-cart\u00bb url=\u00bbhttp:\/\/theheroplan.com\/es\/tienda-thp\/libros\/el-plan-del-heroe-paperback\/\u00bb align=\u00bbcenter\u00bb el_class=\u00bbmyCallToActionBtn\u00bb]COMPRAR El libro[\/mk_button][\/vc_column_inner][\/vc_row_inner][\/vc_column][\/mk_page_section]\n","protected":false},"excerpt":{"rendered":"<p>[mk_page_section layout_structure=\u00bbfull\u00bb attachment=\u00bbscroll\u00bb bg_image=\u00bbhttp:\/\/theheroplan.com\/en\/wp-content\/uploads\/sites\/2\/2014\/04\/bgC.jpg\u00bb bg_position=\u00bbright bottom\u00bb bg_repeat=\u00bbno-repeat\u00bb bg_stretch=\u00bbtrue\u00bb parallax=\u00bbfalse\u00bb parallax_direction=\u00bbvertical\u00bb bg_video=\u00bbno\u00bb mask=\u00bbfalse\u00bb mask_opacity=\u00bb0.3&#8243; padding=\u00bb110&#8243; full_height=\u00bbfalse\u00bb full_width=\u00bbfalse\u00bb expandable=\u00bbfalse\u00bb expandable_icon=\u00bbmk-theme-icon-plus\u00bb expandable_icon_size=\u00bb16&#8243; expandable_txt_align=\u00bbleft\u00bb expandable_txt_size=\u00bb16&#8243; intro_effect=\u00bbfalse\u00bb el_class=\u00bbbgBlueGradient\u00bb][vc_column width=\u00bb1\/1&#8243;][mk_fancy_title style=\u00bbsimple\u00bb tag_name=\u00bbh1&#8243; border_width=\u00bb5&#8243; size=\u00bb55&#8243; line_height=\u00bb70&#8243; color=\u00bb#ffffff\u00bb font_weight=\u00bbnormal\u00bb letter_spacing=\u00bb0&#8243; font_family=\u00bbnone\u00bb margin_bottom=\u00bb40&#8243; align=\u00bbleft\u00bb el_class=\u00bbbigTitle\u00bb corner_style=\u00bbpointed\u00bb margin_top=\u00bb10&#8243; responsive_align=\u00bbcenter\u00bb]Contacto[\/mk_fancy_title][vc_row_inner][vc_column_inner width=\u00bb1\/2&#8243;][vc_column_text el_class=\u00bblightColor leftTextBlock\u00bb responsive_align=\u00bbcenter\u00bb]Rellena el formulario de contacto, indicando el motivo principal de tu consulta.[\/vc_column_text][mk_custom_list el_class=\u00bblightColor\u00bb] [&hellip;]<\/p>\n","protected":false},"author":1,"featured_media":3158,"parent":0,"menu_order":0,"comment_status":"closed","ping_status":"closed","template":"","meta":{"footnotes":""},"yoast_head":"<!-- This site is optimized with the Yoast SEO plugin v22.8 - https:\/\/yoast.com\/wordpress\/plugins\/seo\/ -->\n<title>Contacto - EL PLAN DEL H\u00c9ROE<\/title>\n<meta name=\"description\" content=\"Accede a nuestros datos de contacto y descubre al equipo de El Plan del H\u00e9roe\" \/>\n<meta name=\"robots\" content=\"index, follow, max-snippet:-1, max-image-preview:large, max-video-preview:-1\" \/>\n<link rel=\"canonical\" href=\"https:\/\/theheroplan.com\/es\/contacto\/\" \/>\n<meta property=\"og:locale\" content=\"es_ES\" \/>\n<meta property=\"og:type\" content=\"article\" \/>\n<meta property=\"og:title\" content=\"Contacto - EL PLAN DEL H\u00c9ROE\" \/>\n<meta property=\"og:description\" content=\"Accede a nuestros datos de contacto y descubre al equipo de El Plan del H\u00e9roe\" \/>\n<meta property=\"og:url\" content=\"https:\/\/theheroplan.com\/es\/contacto\/\" \/>\n<meta property=\"og:site_name\" content=\"EL PLAN DEL H\u00c9ROE\" \/>\n<meta property=\"article:modified_time\" content=\"2019-10-28T13:17:49+00:00\" \/>\n<meta property=\"og:image\" content=\"https:\/\/theheroplan.com\/es\/wp-content\/uploads\/sites\/2\/2015\/12\/banner_book_3ed.jpg\" \/>\n\t<meta property=\"og:image:width\" content=\"718\" \/>\n\t<meta property=\"og:image:height\" content=\"500\" \/>\n\t<meta property=\"og:image:type\" content=\"image\/jpeg\" \/>\n<meta name=\"twitter:card\" content=\"summary_large_image\" \/>\n<meta name=\"twitter:site\" content=\"@MrVecino\" \/>\n<meta name=\"twitter:label1\" content=\"Tiempo de lectura\" \/>\n\t<meta name=\"twitter:data1\" content=\"4 minutos\" \/>\n<script type=\"application\/ld+json\" class=\"yoast-schema-graph\">{\"@context\":\"https:\/\/schema.org\",\"@graph\":[{\"@type\":\"WebPage\",\"@id\":\"https:\/\/theheroplan.com\/es\/contacto\/\",\"url\":\"https:\/\/theheroplan.com\/es\/contacto\/\",\"name\":\"Contacto - EL PLAN DEL H\u00c9ROE\",\"isPartOf\":{\"@id\":\"https:\/\/theheroplan.com\/es\/#website\"},\"primaryImageOfPage\":{\"@id\":\"https:\/\/theheroplan.com\/es\/contacto\/#primaryimage\"},\"image\":{\"@id\":\"https:\/\/theheroplan.com\/es\/contacto\/#primaryimage\"},\"thumbnailUrl\":\"https:\/\/theheroplan.com\/es\/wp-content\/uploads\/sites\/2\/2015\/12\/banner_book_3ed.jpg\",\"datePublished\":\"2014-04-29T07:15:17+00:00\",\"dateModified\":\"2019-10-28T13:17:49+00:00\",\"description\":\"Accede a nuestros datos de contacto y descubre al equipo de El Plan del H\u00e9roe\",\"inLanguage\":\"es\",\"potentialAction\":[{\"@type\":\"ReadAction\",\"target\":[\"https:\/\/theheroplan.com\/es\/contacto\/\"]}]},{\"@type\":\"ImageObject\",\"inLanguage\":\"es\",\"@id\":\"https:\/\/theheroplan.com\/es\/contacto\/#primaryimage\",\"url\":\"https:\/\/theheroplan.com\/es\/wp-content\/uploads\/sites\/2\/2015\/12\/banner_book_3ed.jpg\",\"contentUrl\":\"https:\/\/theheroplan.com\/es\/wp-content\/uploads\/sites\/2\/2015\/12\/banner_book_3ed.jpg\",\"width\":718,\"height\":500},{\"@type\":\"WebSite\",\"@id\":\"https:\/\/theheroplan.com\/es\/#website\",\"url\":\"https:\/\/theheroplan.com\/es\/\",\"name\":\"EL PLAN DEL H\u00c9ROE\",\"description\":\"Estrategia \u00e1gil + Neuromarketing + Gamification\",\"potentialAction\":[{\"@type\":\"SearchAction\",\"target\":{\"@type\":\"EntryPoint\",\"urlTemplate\":\"https:\/\/theheroplan.com\/es\/?s={search_term_string}\"},\"query-input\":\"required name=search_term_string\"}],\"inLanguage\":\"es\"}]}<\/script>\n<!-- \/ Yoast SEO plugin. -->","yoast_head_json":{"title":"Contacto - EL PLAN DEL H\u00c9ROE","description":"Accede a nuestros datos de contacto y descubre al equipo de El Plan del H\u00e9roe","robots":{"index":"index","follow":"follow","max-snippet":"max-snippet:-1","max-image-preview":"max-image-preview:large","max-video-preview":"max-video-preview:-1"},"canonical":"https:\/\/theheroplan.com\/es\/contacto\/","og_locale":"es_ES","og_type":"article","og_title":"Contacto - EL PLAN DEL H\u00c9ROE","og_description":"Accede a nuestros datos de contacto y descubre al equipo de El Plan del H\u00e9roe","og_url":"https:\/\/theheroplan.com\/es\/contacto\/","og_site_name":"EL PLAN DEL H\u00c9ROE","article_modified_time":"2019-10-28T13:17:49+00:00","og_image":[{"width":718,"height":500,"url":"https:\/\/theheroplan.com\/es\/wp-content\/uploads\/sites\/2\/2015\/12\/banner_book_3ed.jpg","type":"image\/jpeg"}],"twitter_card":"summary_large_image","twitter_site":"@MrVecino","twitter_misc":{"Tiempo de lectura":"4 minutos"},"schema":{"@context":"https:\/\/schema.org","@graph":[{"@type":"WebPage","@id":"https:\/\/theheroplan.com\/es\/contacto\/","url":"https:\/\/theheroplan.com\/es\/contacto\/","name":"Contacto - EL PLAN DEL H\u00c9ROE","isPartOf":{"@id":"https:\/\/theheroplan.com\/es\/#website"},"primaryImageOfPage":{"@id":"https:\/\/theheroplan.com\/es\/contacto\/#primaryimage"},"image":{"@id":"https:\/\/theheroplan.com\/es\/contacto\/#primaryimage"},"thumbnailUrl":"https:\/\/theheroplan.com\/es\/wp-content\/uploads\/sites\/2\/2015\/12\/banner_book_3ed.jpg","datePublished":"2014-04-29T07:15:17+00:00","dateModified":"2019-10-28T13:17:49+00:00","description":"Accede a nuestros datos de contacto y descubre al equipo de El Plan del H\u00e9roe","inLanguage":"es","potentialAction":[{"@type":"ReadAction","target":["https:\/\/theheroplan.com\/es\/contacto\/"]}]},{"@type":"ImageObject","inLanguage":"es","@id":"https:\/\/theheroplan.com\/es\/contacto\/#primaryimage","url":"https:\/\/theheroplan.com\/es\/wp-content\/uploads\/sites\/2\/2015\/12\/banner_book_3ed.jpg","contentUrl":"https:\/\/theheroplan.com\/es\/wp-content\/uploads\/sites\/2\/2015\/12\/banner_book_3ed.jpg","width":718,"height":500},{"@type":"WebSite","@id":"https:\/\/theheroplan.com\/es\/#website","url":"https:\/\/theheroplan.com\/es\/","name":"EL PLAN DEL H\u00c9ROE","description":"Estrategia \u00e1gil + Neuromarketing + Gamification","potentialAction":[{"@type":"SearchAction","target":{"@type":"EntryPoint","urlTemplate":"https:\/\/theheroplan.com\/es\/?s={search_term_string}"},"query-input":"required name=search_term_string"}],"inLanguage":"es"}]}},"_links":{"self":[{"href":"https:\/\/theheroplan.com\/es\/wp-json\/wp\/v2\/pages\/18"}],"collection":[{"href":"https:\/\/theheroplan.com\/es\/wp-json\/wp\/v2\/pages"}],"about":[{"href":"https:\/\/theheroplan.com\/es\/wp-json\/wp\/v2\/types\/page"}],"author":[{"embeddable":true,"href":"https:\/\/theheroplan.com\/es\/wp-json\/wp\/v2\/users\/1"}],"replies":[{"embeddable":true,"href":"https:\/\/theheroplan.com\/es\/wp-json\/wp\/v2\/comments?post=18"}],"version-history":[{"count":124,"href":"https:\/\/theheroplan.com\/es\/wp-json\/wp\/v2\/pages\/18\/revisions"}],"predecessor-version":[{"id":5381,"href":"https:\/\/theheroplan.com\/es\/wp-json\/wp\/v2\/pages\/18\/revisions\/5381"}],"wp:featuredmedia":[{"embeddable":true,"href":"https:\/\/theheroplan.com\/es\/wp-json\/wp\/v2\/media\/3158"}],"wp:attachment":[{"href":"https:\/\/theheroplan.com\/es\/wp-json\/wp\/v2\/media?parent=18"}],"curies":[{"name":"wp","href":"https:\/\/api.w.org\/{rel}","templated":true}]}}