{"id":16,"date":"2014-04-29T09:14:36","date_gmt":"2014-04-29T07:14:36","guid":{"rendered":"http:\/\/theheroplan.com\/es\/?page_id=16"},"modified":"2019-10-28T13:42:22","modified_gmt":"2019-10-28T12:42:22","slug":"empresas","status":"publish","type":"page","link":"https:\/\/theheroplan.com\/es\/empresas\/","title":{"rendered":"Empresas"},"content":{"rendered":"[mk_page_section bg_image=\u00bbhttp:\/\/theheroplan.com\/es\/wp-content\/uploads\/sites\/2\/2014\/04\/bgC.jpg\u00bb bg_position=\u00bbright bottom\u00bb bg_repeat=\u00bbno-repeat\u00bb bg_stretch=\u00bbtrue\u00bb padding=\u00bb0&#8243; el_class=\u00bbbgBlueGradient\u00bb][vc_column width=\u00bb2\/3&#8243; css=\u00bb.vc_custom_1464260580655{padding-right: 20px !important;}\u00bb][mk_padding_divider size=\u00bb120&#8243;][mk_fancy_title tag_name=\u00bbh2&#8243; size=\u00bb55&#8243; line_height=\u00bb70&#8243; color=\u00bb#ffffff\u00bb font_weight=\u00bbnormal\u00bb font_family=\u00bbnone\u00bb margin_bottom=\u00bb40&#8243; el_class=\u00bbbigTitle\u00bb]\n<p>Lleg\u00f3 la hora de agitar tu empresa!<\/p>\n[\/mk_fancy_title][vc_column_text el_class=\u00bblightColor leftTextBlock\u00bb]\n<p><strong>Descubre el programa de innovaci\u00f3n colaborativa de 8 semanas de Wakigami y El Plan del H\u00e9roe.<\/strong><\/p>\n<p>Convierte tus ideas en propuestas viables y sostenibles.<br \/>\nFacilita la colaboraci\u00f3n con un lenguaje com\u00fan.<br \/>\nEval\u00faa los resultados con datos reales.<\/p>\n[\/vc_column_text][mk_padding_divider size=\u00bb15&#8243;][mk_button corner_style=\u00bbrounded\u00bb size=\u00bblarge\u00bb bg_color=\u00bb#ffffff\u00bb txt_color=\u00bb#ed1c24&#8243; url=\u00bbhttp:\/\/wakigami.com\/es\/empresas\/\u00bb]M\u00c1S Informaci\u00f3n[\/mk_button][mk_button corner_style=\u00bbrounded\u00bb size=\u00bblarge\u00bb bg_color=\u00bb#ed1c24&#8243; txt_color=\u00bb#ffffff\u00bb icon=\u00bbicon-envelope\u00bb url=\u00bbcontacto\u00bb]CONTACTAR Ahora[\/mk_button][mk_padding_divider size=\u00bb90&#8243;][\/vc_column][vc_column width=\u00bb1\/3&#8243;][\/vc_column][\/mk_page_section][mk_page_section bg_color=\u00bb#000000&#8243; padding=\u00bb0&#8243; full_width=\u00bbtrue\u00bb][vc_column][mk_clients style=\u00bbgrid\u00bb count=\u00bb18&#8243; clients=\u00bb4796,3042,2367,158,2600,2363,156,2589,2673,3978,2584,2596,1142,1146,1157,3039,148,2604&#8243; orderby=\u00bbrand\u00bb dimension=\u00bb140&#8243; cover=\u00bbtrue\u00bb][\/vc_column][\/mk_page_section][mk_page_section bg_image=\u00bbhttp:\/\/theheroplan.com\/es\/wp-content\/uploads\/sites\/2\/2014\/04\/bgC.jpg\u00bb bg_position=\u00bbcenter bottom\u00bb bg_repeat=\u00bbno-repeat\u00bb bg_stretch=\u00bbtrue\u00bb mask_opacity=\u00bb0&#8243; section_id=\u00bbcomo-trabajamos\u00bb][vc_column][mk_padding_divider size=\u00bb50&#8243;][mk_fancy_title tag_name=\u00bbh2&#8243; size=\u00bb50&#8243; line_height=\u00bb58&#8243; color=\u00bb#ffffff\u00bb font_weight=\u00bbnormal\u00bb font_family=\u00bbnone\u00bb margin_top=\u00bb20&#8243; margin_bottom=\u00bb30&#8243; responsive_align=\u00bbleft\u00bb el_class=\u00bblightColor, clear\u00bb]C\u00f3mo trabajamos<\/p>\n[\/mk_fancy_title][mk_fancy_text highlight_color=\u00bb#000000&#8243; highlight_opacity=\u00bb0&#8243; size=\u00bb22&#8243; line_height=\u00bb30&#8243; margin_bottom=\u00bb0&#8243; font_family=\u00bbnone\u00bb el_class=\u00bblightColor\u00bb]\u00a1Resultados, resultados y resultados!<\/p>\n[\/mk_fancy_text][vc_row_inner][vc_column_inner width=\u00bb1\/2&#8243;][mk_fancy_title style=\u00bbstroke\u00bb corner_style=\u00bbrounded\u00bb border_width=\u00bb1&#8243; size=\u00bb18&#8243; line_height=\u00bb26&#8243; color=\u00bb#ffffff\u00bb font_weight=\u00bb300&#8243; font_family=\u00bbnone\u00bb margin_top=\u00bb40&#8243; margin_bottom=\u00bb20&#8243; responsive_align=\u00bbleft\u00bb el_class=\u00bblightColor\u00bb]<strong>Orientado a resultados<\/strong>[\/mk_fancy_title][vc_column_text el_class=\u00bblightColor\u00bb]\n<p><strong>Aplicado sobre retos reales<\/strong> y espec\u00edficos de la empresa alineados con vuestra estrategia y objetivos a corto plazo.<\/p>\n[\/vc_column_text][mk_fancy_title style=\u00bbstroke\u00bb corner_style=\u00bbrounded\u00bb border_width=\u00bb1&#8243; size=\u00bb18&#8243; line_height=\u00bb26&#8243; color=\u00bb#ffffff\u00bb font_weight=\u00bb300&#8243; font_family=\u00bbnone\u00bb margin_top=\u00bb40&#8243; margin_bottom=\u00bb20&#8243; responsive_align=\u00bbleft\u00bb el_class=\u00bblightColor\u00bb]<strong>Aterrizado<\/strong><br \/>\n[\/mk_fancy_title][vc_column_text el_class=\u00bblightColor\u00bb]\n<p><strong>Compuesto por sesiones pr\u00e1cticas enfocadas<\/strong> en c\u00f3mo hacer las cosas y en qu\u00e9 pasos se deben seguir para ello.<\/p>\n[\/vc_column_text][mk_fancy_title style=\u00bbstroke\u00bb corner_style=\u00bbrounded\u00bb border_width=\u00bb1&#8243; size=\u00bb18&#8243; line_height=\u00bb26&#8243; color=\u00bb#ffffff\u00bb font_weight=\u00bb300&#8243; font_family=\u00bbnone\u00bb margin_top=\u00bb40&#8243; margin_bottom=\u00bb20&#8243; responsive_align=\u00bbleft\u00bb el_class=\u00bblightColor\u00bb]<strong>Real<\/strong><br \/>\n[\/mk_fancy_title][vc_column_text el_class=\u00bblightColor\u00bb]\n<p><strong>Apoyado en ejemplos de \u00e9xito y fracaso<\/strong> de empresas cercanas, reales y de distintos tama\u00f1os y sectores.<\/p>\n[\/vc_column_text][mk_fancy_title style=\u00bbstroke\u00bb corner_style=\u00bbrounded\u00bb border_width=\u00bb1&#8243; size=\u00bb18&#8243; line_height=\u00bb26&#8243; color=\u00bb#ffffff\u00bb font_weight=\u00bb300&#8243; font_family=\u00bbnone\u00bb margin_top=\u00bb40&#8243; margin_bottom=\u00bb20&#8243; responsive_align=\u00bbleft\u00bb el_class=\u00bblightColor\u00bb]<b>Para toda la organizaci\u00f3n<\/b><br \/>\n[\/mk_fancy_title][vc_column_text el_class=\u00bblightColor\u00bb]\n<p><strong>Construido sobre un m\u00e9todo y lenguaje gamificado<\/strong> que facilita que cualquier persona pueda aportar valor.<\/p>\n[\/vc_column_text][mk_fancy_title style=\u00bbstroke\u00bb corner_style=\u00bbrounded\u00bb border_width=\u00bb1&#8243; size=\u00bb18&#8243; line_height=\u00bb26&#8243; color=\u00bb#ffffff\u00bb font_weight=\u00bb300&#8243; font_family=\u00bbnone\u00bb margin_top=\u00bb40&#8243; margin_bottom=\u00bb20&#8243; responsive_align=\u00bbleft\u00bb el_class=\u00bblightColor\u00bb]<b>\u00c1gil<\/b><br \/>\n[\/mk_fancy_title][vc_column_text el_class=\u00bblightColor\u00bb]\n<p><strong>Basado en El Plan del H\u00e9roe y LeanStartup<\/strong> para dise\u00f1ar y ejecutar propuestas de \u00e9xito en un tiempo record.<\/p>\n[\/vc_column_text][mk_padding_divider][mk_button corner_style=\u00bbrounded\u00bb size=\u00bblarge\u00bb bg_color=\u00bb#ffffff\u00bb txt_color=\u00bb#ed1c24&#8243; url=\u00bbhttp:\/\/wakigami.com\/es\/empresas\/\u00bb]M\u00c1S Informaci\u00f3n[\/mk_button][mk_button corner_style=\u00bbrounded\u00bb size=\u00bblarge\u00bb bg_color=\u00bb#ed1c24&#8243; txt_color=\u00bb#ffffff\u00bb icon=\u00bbicon-envelope\u00bb url=\u00bbcontacto\u00bb]CONTACTAR Ahora[\/mk_button][\/vc_column_inner][vc_column_inner width=\u00bb1\/2&#8243;][\/vc_column_inner][\/vc_row_inner][mk_padding_divider size=\u00bb70&#8243;][\/vc_column][\/mk_page_section][mk_page_section bg_color=\u00bb#ed1c24&#8243; padding=\u00bb60&#8243;][vc_column][vc_row_inner][vc_column_inner width=\u00bb2\/3&#8243;][vc_column_text el_class=\u00bbmyCallToActionText lightColor\u00bb]Convi\u00e9rtete en un aut\u00e9ntico Hero Master<br \/>\nde la mano del creador de EL PLAN DEL H\u00c9ROE.[\/vc_column_text][\/vc_column_inner][vc_column_inner width=\u00bb1\/3&#8243;][mk_button corner_style=\u00bbrounded\u00bb size=\u00bblarge\u00bb bg_color=\u00bb#ffffff\u00bb txt_color=\u00bb#ed1c24&#8243; icon=\u00bbicon-desktop\u00bb url=\u00bbtalleres-eventos-workshops\u00bb align=\u00bbcenter\u00bb el_class=\u00bbmyCallToActionBtn\u00bb]TALLERES y EVENTOS[\/mk_button][\/vc_column_inner][\/vc_row_inner][\/vc_column][\/mk_page_section]\n","protected":false},"excerpt":{"rendered":"<p>[mk_page_section bg_image=\u00bbhttp:\/\/theheroplan.com\/es\/wp-content\/uploads\/sites\/2\/2014\/04\/bgC.jpg\u00bb bg_position=\u00bbright bottom\u00bb bg_repeat=\u00bbno-repeat\u00bb bg_stretch=\u00bbtrue\u00bb padding=\u00bb0&#8243; el_class=\u00bbbgBlueGradient\u00bb][vc_column width=\u00bb2\/3&#8243; css=\u00bb.vc_custom_1464260580655{padding-right: 20px !important;}\u00bb][mk_padding_divider size=\u00bb120&#8243;][mk_fancy_title tag_name=\u00bbh2&#8243; size=\u00bb55&#8243; line_height=\u00bb70&#8243; color=\u00bb#ffffff\u00bb font_weight=\u00bbnormal\u00bb font_family=\u00bbnone\u00bb margin_bottom=\u00bb40&#8243; el_class=\u00bbbigTitle\u00bb] Lleg\u00f3 la hora de agitar tu empresa! [\/mk_fancy_title][vc_column_text el_class=\u00bblightColor leftTextBlock\u00bb] Descubre el programa de innovaci\u00f3n colaborativa de 8 semanas de Wakigami y El Plan del H\u00e9roe. Convierte tus ideas en propuestas viables y sostenibles. [&hellip;]<\/p>\n","protected":false},"author":1,"featured_media":3158,"parent":0,"menu_order":0,"comment_status":"closed","ping_status":"closed","template":"","meta":{"footnotes":""},"yoast_head":"<!-- This site is optimized with the Yoast SEO plugin v22.8 - https:\/\/yoast.com\/wordpress\/plugins\/seo\/ -->\n<title>Empresas - EL PLAN DEL H\u00c9ROE<\/title>\n<meta name=\"description\" content=\"Lucha con El Plan del H\u00e9roe, y haz que tu empresa y propuesta no tengan rival. Formaci\u00f3n inCompany, acompa\u00f1amiento, consultor\u00eda y certificaci\u00f3n profesional.\" \/>\n<meta name=\"robots\" content=\"index, follow, max-snippet:-1, max-image-preview:large, max-video-preview:-1\" \/>\n<link rel=\"canonical\" href=\"https:\/\/theheroplan.com\/es\/empresas\/\" \/>\n<meta property=\"og:locale\" content=\"es_ES\" \/>\n<meta property=\"og:type\" content=\"article\" \/>\n<meta property=\"og:title\" content=\"Empresas - EL PLAN DEL H\u00c9ROE\" \/>\n<meta property=\"og:description\" content=\"Lucha con El Plan del H\u00e9roe, y haz que tu empresa y propuesta no tengan rival. Formaci\u00f3n inCompany, acompa\u00f1amiento, consultor\u00eda y certificaci\u00f3n profesional.\" \/>\n<meta property=\"og:url\" content=\"https:\/\/theheroplan.com\/es\/empresas\/\" \/>\n<meta property=\"og:site_name\" content=\"EL PLAN DEL H\u00c9ROE\" \/>\n<meta property=\"article:modified_time\" content=\"2019-10-28T12:42:22+00:00\" \/>\n<meta property=\"og:image\" content=\"https:\/\/theheroplan.com\/es\/wp-content\/uploads\/sites\/2\/2015\/12\/banner_book_3ed.jpg\" \/>\n\t<meta property=\"og:image:width\" content=\"718\" \/>\n\t<meta property=\"og:image:height\" content=\"500\" \/>\n\t<meta property=\"og:image:type\" content=\"image\/jpeg\" \/>\n<meta name=\"twitter:card\" content=\"summary_large_image\" \/>\n<meta name=\"twitter:site\" content=\"@MrVecino\" \/>\n<meta name=\"twitter:label1\" content=\"Tiempo de lectura\" \/>\n\t<meta name=\"twitter:data1\" content=\"4 minutos\" \/>\n<script type=\"application\/ld+json\" class=\"yoast-schema-graph\">{\"@context\":\"https:\/\/schema.org\",\"@graph\":[{\"@type\":\"WebPage\",\"@id\":\"https:\/\/theheroplan.com\/es\/empresas\/\",\"url\":\"https:\/\/theheroplan.com\/es\/empresas\/\",\"name\":\"Empresas - EL PLAN DEL H\u00c9ROE\",\"isPartOf\":{\"@id\":\"https:\/\/theheroplan.com\/es\/#website\"},\"primaryImageOfPage\":{\"@id\":\"https:\/\/theheroplan.com\/es\/empresas\/#primaryimage\"},\"image\":{\"@id\":\"https:\/\/theheroplan.com\/es\/empresas\/#primaryimage\"},\"thumbnailUrl\":\"https:\/\/theheroplan.com\/es\/wp-content\/uploads\/sites\/2\/2015\/12\/banner_book_3ed.jpg\",\"datePublished\":\"2014-04-29T07:14:36+00:00\",\"dateModified\":\"2019-10-28T12:42:22+00:00\",\"description\":\"Lucha con El Plan del H\u00e9roe, y haz que tu empresa y propuesta no tengan rival. Formaci\u00f3n inCompany, acompa\u00f1amiento, consultor\u00eda y certificaci\u00f3n profesional.\",\"inLanguage\":\"es\",\"potentialAction\":[{\"@type\":\"ReadAction\",\"target\":[\"https:\/\/theheroplan.com\/es\/empresas\/\"]}]},{\"@type\":\"ImageObject\",\"inLanguage\":\"es\",\"@id\":\"https:\/\/theheroplan.com\/es\/empresas\/#primaryimage\",\"url\":\"https:\/\/theheroplan.com\/es\/wp-content\/uploads\/sites\/2\/2015\/12\/banner_book_3ed.jpg\",\"contentUrl\":\"https:\/\/theheroplan.com\/es\/wp-content\/uploads\/sites\/2\/2015\/12\/banner_book_3ed.jpg\",\"width\":718,\"height\":500},{\"@type\":\"WebSite\",\"@id\":\"https:\/\/theheroplan.com\/es\/#website\",\"url\":\"https:\/\/theheroplan.com\/es\/\",\"name\":\"EL PLAN DEL H\u00c9ROE\",\"description\":\"Estrategia \u00e1gil + Neuromarketing + Gamification\",\"potentialAction\":[{\"@type\":\"SearchAction\",\"target\":{\"@type\":\"EntryPoint\",\"urlTemplate\":\"https:\/\/theheroplan.com\/es\/?s={search_term_string}\"},\"query-input\":\"required name=search_term_string\"}],\"inLanguage\":\"es\"}]}<\/script>\n<!-- \/ Yoast SEO plugin. -->","yoast_head_json":{"title":"Empresas - EL PLAN DEL H\u00c9ROE","description":"Lucha con El Plan del H\u00e9roe, y haz que tu empresa y propuesta no tengan rival. Formaci\u00f3n inCompany, acompa\u00f1amiento, consultor\u00eda y certificaci\u00f3n profesional.","robots":{"index":"index","follow":"follow","max-snippet":"max-snippet:-1","max-image-preview":"max-image-preview:large","max-video-preview":"max-video-preview:-1"},"canonical":"https:\/\/theheroplan.com\/es\/empresas\/","og_locale":"es_ES","og_type":"article","og_title":"Empresas - EL PLAN DEL H\u00c9ROE","og_description":"Lucha con El Plan del H\u00e9roe, y haz que tu empresa y propuesta no tengan rival. Formaci\u00f3n inCompany, acompa\u00f1amiento, consultor\u00eda y certificaci\u00f3n profesional.","og_url":"https:\/\/theheroplan.com\/es\/empresas\/","og_site_name":"EL PLAN DEL H\u00c9ROE","article_modified_time":"2019-10-28T12:42:22+00:00","og_image":[{"width":718,"height":500,"url":"https:\/\/theheroplan.com\/es\/wp-content\/uploads\/sites\/2\/2015\/12\/banner_book_3ed.jpg","type":"image\/jpeg"}],"twitter_card":"summary_large_image","twitter_site":"@MrVecino","twitter_misc":{"Tiempo de lectura":"4 minutos"},"schema":{"@context":"https:\/\/schema.org","@graph":[{"@type":"WebPage","@id":"https:\/\/theheroplan.com\/es\/empresas\/","url":"https:\/\/theheroplan.com\/es\/empresas\/","name":"Empresas - EL PLAN DEL H\u00c9ROE","isPartOf":{"@id":"https:\/\/theheroplan.com\/es\/#website"},"primaryImageOfPage":{"@id":"https:\/\/theheroplan.com\/es\/empresas\/#primaryimage"},"image":{"@id":"https:\/\/theheroplan.com\/es\/empresas\/#primaryimage"},"thumbnailUrl":"https:\/\/theheroplan.com\/es\/wp-content\/uploads\/sites\/2\/2015\/12\/banner_book_3ed.jpg","datePublished":"2014-04-29T07:14:36+00:00","dateModified":"2019-10-28T12:42:22+00:00","description":"Lucha con El Plan del H\u00e9roe, y haz que tu empresa y propuesta no tengan rival. Formaci\u00f3n inCompany, acompa\u00f1amiento, consultor\u00eda y certificaci\u00f3n profesional.","inLanguage":"es","potentialAction":[{"@type":"ReadAction","target":["https:\/\/theheroplan.com\/es\/empresas\/"]}]},{"@type":"ImageObject","inLanguage":"es","@id":"https:\/\/theheroplan.com\/es\/empresas\/#primaryimage","url":"https:\/\/theheroplan.com\/es\/wp-content\/uploads\/sites\/2\/2015\/12\/banner_book_3ed.jpg","contentUrl":"https:\/\/theheroplan.com\/es\/wp-content\/uploads\/sites\/2\/2015\/12\/banner_book_3ed.jpg","width":718,"height":500},{"@type":"WebSite","@id":"https:\/\/theheroplan.com\/es\/#website","url":"https:\/\/theheroplan.com\/es\/","name":"EL PLAN DEL H\u00c9ROE","description":"Estrategia \u00e1gil + Neuromarketing + Gamification","potentialAction":[{"@type":"SearchAction","target":{"@type":"EntryPoint","urlTemplate":"https:\/\/theheroplan.com\/es\/?s={search_term_string}"},"query-input":"required name=search_term_string"}],"inLanguage":"es"}]}},"_links":{"self":[{"href":"https:\/\/theheroplan.com\/es\/wp-json\/wp\/v2\/pages\/16"}],"collection":[{"href":"https:\/\/theheroplan.com\/es\/wp-json\/wp\/v2\/pages"}],"about":[{"href":"https:\/\/theheroplan.com\/es\/wp-json\/wp\/v2\/types\/page"}],"author":[{"embeddable":true,"href":"https:\/\/theheroplan.com\/es\/wp-json\/wp\/v2\/users\/1"}],"replies":[{"embeddable":true,"href":"https:\/\/theheroplan.com\/es\/wp-json\/wp\/v2\/comments?post=16"}],"version-history":[{"count":141,"href":"https:\/\/theheroplan.com\/es\/wp-json\/wp\/v2\/pages\/16\/revisions"}],"predecessor-version":[{"id":5380,"href":"https:\/\/theheroplan.com\/es\/wp-json\/wp\/v2\/pages\/16\/revisions\/5380"}],"wp:featuredmedia":[{"embeddable":true,"href":"https:\/\/theheroplan.com\/es\/wp-json\/wp\/v2\/media\/3158"}],"wp:attachment":[{"href":"https:\/\/theheroplan.com\/es\/wp-json\/wp\/v2\/media?parent=16"}],"curies":[{"name":"wp","href":"https:\/\/api.w.org\/{rel}","templated":true}]}}