{"id":14,"date":"2014-04-29T09:13:52","date_gmt":"2014-04-29T07:13:52","guid":{"rendered":"http:\/\/theheroplan.com\/es\/?page_id=14"},"modified":"2017-08-28T08:18:22","modified_gmt":"2017-08-28T07:18:22","slug":"talleres-eventos-workshops","status":"publish","type":"page","link":"https:\/\/theheroplan.com\/es\/talleres-eventos-workshops\/","title":{"rendered":"Talleres, Eventos y Certificaci\u00f3n Profesional"},"content":{"rendered":"[mk_page_section bg_image=\u00bbhttp:\/\/theheroplan.com\/es\/wp-content\/uploads\/sites\/2\/2014\/04\/bgC.jpg\u00bb bg_position=\u00bbright bottom\u00bb bg_repeat=\u00bbno-repeat\u00bb bg_stretch=\u00bbtrue\u00bb section_id=\u00bbproximasActuaciones\u00bb el_class=\u00bbbgBlueGradient\u00bb][vc_column][mk_padding_divider size=\u00bb90&#8243;][mk_fancy_title tag_name=\u00bbh2&#8243; size=\u00bb55&#8243; line_height=\u00bb70&#8243; color=\u00bb#ffffff\u00bb font_weight=\u00bbnormal\u00bb font_family=\u00bbnone\u00bb margin_bottom=\u00bb40&#8243; el_class=\u00bbbigTitle\u00bb]Talleres y Eventos[\/mk_fancy_title][vc_row_inner][vc_column_inner width=\u00bb2\/3&#8243;][vc_column_text el_class=\u00bblightColor leftTextBlock\u00bb]<strong>Prep\u00e1rate para la batalla<\/strong> luchando con el creador de EL PLAN DEL H\u00c9ROE en nuestros talleres y eventos.<\/p>\n<p><strong>Convi\u00e9rtete en un maestro de la estrategia y el neuromarketing <\/strong>con nuestra <strong>certificaci\u00f3n profesional<\/strong>.<\/p>\n[\/vc_column_text][mk_padding_divider size=\u00bb20&#8243;][mk_button corner_style=\u00bbrounded\u00bb size=\u00bblarge\u00bb bg_color=\u00bb#ed1c24&#8243; txt_color=\u00bb#ffffff\u00bb icon=\u00bbmk-icon-certificate\u00bb url=\u00bbhttp:\/\/theheroplan.com\/es\/hero-master-certified-professional\/\u00bb margin_bottom=\u00bb10&#8243;]Certificaci\u00f3n Profesional[\/mk_button][mk_button corner_style=\u00bbrounded\u00bb size=\u00bblarge\u00bb bg_color=\u00bb#ffffff\u00bb txt_color=\u00bb#ed1c24&#8243; icon=\u00bbicon-map-marker\u00bb url=\u00bbhttp:\/\/wakigami.com\/eventos\u00bb margin_bottom=\u00bb10&#8243;]Pr\u00f3ximos eventos[\/mk_button][\/vc_column_inner][vc_column_inner width=\u00bb1\/3&#8243;][\/vc_column_inner][\/vc_row_inner][mk_padding_divider size=\u00bb60&#8243;][mk_padding_divider size=\u00bb60&#8243;][\/vc_column][\/mk_page_section][mk_page_section bg_color=\u00bb#000000&#8243; padding=\u00bb0&#8243; full_width=\u00bbtrue\u00bb visibility=\u00bbhidden-sm\u00bb][vc_column][mk_gallery images=\u00bb4542,4536,4535,4543,4541,4540,4539,4538,4537&#8243; structure=\u00bbscroller\u00bb scroller_dimension=\u00bb200&#8243; image_quality=\u00bb2&#8243; margin_bottom=\u00bb0&#8243; item_id=\u00bb1424882451-54edfb1314a8d\u00bb][\/vc_column][\/mk_page_section][mk_page_section bg_color=\u00bb#ed1c24&#8243; padding=\u00bb60&#8243;][vc_column][vc_row_inner][vc_column_inner width=\u00bb2\/3&#8243;][vc_column_text el_class=\u00bbmyCallToActionText lightColor\u00bb]Cuenta con nosotros para tu evento,<br \/>\ny vivir\u00e1s <strong>una experiencia memorable<\/strong>[\/vc_column_text][\/vc_column_inner][vc_column_inner width=\u00bb1\/3&#8243;][mk_button corner_style=\u00bbrounded\u00bb size=\u00bblarge\u00bb bg_color=\u00bb#ffffff\u00bb txt_color=\u00bb#ed1c24&#8243; icon=\u00bbicon-envelope\u00bb url=\u00bbcontacto\u00bb align=\u00bbcenter\u00bb]CONTACTAR Ahora[\/mk_button][\/vc_column_inner][\/vc_row_inner][\/vc_column][\/mk_page_section][mk_page_section section_id=\u00bbproximas-actuaciones\u00bb el_class=\u00bbbgBlueGradient\u00bb][vc_column][mk_padding_divider size=\u00bb90&#8243;][mk_image src=\u00bbhttp:\/\/theheroplan.com\/es\/wp-content\/uploads\/sites\/2\/2014\/04\/worldmap.png\u00bb image_width=\u00bb100%\u00bb image_height=\u00bb100%\u00bb crop=\u00bbfalse\u00bb hover=\u00bbfalse\u00bb align=\u00bbcenter\u00bb margin_bottom=\u00bb30&#8243;][mk_fancy_title tag_name=\u00bbh2&#8243; size=\u00bb35&#8243; line_height=\u00bb50&#8243; color=\u00bb#ffffff\u00bb font_weight=\u00bbnormal\u00bb font_family=\u00bbnone\u00bb margin_bottom=\u00bb40&#8243; align=\u00bbcenter\u00bb]Pr\u00f3ximas actuaciones<\/p>\n[\/mk_fancy_title][mk_padding_divider size=\u00bb20&#8243;][vc_column_text el_class=\u00bblightColor\u00bb]\n<div style=\"text-align:center\">Consulta la lista completa de eventos en <a href=\"http:\/\/wakigami.com\/es\/eventos\">Wakigami.com<\/a>,<br \/>\nla comunidad de fighters de El Plan del H\u00e9roe.<\/div>\n[\/vc_column_text][mk_padding_divider size=\u00bb30&#8243;][mk_button corner_style=\u00bbrounded\u00bb size=\u00bblarge\u00bb bg_color=\u00bb#ed1c24&#8243; txt_color=\u00bb#ffffff\u00bb icon=\u00bbmk-icon-certificate\u00bb url=\u00bbhttp:\/\/wakigami.com\/es\/eventos\u00bb align=\u00bbcenter\u00bb margin_bottom=\u00bb10&#8243;]VER Pr\u00f3ximos eventos[\/mk_button][mk_padding_divider size=\u00bb90&#8243;][\/vc_column][\/mk_page_section][mk_page_section section_id=\u00bbproximas-actuaciones\u00bb el_class=\u00bbbgBlueGradient hidden\u00bb][vc_column][mk_padding_divider size=\u00bb90&#8243;][mk_image src=\u00bbhttp:\/\/theheroplan.com\/es\/wp-content\/uploads\/sites\/2\/2014\/04\/worldmap.png\u00bb image_width=\u00bb100%\u00bb image_height=\u00bb100%\u00bb crop=\u00bbfalse\u00bb hover=\u00bbfalse\u00bb align=\u00bbcenter\u00bb margin_bottom=\u00bb30&#8243;][mk_fancy_title tag_name=\u00bbh2&#8243; size=\u00bb35&#8243; line_height=\u00bb50&#8243; color=\u00bb#ffffff\u00bb font_weight=\u00bbnormal\u00bb font_family=\u00bbnone\u00bb margin_bottom=\u00bb40&#8243; align=\u00bbcenter\u00bb]Pr\u00f3ximas actuaciones<\/p>\n[\/mk_fancy_title][mk_padding_divider size=\u00bb20&#8243;][vc_row_inner visibility=\u00bbhidden-sm\u00bb][vc_column_inner width=\u00bb2\/3&#8243;][mk_blog style=\u00bbmasonry\u00bb column=\u00bb1&#8243; image_height=\u00bb500&#8243; count=\u00bb100&#8243; cat=\u00bb9&#8243; disable_meta=\u00bbfalse\u00bb pagination=\u00bbfalse\u00bb excerpt_length=\u00bb2000&#8243; order=\u00bbASC\u00bb el_class=\u00bbblog-entry-heading myBlog\u00bb item_id=\u00bb1422973675-54d0daeb67abb\u00bb][mk_button corner_style=\u00bbrounded\u00bb size=\u00bblarge\u00bb bg_color=\u00bb#ed1c24&#8243; txt_color=\u00bb#ffffff\u00bb icon=\u00bbicon-map-marker\u00bb url=\u00bb#eventos-anteriores\u00bb align=\u00bbcenter\u00bb margin_bottom=\u00bb20&#8243;]VER Eventos Anteriores[\/mk_button][\/vc_column_inner][vc_column_inner width=\u00bb1\/3&#8243;][mk_blog style=\u00bbmasonry\u00bb column=\u00bb1&#8243; image_height=\u00bb450&#8243; count=\u00bb1&#8243; cat=\u00bb76&#8243; disable_meta=\u00bbfalse\u00bb pagination=\u00bbfalse\u00bb excerpt_length=\u00bb2000&#8243; el_class=\u00bbblog-entry-heading myBlog\u00bb item_id=\u00bb1422973682-54d0daf28396a\u00bb][\/vc_column_inner][\/vc_row_inner][mk_padding_divider size=\u00bb90&#8243;][\/vc_column][\/mk_page_section][vc_row fullwidth=\u00bbtrue\u00bb][vc_column][mk_divider divider_color=\u00bb#ed1c24&#8243; margin_top=\u00bb0&#8243; margin_bottom=\u00bb0&#8243;][\/vc_column][\/vc_row][mk_page_section bg_color=\u00bb#000000&#8243; padding=\u00bb40&#8243;][vc_column][vc_row_inner][vc_column_inner width=\u00bb1\/3&#8243;][mk_chart percent=\u00bb95&#8243; track_color=\u00bbrgba(255,255,255,0.3)\u00bb line_width=\u00bb5&#8243; bar_size=\u00bb150&#8243; content_type=\u00bbcustom_text\u00bb custom_text=\u00bb+ 8.000&#8243; desc=\u00bbASISTENTES\u00bb][\/vc_column_inner][vc_column_inner width=\u00bb1\/3&#8243;][mk_chart percent=\u00bb95&#8243; track_color=\u00bbrgba(255,255,255,0.3)\u00bb line_width=\u00bb5&#8243; bar_size=\u00bb150&#8243; content_type=\u00bbcustom_text\u00bb custom_text=\u00bb+ 9.7 \/ 10&#8243; desc=\u00bbVALORACI\u00d3N MEDIA\u00bb el_class=\u00bblightColor\u00bb][\/vc_column_inner][vc_column_inner width=\u00bb1\/3&#8243;][mk_chart percent=\u00bb95&#8243; track_color=\u00bbrgba(255,255,255,0.3)\u00bb line_width=\u00bb5&#8243; bar_size=\u00bb150&#8243; content_type=\u00bbcustom_text\u00bb custom_text=\u00bb+ 1.250&#8243; desc=\u00bbHORAS DE TALLERES y EVENTOS\u00bb][\/vc_column_inner][\/vc_row_inner][mk_padding_divider size=\u00bb20&#8243;][\/vc_column][\/mk_page_section][mk_page_section bg_color=\u00bb#000000&#8243; border_color=\u00bbrgba(255,255,255,0.2)\u00bb padding=\u00bb0&#8243; full_width=\u00bbtrue\u00bb][vc_column][mk_clients style=\u00bbgrid\u00bb count=\u00bb22&#8243; clients=\u00bb1153,2367,1165,1161,1909,1172,3045,1148,1159,4394,4007,2356,3818,1163,2584,1177,1142,1146,1157,3039,4857,1906&#8243; orderby=\u00bbrand\u00bb cover=\u00bbtrue\u00bb][\/vc_column][\/mk_page_section][vc_row fullwidth=\u00bbtrue\u00bb][vc_column][mk_divider divider_color=\u00bb#ed1c24&#8243; margin_top=\u00bb0&#8243; margin_bottom=\u00bb0&#8243;][\/vc_column][\/vc_row][mk_page_section bg_repeat=\u00bbno-repeat\u00bb bg_stretch=\u00bbtrue\u00bb section_id=\u00bbeventos-anteriores\u00bb visibility=\u00bbhidden-sm\u00bb el_class=\u00bbbgBlueGradient\u00bb][vc_column][mk_padding_divider size=\u00bb90&#8243;][mk_fancy_title tag_name=\u00bbh2&#8243; size=\u00bb35&#8243; line_height=\u00bb50&#8243; color=\u00bb#ffffff\u00bb font_weight=\u00bbnormal\u00bb font_family=\u00bbnone\u00bb margin_bottom=\u00bb40&#8243; align=\u00bbcenter\u00bb el_class=\u00bbmediumTitle\u00bb]Talleres y Eventos anteriores<\/p>\n[\/mk_fancy_title][vc_column_text el_class=\u00bblightColor\u00bb]\n<div style=\"text-align:center\">Lista actualizada hasta Abril 2017.<br \/>M\u00e1s eventos en <strong><a href=\"http:\/\/wakigami.com\/es\/eventos\">Wakigami.com<\/a><\/strong><\/div>\n[\/vc_column_text][mk_padding_divider][mk_blog style=\u00bbmasonry\u00bb column=\u00bb2&#8243; image_height=\u00bb250&#8243; cat=\u00bb10&#8243; disable_meta=\u00bbfalse\u00bb pagination_style=\u00bb2&#8243; excerpt_length=\u00bb2000&#8243; el_class=\u00bbblog-entry-heading myBlog\u00bb item_id=\u00bb1422973695-54d0daff54f32&#8243;][mk_padding_divider size=\u00bb90&#8243;][\/vc_column][\/mk_page_section][mk_page_section bg_color=\u00bb#ed1c24&#8243; padding=\u00bb60&#8243;][vc_column][vc_row_inner][vc_column_inner width=\u00bb2\/3&#8243;][vc_column_text el_class=\u00bbmyCallToActionText lightColor\u00bb]Estamos listos para luchar a tu lado.<br \/>\nHaz que <strong>tu empresa<\/strong> y propuesta no tengan rival![\/vc_column_text][\/vc_column_inner][vc_column_inner width=\u00bb1\/3&#8243;][mk_button corner_style=\u00bbrounded\u00bb size=\u00bblarge\u00bb bg_color=\u00bb#ffffff\u00bb txt_color=\u00bb#ed1c24&#8243; icon=\u00bbicon-briefcase\u00bb url=\u00bbempresas\u00bb align=\u00bbcenter\u00bb el_class=\u00bbmyCallToActionBtn\u00bb]SERVICIOS en Empresas[\/mk_button][\/vc_column_inner][\/vc_row_inner][\/vc_column][\/mk_page_section]\n","protected":false},"excerpt":{"rendered":"<p>[mk_page_section bg_image=\u00bbhttp:\/\/theheroplan.com\/es\/wp-content\/uploads\/sites\/2\/2014\/04\/bgC.jpg\u00bb bg_position=\u00bbright bottom\u00bb bg_repeat=\u00bbno-repeat\u00bb bg_stretch=\u00bbtrue\u00bb section_id=\u00bbproximasActuaciones\u00bb el_class=\u00bbbgBlueGradient\u00bb][vc_column][mk_padding_divider size=\u00bb90&#8243;][mk_fancy_title tag_name=\u00bbh2&#8243; size=\u00bb55&#8243; line_height=\u00bb70&#8243; color=\u00bb#ffffff\u00bb font_weight=\u00bbnormal\u00bb font_family=\u00bbnone\u00bb margin_bottom=\u00bb40&#8243; el_class=\u00bbbigTitle\u00bb]Talleres y Eventos[\/mk_fancy_title][vc_row_inner][vc_column_inner width=\u00bb2\/3&#8243;][vc_column_text el_class=\u00bblightColor leftTextBlock\u00bb]Prep\u00e1rate para la batalla luchando con el creador de EL PLAN DEL H\u00c9ROE en nuestros talleres y eventos. Convi\u00e9rtete en un maestro de la estrategia y el neuromarketing con nuestra certificaci\u00f3n profesional. [\/vc_column_text][mk_padding_divider size=\u00bb20&#8243;][mk_button [&hellip;]<\/p>\n","protected":false},"author":1,"featured_media":645,"parent":0,"menu_order":0,"comment_status":"closed","ping_status":"closed","template":"","meta":{"footnotes":""},"yoast_head":"<!-- This site is optimized with the Yoast SEO plugin v22.8 - https:\/\/yoast.com\/wordpress\/plugins\/seo\/ -->\n<title>Talleres, Eventos y Certificaci\u00f3n Profesional - EL PLAN DEL H\u00c9ROE<\/title>\n<meta name=\"description\" content=\"Descubre los talleres y eventos de El Plan del H\u00e9roe, y convi\u00e9rtete en un aut\u00e9ntico Hero Master de la estrategia \u00e1gil y el neuromarketing.\" \/>\n<meta name=\"robots\" content=\"index, follow, max-snippet:-1, max-image-preview:large, max-video-preview:-1\" \/>\n<link rel=\"canonical\" href=\"https:\/\/theheroplan.com\/es\/talleres-eventos-workshops\/\" \/>\n<meta property=\"og:locale\" content=\"es_ES\" \/>\n<meta property=\"og:type\" content=\"article\" \/>\n<meta property=\"og:title\" content=\"Talleres, Eventos y Certificaci\u00f3n Profesional - EL PLAN DEL H\u00c9ROE\" \/>\n<meta property=\"og:description\" content=\"Descubre los talleres y eventos de El Plan del H\u00e9roe, y convi\u00e9rtete en un aut\u00e9ntico Hero Master de la estrategia \u00e1gil y el neuromarketing.\" \/>\n<meta property=\"og:url\" content=\"https:\/\/theheroplan.com\/es\/talleres-eventos-workshops\/\" \/>\n<meta property=\"og:site_name\" content=\"EL PLAN DEL H\u00c9ROE\" \/>\n<meta property=\"article:modified_time\" content=\"2017-08-28T07:18:22+00:00\" \/>\n<meta property=\"og:image\" content=\"https:\/\/theheroplan.com\/es\/wp-content\/uploads\/sites\/2\/2014\/04\/worldmap.png\" \/>\n\t<meta property=\"og:image:width\" content=\"813\" \/>\n\t<meta property=\"og:image:height\" content=\"337\" \/>\n\t<meta property=\"og:image:type\" content=\"image\/png\" \/>\n<meta name=\"twitter:card\" content=\"summary_large_image\" \/>\n<meta name=\"twitter:site\" content=\"@MrVecino\" \/>\n<meta name=\"twitter:label1\" content=\"Tiempo de lectura\" \/>\n\t<meta name=\"twitter:data1\" content=\"5 minutos\" \/>\n<script type=\"application\/ld+json\" class=\"yoast-schema-graph\">{\"@context\":\"https:\/\/schema.org\",\"@graph\":[{\"@type\":\"WebPage\",\"@id\":\"https:\/\/theheroplan.com\/es\/talleres-eventos-workshops\/\",\"url\":\"https:\/\/theheroplan.com\/es\/talleres-eventos-workshops\/\",\"name\":\"Talleres, Eventos y Certificaci\u00f3n Profesional - EL PLAN DEL H\u00c9ROE\",\"isPartOf\":{\"@id\":\"https:\/\/theheroplan.com\/es\/#website\"},\"primaryImageOfPage\":{\"@id\":\"https:\/\/theheroplan.com\/es\/talleres-eventos-workshops\/#primaryimage\"},\"image\":{\"@id\":\"https:\/\/theheroplan.com\/es\/talleres-eventos-workshops\/#primaryimage\"},\"thumbnailUrl\":\"https:\/\/theheroplan.com\/es\/wp-content\/uploads\/sites\/2\/2014\/04\/worldmap.png\",\"datePublished\":\"2014-04-29T07:13:52+00:00\",\"dateModified\":\"2017-08-28T07:18:22+00:00\",\"description\":\"Descubre los talleres y eventos de El Plan del H\u00e9roe, y convi\u00e9rtete en un aut\u00e9ntico Hero Master de la estrategia \u00e1gil y el neuromarketing.\",\"inLanguage\":\"es\",\"potentialAction\":[{\"@type\":\"ReadAction\",\"target\":[\"https:\/\/theheroplan.com\/es\/talleres-eventos-workshops\/\"]}]},{\"@type\":\"ImageObject\",\"inLanguage\":\"es\",\"@id\":\"https:\/\/theheroplan.com\/es\/talleres-eventos-workshops\/#primaryimage\",\"url\":\"https:\/\/theheroplan.com\/es\/wp-content\/uploads\/sites\/2\/2014\/04\/worldmap.png\",\"contentUrl\":\"https:\/\/theheroplan.com\/es\/wp-content\/uploads\/sites\/2\/2014\/04\/worldmap.png\",\"width\":813,\"height\":337,\"caption\":\"Talleres y eventos\"},{\"@type\":\"WebSite\",\"@id\":\"https:\/\/theheroplan.com\/es\/#website\",\"url\":\"https:\/\/theheroplan.com\/es\/\",\"name\":\"EL PLAN DEL H\u00c9ROE\",\"description\":\"Estrategia \u00e1gil + Neuromarketing + Gamification\",\"potentialAction\":[{\"@type\":\"SearchAction\",\"target\":{\"@type\":\"EntryPoint\",\"urlTemplate\":\"https:\/\/theheroplan.com\/es\/?s={search_term_string}\"},\"query-input\":\"required name=search_term_string\"}],\"inLanguage\":\"es\"}]}<\/script>\n<!-- \/ Yoast SEO plugin. -->","yoast_head_json":{"title":"Talleres, Eventos y Certificaci\u00f3n Profesional - EL PLAN DEL H\u00c9ROE","description":"Descubre los talleres y eventos de El Plan del H\u00e9roe, y convi\u00e9rtete en un aut\u00e9ntico Hero Master de la estrategia \u00e1gil y el neuromarketing.","robots":{"index":"index","follow":"follow","max-snippet":"max-snippet:-1","max-image-preview":"max-image-preview:large","max-video-preview":"max-video-preview:-1"},"canonical":"https:\/\/theheroplan.com\/es\/talleres-eventos-workshops\/","og_locale":"es_ES","og_type":"article","og_title":"Talleres, Eventos y Certificaci\u00f3n Profesional - EL PLAN DEL H\u00c9ROE","og_description":"Descubre los talleres y eventos de El Plan del H\u00e9roe, y convi\u00e9rtete en un aut\u00e9ntico Hero Master de la estrategia \u00e1gil y el neuromarketing.","og_url":"https:\/\/theheroplan.com\/es\/talleres-eventos-workshops\/","og_site_name":"EL PLAN DEL H\u00c9ROE","article_modified_time":"2017-08-28T07:18:22+00:00","og_image":[{"width":813,"height":337,"url":"https:\/\/theheroplan.com\/es\/wp-content\/uploads\/sites\/2\/2014\/04\/worldmap.png","type":"image\/png"}],"twitter_card":"summary_large_image","twitter_site":"@MrVecino","twitter_misc":{"Tiempo de lectura":"5 minutos"},"schema":{"@context":"https:\/\/schema.org","@graph":[{"@type":"WebPage","@id":"https:\/\/theheroplan.com\/es\/talleres-eventos-workshops\/","url":"https:\/\/theheroplan.com\/es\/talleres-eventos-workshops\/","name":"Talleres, Eventos y Certificaci\u00f3n Profesional - EL PLAN DEL H\u00c9ROE","isPartOf":{"@id":"https:\/\/theheroplan.com\/es\/#website"},"primaryImageOfPage":{"@id":"https:\/\/theheroplan.com\/es\/talleres-eventos-workshops\/#primaryimage"},"image":{"@id":"https:\/\/theheroplan.com\/es\/talleres-eventos-workshops\/#primaryimage"},"thumbnailUrl":"https:\/\/theheroplan.com\/es\/wp-content\/uploads\/sites\/2\/2014\/04\/worldmap.png","datePublished":"2014-04-29T07:13:52+00:00","dateModified":"2017-08-28T07:18:22+00:00","description":"Descubre los talleres y eventos de El Plan del H\u00e9roe, y convi\u00e9rtete en un aut\u00e9ntico Hero Master de la estrategia \u00e1gil y el neuromarketing.","inLanguage":"es","potentialAction":[{"@type":"ReadAction","target":["https:\/\/theheroplan.com\/es\/talleres-eventos-workshops\/"]}]},{"@type":"ImageObject","inLanguage":"es","@id":"https:\/\/theheroplan.com\/es\/talleres-eventos-workshops\/#primaryimage","url":"https:\/\/theheroplan.com\/es\/wp-content\/uploads\/sites\/2\/2014\/04\/worldmap.png","contentUrl":"https:\/\/theheroplan.com\/es\/wp-content\/uploads\/sites\/2\/2014\/04\/worldmap.png","width":813,"height":337,"caption":"Talleres y eventos"},{"@type":"WebSite","@id":"https:\/\/theheroplan.com\/es\/#website","url":"https:\/\/theheroplan.com\/es\/","name":"EL PLAN DEL H\u00c9ROE","description":"Estrategia \u00e1gil + Neuromarketing + Gamification","potentialAction":[{"@type":"SearchAction","target":{"@type":"EntryPoint","urlTemplate":"https:\/\/theheroplan.com\/es\/?s={search_term_string}"},"query-input":"required name=search_term_string"}],"inLanguage":"es"}]}},"_links":{"self":[{"href":"https:\/\/theheroplan.com\/es\/wp-json\/wp\/v2\/pages\/14"}],"collection":[{"href":"https:\/\/theheroplan.com\/es\/wp-json\/wp\/v2\/pages"}],"about":[{"href":"https:\/\/theheroplan.com\/es\/wp-json\/wp\/v2\/types\/page"}],"author":[{"embeddable":true,"href":"https:\/\/theheroplan.com\/es\/wp-json\/wp\/v2\/users\/1"}],"replies":[{"embeddable":true,"href":"https:\/\/theheroplan.com\/es\/wp-json\/wp\/v2\/comments?post=14"}],"version-history":[{"count":154,"href":"https:\/\/theheroplan.com\/es\/wp-json\/wp\/v2\/pages\/14\/revisions"}],"predecessor-version":[{"id":5126,"href":"https:\/\/theheroplan.com\/es\/wp-json\/wp\/v2\/pages\/14\/revisions\/5126"}],"wp:featuredmedia":[{"embeddable":true,"href":"https:\/\/theheroplan.com\/es\/wp-json\/wp\/v2\/media\/645"}],"wp:attachment":[{"href":"https:\/\/theheroplan.com\/es\/wp-json\/wp\/v2\/media?parent=14"}],"curies":[{"name":"wp","href":"https:\/\/api.w.org\/{rel}","templated":true}]}}