{"id":1398,"date":"2014-06-12T19:27:12","date_gmt":"2014-06-12T17:27:12","guid":{"rendered":"http:\/\/theheroplan.com\/es\/?page_id=1398"},"modified":"2014-06-12T19:36:10","modified_gmt":"2014-06-12T17:36:10","slug":"aviso-legal","status":"publish","type":"page","link":"https:\/\/theheroplan.com\/es\/aviso-legal\/","title":{"rendered":"Aviso legal"},"content":{"rendered":"[vc_row][vc_column width=\u00bb2\/3&#8243;][vc_column_text el_class=\u00bblightColor\u00bb]\n<h1>Aviso legal<\/h1>\n<p>En cumplimiento con el deber de informaci\u00f3n recogido en art\u00edculo 10 de la Ley 34\/2002, de 11 de julio, de Servicios de la Sociedad de la Informaci\u00f3n y del Comercio Electr\u00f3nico a continuaci\u00f3n se declara TheHeroPlan.com como un sitio web profesional gestionado por Daniel Vecino con DNI 17746114G (en adelante, \u00abel prestador\u00bb) con domicilio en World Trade Center Zaragoza, Av. Mar\u00eda Zambrano 31 Torre Oeste planta 15, 50018 Zaragoza (Espa\u00f1a).<\/p>\n<h2>Responsabilidad<\/h2>\n<p>Toda persona que acceda a este sitio web asume el papel de usuario, comprometi\u00e9ndose a la observancia y cumplimiento riguroso de las disposiciones aqu\u00ed dispuestas, as\u00ed como a cualquier otra disposici\u00f3n legal que fuera de aplicaci\u00f3n.<\/p>\n<p>El prestador se exime de cualquier tipo de responsabilidad derivada de la informaci\u00f3n publicada en su sitio web y por la falta de disponibilidad (ca\u00eddas) del sitio el cual efectuar\u00e1 adem\u00e1s paradas peri\u00f3dicas por mantenimientos t\u00e9cnicos. Adem\u00e1s, el prestador se reserva el derecho a modificar cualquier tipo de informaci\u00f3n que pudiera aparecer en el sitio web, sin que exista obligaci\u00f3n de preavisar o poner en conocimiento de los usuarios dichas obligaciones, entendi\u00e9ndose como suficiente con la publicaci\u00f3n en el sitio web del prestador.<\/p>\n<h2>Pol\u00edtica de cookies<\/h2>\n<p>Una <em>cookie<\/em> es un peque\u00f1o fichero de texto que se almacena en su navegador cuando visita casi cualquier p\u00e1gina web. Su utilidad es que la web sea capaz de recordar su visita cuando vuelva a navegar por esa p\u00e1gina. Las <em>cookies<\/em> suelen almacenar informaci\u00f3n de car\u00e1cter t\u00e9cnico, preferencias personales, personalizaci\u00f3n de contenidos, estad\u00edsticas de uso, enlaces a redes sociales, acceso a cuentas de usuario, etc. El objetivo de la <em>cookie<\/em> es adaptar el contenido de la web a su perfil y necesidades, sin <em>cookies<\/em> los servicios ofrecidos por cualquier p\u00e1gina se ver\u00edan mermados notablemente. Si desea consultar m\u00e1s informaci\u00f3n sobre qu\u00e9 son las <em>cookies<\/em>, qu\u00e9 almacenan, c\u00f3mo eliminarlas, desactivarlas, etc., <a href=\"http:\/\/webartesanal.com\/mas-informacion-sobre-las-cookies\/\">le rogamos se dirija a este enlace.<\/a><\/p>\n<p><strong>Cookies utilizadas en este sitio web<\/strong><br \/>\nSiguiendo las directrices de la Agencia Espa\u00f1ola de Protecci\u00f3n de Datos procedemos a detallar el uso de <em>cookies<\/em> que hace esta web con el fin de informarle con la m\u00e1xima exactitud posible.<\/p>\n<p>Este sitio web utiliza las siguientes <strong>cookies propias<\/strong>:<\/p>\n<ul>\n<li>Cookies de sesi\u00f3n, para garantizar que los usuarios que escriban comentarios en el blog sean humanos y no aplicaciones automatizadas. De esta forma se combate el <em>spam<\/em>.<\/li>\n<\/ul>\n<p>Este sitio web utiliza las siguientes <strong>cookies de terceros<\/strong>:<\/p>\n<ul>\n<li>Google Analytics: Almacena <em>cookies<\/em> para poder elaborar estad\u00edsticas sobre el tr\u00e1fico y volumen de visitas de esta web. Al utilizar este sitio web est\u00e1 consintiendo el tratamiento de informaci\u00f3n acerca de usted por Google. Por tanto, el ejercicio de cualquier derecho en este sentido deber\u00e1 hacerlo comunicando directamente con Google.<\/li>\n<li>Redes sociales: Cada red social utiliza sus propias <em>cookies<\/em> para que usted pueda pinchar en botones del tipo <em>Me gusta<\/em> o <em>Compartir<\/em>.<\/li>\n<\/ul>\n<p><strong>Desactivaci\u00f3n o eliminaci\u00f3n de cookies<\/strong><br \/>\nEn cualquier momento podr\u00e1 ejercer su derecho de desactivaci\u00f3n o eliminaci\u00f3n de cookies de este sitio web. Estas acciones se realizan de forma diferente en funci\u00f3n del navegador que est\u00e9 usando. <a href=\"http:\/\/webartesanal.com\/mas-informacion-sobre-las-cookies\/#navegadores\">Aqu\u00ed le dejamos una gu\u00eda r\u00e1pida para los navegadores m\u00e1s populares<\/a>.<\/p>\n<p><strong>Notas adicionales<\/strong><\/p>\n<ul>\n<li>Ni esta web ni sus representantes legales se hacen responsables ni del contenido ni de la veracidad de las pol\u00edticas de privacidad que puedan tener los terceros mencionados en esta pol\u00edtica de <em>cookies<\/em>.<\/li>\n<li>Los navegadores web son las herramientas encargadas de almacenar las <em>cookies<\/em> y desde este lugar debe efectuar su derecho a eliminaci\u00f3n o desactivaci\u00f3n de las mismas. Ni esta web ni sus representantes legales pueden garantizar la correcta o incorrecta manipulaci\u00f3n de las <em>cookies<\/em> por parte de los mencionados navegadores.<\/li>\n<li>En algunos casos es necesario instalar <em>cookies<\/em> para que el navegador no olvide su decisi\u00f3n de no aceptaci\u00f3n de las mismas.<\/li>\n<li>En el caso de las <em>cookies<\/em> de Google Analytics, esta empresa almacena las <em>cookies<\/em> en servidores ubicados en Estados Unidos y se compromete a no compartirla con terceros, excepto en los casos en los que sea necesario para el funcionamiento del sistema o cuando la ley obligue a tal efecto. Seg\u00fan Google no guarda su direcci\u00f3n IP. Google Inc. es una compa\u00f1\u00eda adherida al Acuerdo de Puerto Seguro que garantiza que todos los datos transferidos ser\u00e1n tratados con un nivel de protecci\u00f3n acorde a la normativa europea. Puede consultar informaci\u00f3n detallada a este respecto <a href=\"http:\/\/safeharbor.export.gov\/companyinfo.aspx?id=16626\" target=\"_blank\">en este enlace<\/a>. Si desea informaci\u00f3n sobre el uso que Google da a las cookies <a href=\"https:\/\/developers.google.com\/analytics\/devguides\/collection\/analyticsjs\/cookie-usage?hl=es&amp;csw=1\" target=\"_blank\">le adjuntamos este otro enlace<\/a>.<\/li>\n<li>Para cualquier duda o consulta acerca de esta pol\u00edtica de <em>cookies<\/em> no dude en comunicarse con nosotros a trav\u00e9s de la secci\u00f3n de contacto<\/li>\n<\/ul>\n<h2>Protecci\u00f3n de datos personales<\/h2>\n<p>El prestador cumple con la normativa espa\u00f1ola de protecci\u00f3n de datos de car\u00e1cter personal, y garantiza el cumplimiento \u00edntegro de las obligaciones dispuestas la Ley Org\u00e1nica 15\/1999, de 13 de diciembre, de Protecci\u00f3n de Datos de Car\u00e1cter Personal (LOPD), el Real Decreto 1720\/2007, de 21 de diciembre, por el que se aprueba el Reglamento de desarrollo de la LOPD y dem\u00e1s normativa vigente en cada momento, y vela por garantizar un correcto uso y tratamiento de los datos personales del usuario.<\/p>\n<h2>Pol\u00edtica anti-spam<\/h2>\n<p>El prestador se declara completamente en contra del env\u00edo de comunicaciones comerciales no solicitadas y a cualquier tipo de conducta o manifestaci\u00f3n conocida como \u201cspam\u201d, asimismo se declara comprometido con la lucha contra este tipo de pr\u00e1cticas abusivas.<\/p>\n<p>Por tanto, el prestador garantiza al usuario a que bajo ning\u00fan concepto los datos personales recogidos en el sitio web ser\u00e1n cedidos, compartidos, transferidos, ni vendidos a ning\u00fan tercero.<\/p>\n<p>Por las mismas razones, el proceso de registro en nuestra newsletter no debe ser utilizado para inscribir direcciones de correo de personas ajenas sin el consentimiento expreso de las personas afectadas. TheHeroPlan.com implementa como contramedida a esta pr\u00e1cticas una lista de correo de tipo double opt-in que necesita la confirmaci\u00f3n explicita por parte del titular de la cuenta de correo electr\u00f3nico indicada como direcci\u00f3n de suscripci\u00f3n, antes de recibir comunicaciones por correo electr\u00f3nico.<\/p>\n<p>En el caso de que aun as\u00ed un usuario reciba comunicaciones de este sitio web sin haberse registrado, o sin haber dado su consentimiento expreso a dicho registro, puede cancelar la suscripci\u00f3n desde los enlaces que se proporcionan en la propia comunicaci\u00f3n.<\/p>\n<p>Adem\u00e1s, el usuario puede ponerse en contacto con nosotros a trav\u00e9s del formulario de contacto que se mantiene en el sitio web, tanto para comunicar lo sucedido como para solicitar la eliminaci\u00f3n inmediata de sus datos de nuestro sistema.<\/p>\n<h2>Alojamiento de datos<\/h2>\n<p>Por razones t\u00e9cnicas y de calidad de servicio, TheHeroPlan.com se encuentra alojado en los servidores de la empresa OVH. Por las razones similares, la prestaci\u00f3n del servicio de suscripci\u00f3n por correo electr\u00f3nico y env\u00edo de newsletter se efect\u00faa desde las instalaciones de la empresa MailChimp. Mailchimp es una empresa de origen estadunidense con instalaciones que se ubican en este mismo pa\u00eds. Mailchimp se encuentra adherida a los principios de \u201cPuerto Seguro\u201d (Safe Harbor), de acuerdo con la Decisi\u00f3n 2000\/520\/CE de la Comisi\u00f3n de 26 de julio de 2000 lo que las convierte entidades con un nivel adecuado de protecci\u00f3n a efectos de la LOPD.<\/p>\n<h2>Google Analytics<\/h2>\n<p>Google Analytics es un servicio an\u00e1lisis de datos estad\u00edsticas prestado por la empresa Google. TheHeroPlan.com utiliza este servicio para realizar un seguimiento de las estad\u00edsticas de uso del mismo.<\/p>\n<p>Google Analytics utiliza cookies para ayudar al sitio web a analizar datos estad\u00edsticos sobre el uso del mismo (n\u00famero de visitas totales, p\u00e1ginas m\u00e1s vistas, etc.). La informaci\u00f3n que genera la cookie (incluyendo su direcci\u00f3n IP) ser\u00e1 directamente transmitida y archivada por Google en los servidores de Estados Unidos.<\/p>\n<p>Google usar\u00e1 esta informaci\u00f3n por cuenta nuestra con el prop\u00f3sito de generar informaci\u00f3n estad\u00edsticas sobre el uso de TheHeroPlan.com, Google no asociar\u00e1 su direcci\u00f3n IP con ning\u00fan otro dato del que disponga Google. Google podr\u00e1 transmitir dicha informaci\u00f3n a terceros cuando as\u00ed se lo requiera la legislaci\u00f3n, o cuando dichos terceros procesen la informaci\u00f3n por cuenta de Google.<\/p>\n<p>Puede Usted rechazar el tratamiento de los datos o la informaci\u00f3n rechazando el uso de cookies mediante la selecci\u00f3n de la configuraci\u00f3n apropiada de su navegador, sin embargo, de hacerlo, limitar\u00e1 la plena funcionabilidad de TheHeroPlan.com. Al utilizar este sitio web, da su consentimiento al tratamiento de informaci\u00f3n por Google en la forma y para los fines arriba indicados.<\/p>\n<h2>Consentimiento al tratamiento de los datos personales del usuario<\/h2>\n<p>En el marco de sus actividades, TheHeroPlan.com dispone de la posibilidad de registro de usuarios para el env\u00edo de comunicaciones por correo electr\u00f3nico, efectuar comentarios en el blog y enviar mensajes a trav\u00e9s del formulario de contacto.<\/p>\n<p>El usuario mediante los actos de suscripci\u00f3n al blog, la realizaci\u00f3n comentarios o el formulario de contacto estar\u00e1 dando su consentimiento expreso al tratamiento de los personales proporcionados seg\u00fan lo dispuesto en el art\u00edculo 6 de la LOPD. El usuario podr\u00e1 ejercer sus derechos en los t\u00e9rminos dispuestos por el art\u00edculo 5 de la LOPD.<\/p>\n<p>Estos mismos actos implican asimismo el consentimiento expreso del usuario a la transferencia internacional de datos que se produce en t\u00e9rminos de la LOPD debido a la ubicaci\u00f3n f\u00edsica de las instalaciones de los proveedores arriba mencionados.<\/p>\n<p>Los datos de car\u00e1cter personal solicitados en estas actividades, quedar\u00e1n incorporados a un fichero cuya finalidad es la comunicaci\u00f3n de novedades relativas al sitio web de TheHeroPlan.com actuando como responsable del fichero el prestador. Los campos marcados con asterisco son de cumplimentaci\u00f3n obligatoria, siendo imposible realizar la finalidad expresada si no se aportan estos datos. Queda igualmente informado de la posibilidad de ejercitar los derechos que se indican en el apartado relativo a los Derechos del usuario.<\/p>\n<h2>Derechos del usuario<\/h2>\n<p>De conformidad con lo establecido en el art\u00edculo 5 de la LOPD, se informa al usuario que la finalidad exclusiva de la base de datos de registro es el env\u00edo de informaci\u00f3n sobre novedades relacionadas con el sitio web TheHeroPlan.com. \u00danicamente los titulares tendr\u00e1n acceso a sus datos, y bajo ning\u00fan concepto, estos datos ser\u00e1n cedidos, compartidos, transferidos, ni vendidos a ning\u00fan tercero.<\/p>\n<p>De acuerdo con lo dispuesto en la LOPD, el usuario en cualquier momento podr\u00e1 ejercitar sus derechos de acceso, rectificaci\u00f3n, cancelaci\u00f3n, y oposici\u00f3n ante el prestador.<\/p>\n<p>Para facilitar el ejercicio de estos derechos se facilita en todas las comunicaciones un enlace de solicitud de baja que redundar\u00e1 en la eliminaci\u00f3n inmediata de los datos personales del usuario de nuestra base de datos.<\/p>\n<h2>Ley Aplicable y Jurisdicci\u00f3n<\/h2>\n<p>Para la resoluci\u00f3n de todas las controversias o cuestiones relacionadas con el presente sitio web o de las actividades en \u00e9l desarrolladas, ser\u00e1 de aplicaci\u00f3n la legislaci\u00f3n espa\u00f1ola, a la que se someten expresamente las partes.[\/vc_column_text][\/vc_column][vc_column width=\u00bb1\/3&#8243;][\/vc_column][\/vc_row]\n","protected":false},"excerpt":{"rendered":"<p>[vc_row][vc_column width=\u00bb2\/3&#8243;][vc_column_text el_class=\u00bblightColor\u00bb] Aviso legal En cumplimiento con el deber de informaci\u00f3n recogido en art\u00edculo 10 de la Ley 34\/2002, de 11 de julio, de Servicios de la Sociedad de la Informaci\u00f3n y del Comercio Electr\u00f3nico a continuaci\u00f3n se declara TheHeroPlan.com como un sitio web profesional gestionado por Daniel Vecino con DNI 17746114G (en adelante, [&hellip;]<\/p>\n","protected":false},"author":1,"featured_media":0,"parent":0,"menu_order":0,"comment_status":"open","ping_status":"open","template":"","meta":{"footnotes":""},"yoast_head":"<!-- This site is optimized with the Yoast SEO plugin v22.8 - https:\/\/yoast.com\/wordpress\/plugins\/seo\/ -->\n<title>Aviso legal - EL PLAN DEL H\u00c9ROE<\/title>\n<meta name=\"robots\" content=\"index, follow, max-snippet:-1, max-image-preview:large, max-video-preview:-1\" \/>\n<link rel=\"canonical\" href=\"https:\/\/theheroplan.com\/es\/aviso-legal\/\" \/>\n<meta property=\"og:locale\" content=\"es_ES\" \/>\n<meta property=\"og:type\" content=\"article\" \/>\n<meta property=\"og:title\" content=\"Aviso legal - EL PLAN DEL H\u00c9ROE\" \/>\n<meta property=\"og:description\" content=\"[vc_row][vc_column width=\u00bb2\/3&#8243;][vc_column_text el_class=\u00bblightColor\u00bb] Aviso legal En cumplimiento con el deber de informaci\u00f3n recogido en art\u00edculo 10 de la Ley 34\/2002, de 11 de julio, de Servicios de la Sociedad de la Informaci\u00f3n y del Comercio Electr\u00f3nico a continuaci\u00f3n se declara TheHeroPlan.com como un sitio web profesional gestionado por Daniel Vecino con DNI 17746114G (en adelante, [&hellip;]\" \/>\n<meta property=\"og:url\" content=\"https:\/\/theheroplan.com\/es\/aviso-legal\/\" \/>\n<meta property=\"og:site_name\" content=\"EL PLAN DEL H\u00c9ROE\" \/>\n<meta property=\"article:modified_time\" content=\"2014-06-12T17:36:10+00:00\" \/>\n<meta property=\"og:image\" content=\"http:\/\/theheroplan.com\/es\/wp-content\/uploads\/sites\/2\/2015\/12\/banner_book_3ed.jpg\" \/>\n<meta name=\"twitter:card\" content=\"summary_large_image\" \/>\n<meta name=\"twitter:site\" content=\"@MrVecino\" \/>\n<meta name=\"twitter:label1\" content=\"Tiempo de lectura\" \/>\n\t<meta name=\"twitter:data1\" content=\"10 minutos\" \/>\n<script type=\"application\/ld+json\" class=\"yoast-schema-graph\">{\"@context\":\"https:\/\/schema.org\",\"@graph\":[{\"@type\":\"WebPage\",\"@id\":\"https:\/\/theheroplan.com\/es\/aviso-legal\/\",\"url\":\"https:\/\/theheroplan.com\/es\/aviso-legal\/\",\"name\":\"Aviso legal - EL PLAN DEL H\u00c9ROE\",\"isPartOf\":{\"@id\":\"https:\/\/theheroplan.com\/es\/#website\"},\"datePublished\":\"2014-06-12T17:27:12+00:00\",\"dateModified\":\"2014-06-12T17:36:10+00:00\",\"inLanguage\":\"es\",\"potentialAction\":[{\"@type\":\"ReadAction\",\"target\":[\"https:\/\/theheroplan.com\/es\/aviso-legal\/\"]}]},{\"@type\":\"WebSite\",\"@id\":\"https:\/\/theheroplan.com\/es\/#website\",\"url\":\"https:\/\/theheroplan.com\/es\/\",\"name\":\"EL PLAN DEL H\u00c9ROE\",\"description\":\"Estrategia \u00e1gil + Neuromarketing + Gamification\",\"potentialAction\":[{\"@type\":\"SearchAction\",\"target\":{\"@type\":\"EntryPoint\",\"urlTemplate\":\"https:\/\/theheroplan.com\/es\/?s={search_term_string}\"},\"query-input\":\"required name=search_term_string\"}],\"inLanguage\":\"es\"}]}<\/script>\n<!-- \/ Yoast SEO plugin. -->","yoast_head_json":{"title":"Aviso legal - EL PLAN DEL H\u00c9ROE","robots":{"index":"index","follow":"follow","max-snippet":"max-snippet:-1","max-image-preview":"max-image-preview:large","max-video-preview":"max-video-preview:-1"},"canonical":"https:\/\/theheroplan.com\/es\/aviso-legal\/","og_locale":"es_ES","og_type":"article","og_title":"Aviso legal - EL PLAN DEL H\u00c9ROE","og_description":"[vc_row][vc_column width=\u00bb2\/3&#8243;][vc_column_text el_class=\u00bblightColor\u00bb] Aviso legal En cumplimiento con el deber de informaci\u00f3n recogido en art\u00edculo 10 de la Ley 34\/2002, de 11 de julio, de Servicios de la Sociedad de la Informaci\u00f3n y del Comercio Electr\u00f3nico a continuaci\u00f3n se declara TheHeroPlan.com como un sitio web profesional gestionado por Daniel Vecino con DNI 17746114G (en adelante, [&hellip;]","og_url":"https:\/\/theheroplan.com\/es\/aviso-legal\/","og_site_name":"EL PLAN DEL H\u00c9ROE","article_modified_time":"2014-06-12T17:36:10+00:00","og_image":[{"url":"http:\/\/theheroplan.com\/es\/wp-content\/uploads\/sites\/2\/2015\/12\/banner_book_3ed.jpg"}],"twitter_card":"summary_large_image","twitter_site":"@MrVecino","twitter_misc":{"Tiempo de lectura":"10 minutos"},"schema":{"@context":"https:\/\/schema.org","@graph":[{"@type":"WebPage","@id":"https:\/\/theheroplan.com\/es\/aviso-legal\/","url":"https:\/\/theheroplan.com\/es\/aviso-legal\/","name":"Aviso legal - EL PLAN DEL H\u00c9ROE","isPartOf":{"@id":"https:\/\/theheroplan.com\/es\/#website"},"datePublished":"2014-06-12T17:27:12+00:00","dateModified":"2014-06-12T17:36:10+00:00","inLanguage":"es","potentialAction":[{"@type":"ReadAction","target":["https:\/\/theheroplan.com\/es\/aviso-legal\/"]}]},{"@type":"WebSite","@id":"https:\/\/theheroplan.com\/es\/#website","url":"https:\/\/theheroplan.com\/es\/","name":"EL PLAN DEL H\u00c9ROE","description":"Estrategia \u00e1gil + Neuromarketing + Gamification","potentialAction":[{"@type":"SearchAction","target":{"@type":"EntryPoint","urlTemplate":"https:\/\/theheroplan.com\/es\/?s={search_term_string}"},"query-input":"required name=search_term_string"}],"inLanguage":"es"}]}},"_links":{"self":[{"href":"https:\/\/theheroplan.com\/es\/wp-json\/wp\/v2\/pages\/1398"}],"collection":[{"href":"https:\/\/theheroplan.com\/es\/wp-json\/wp\/v2\/pages"}],"about":[{"href":"https:\/\/theheroplan.com\/es\/wp-json\/wp\/v2\/types\/page"}],"author":[{"embeddable":true,"href":"https:\/\/theheroplan.com\/es\/wp-json\/wp\/v2\/users\/1"}],"replies":[{"embeddable":true,"href":"https:\/\/theheroplan.com\/es\/wp-json\/wp\/v2\/comments?post=1398"}],"version-history":[{"count":7,"href":"https:\/\/theheroplan.com\/es\/wp-json\/wp\/v2\/pages\/1398\/revisions"}],"predecessor-version":[{"id":1405,"href":"https:\/\/theheroplan.com\/es\/wp-json\/wp\/v2\/pages\/1398\/revisions\/1405"}],"wp:attachment":[{"href":"https:\/\/theheroplan.com\/es\/wp-json\/wp\/v2\/media?parent=1398"}],"curies":[{"name":"wp","href":"https:\/\/api.w.org\/{rel}","templated":true}]}}