{"id":378,"date":"2014-05-07T16:42:25","date_gmt":"2014-05-07T14:42:25","guid":{"rendered":"http:\/\/theheroplan.com\/es\/?post_type=product&#038;p=378"},"modified":"2019-12-20T14:43:00","modified_gmt":"2019-12-20T12:43:00","slug":"el-plan-del-heroe-digital-pdf","status":"publish","type":"product","link":"https:\/\/theheroplan.com\/en\/shop\/book\/el-plan-del-heroe-digital-pdf\/","title":{"rendered":"El Plan del H\u00e9roe 3\u00aaed<br>Versi\u00f3n Digital Espa\u00f1ol"},"content":{"rendered":"","protected":false},"excerpt":{"rendered":"<div><\/div>\n<p>[mk_fancy_title style=&#8217;avantgarde&#8217; tag_name=&#8217;h4&#8242; size=&#8217;18&#8217; line_height=&#8217;24&#8217; color=&#8217;#fff&#8217; font_weight=&#8217;inherit&#8217; letter_spacing=&#8217;0&#8242; font_family=&#8217;none&#8217; margin_bottom=&#8217;10&#8217; align=&#8217;left&#8217; el_class=&#8217;smallTitle&#8217;]Stock disponible![\/mk_fancy_title]<\/p>\n<div>PDF Interactivo y personalizado:<\/div>\n<ul>\n<li><strong>iOS, Android,&#8230;<\/strong>Compatible con dispositivos m\u00f3viles y tablets.<\/li>\n<li><strong>PDF sin DRM, <\/strong>podr\u00e1s leerlo en tantos dispositivos como quieras.<\/li>\n<li><strong>Pr\u00f3logo de Ash Maurya<\/strong>, autor de &#8216;Running Lean&#8217;<\/li>\n<li><strong>304 p\u00e1ginas<\/strong> ilustradas a todo color<\/li>\n<li><strong>+80 ejemplos<\/strong> con historias de \u00e9xito y fracaso<\/li>\n<li><strong>+200 QRCodes<\/strong> con referencias y contenidos adicionales<\/li>\n<\/ul>\n","protected":false},"featured_media":5164,"comment_status":"closed","ping_status":"closed","template":"","meta":[],"product_cat":[14],"product_tag":[],"yoast_head":"<!-- This site is optimized with the Yoast SEO plugin v22.8 - https:\/\/yoast.com\/wordpress\/plugins\/seo\/ -->\n<title>El libro \u00b7 Digital \u00b7 3\u00aa edici\u00f3n - EL PLAN DEL H\u00c9ROE<\/title>\n<meta name=\"description\" content=\"Compra ahora el libro El Plan del H\u00e9roe 3\u00aa ed. Un camino gamificado y lean, en busca de tu estrategia ganadora. Estrategia + Neuromarketing + Gamification\" \/>\n<meta name=\"robots\" content=\"index, follow, max-snippet:-1, max-image-preview:large, max-video-preview:-1\" \/>\n<link rel=\"canonical\" href=\"https:\/\/theheroplan.com\/en\/shop\/book\/el-plan-del-heroe-digital-pdf\/\" \/>\n<meta property=\"og:locale\" content=\"en_US\" \/>\n<meta property=\"og:type\" content=\"article\" \/>\n<meta property=\"og:title\" content=\"El libro \u00b7 Digital \u00b7 3\u00aa edici\u00f3n - EL PLAN DEL H\u00c9ROE\" \/>\n<meta property=\"og:description\" content=\"Compra ahora el libro El Plan del H\u00e9roe 3\u00aa ed. Un camino gamificado y lean, en busca de tu estrategia ganadora. Estrategia + Neuromarketing + Gamification\" \/>\n<meta property=\"og:url\" content=\"https:\/\/theheroplan.com\/en\/shop\/book\/el-plan-del-heroe-digital-pdf\/\" \/>\n<meta property=\"og:site_name\" content=\"The Hero Plan\" \/>\n<meta property=\"article:modified_time\" content=\"2019-12-20T12:43:00+00:00\" \/>\n<meta property=\"og:image\" content=\"https:\/\/theheroplan.com\/en\/wp-content\/uploads\/sites\/3\/2014\/05\/shop_products_ElPlanDelHeroe_DB.jpg\" \/>\n\t<meta property=\"og:image:width\" content=\"1140\" \/>\n\t<meta property=\"og:image:height\" content=\"800\" \/>\n\t<meta property=\"og:image:type\" content=\"image\/jpeg\" \/>\n<script type=\"application\/ld+json\" class=\"yoast-schema-graph\">{\"@context\":\"https:\/\/schema.org\",\"@graph\":[{\"@type\":\"WebPage\",\"@id\":\"https:\/\/theheroplan.com\/en\/shop\/book\/el-plan-del-heroe-digital-pdf\/\",\"url\":\"https:\/\/theheroplan.com\/en\/shop\/book\/el-plan-del-heroe-digital-pdf\/\",\"name\":\"El libro \u00b7 Digital \u00b7 3\u00aa edici\u00f3n - EL PLAN DEL H\u00c9ROE\",\"isPartOf\":{\"@id\":\"https:\/\/theheroplan.com\/en\/#website\"},\"primaryImageOfPage\":{\"@id\":\"https:\/\/theheroplan.com\/en\/shop\/book\/el-plan-del-heroe-digital-pdf\/#primaryimage\"},\"image\":{\"@id\":\"https:\/\/theheroplan.com\/en\/shop\/book\/el-plan-del-heroe-digital-pdf\/#primaryimage\"},\"thumbnailUrl\":\"https:\/\/theheroplan.com\/en\/wp-content\/uploads\/sites\/3\/2014\/05\/shop_products_ElPlanDelHeroe_DB.jpg\",\"datePublished\":\"2014-05-07T14:42:25+00:00\",\"dateModified\":\"2019-12-20T12:43:00+00:00\",\"description\":\"Compra ahora el libro El Plan del H\u00e9roe 3\u00aa ed. Un camino gamificado y lean, en busca de tu estrategia ganadora. Estrategia + Neuromarketing + Gamification\",\"breadcrumb\":{\"@id\":\"https:\/\/theheroplan.com\/en\/shop\/book\/el-plan-del-heroe-digital-pdf\/#breadcrumb\"},\"inLanguage\":\"en-US\",\"potentialAction\":[{\"@type\":\"ReadAction\",\"target\":[\"https:\/\/theheroplan.com\/en\/shop\/book\/el-plan-del-heroe-digital-pdf\/\"]}]},{\"@type\":\"ImageObject\",\"inLanguage\":\"en-US\",\"@id\":\"https:\/\/theheroplan.com\/en\/shop\/book\/el-plan-del-heroe-digital-pdf\/#primaryimage\",\"url\":\"https:\/\/theheroplan.com\/en\/wp-content\/uploads\/sites\/3\/2014\/05\/shop_products_ElPlanDelHeroe_DB.jpg\",\"contentUrl\":\"https:\/\/theheroplan.com\/en\/wp-content\/uploads\/sites\/3\/2014\/05\/shop_products_ElPlanDelHeroe_DB.jpg\",\"width\":1140,\"height\":800,\"caption\":\"El Plan del H\u00e9roe versi\u00f3n digital\"},{\"@type\":\"BreadcrumbList\",\"@id\":\"https:\/\/theheroplan.com\/en\/shop\/book\/el-plan-del-heroe-digital-pdf\/#breadcrumb\",\"itemListElement\":[{\"@type\":\"ListItem\",\"position\":1,\"name\":\"Home\",\"item\":\"https:\/\/theheroplan.com\/en\/\"},{\"@type\":\"ListItem\",\"position\":2,\"name\":\"Shop\",\"item\":\"http:\/\/theheroplan.com\/en\/thp-shop\/\"},{\"@type\":\"ListItem\",\"position\":3,\"name\":\"El Plan del H\u00e9roe 3\u00aaedVersi\u00f3n Digital Espa\u00f1ol\"}]},{\"@type\":\"WebSite\",\"@id\":\"https:\/\/theheroplan.com\/en\/#website\",\"url\":\"https:\/\/theheroplan.com\/en\/\",\"name\":\"The Hero Plan\",\"description\":\"\",\"potentialAction\":[{\"@type\":\"SearchAction\",\"target\":{\"@type\":\"EntryPoint\",\"urlTemplate\":\"https:\/\/theheroplan.com\/en\/?s={search_term_string}\"},\"query-input\":\"required name=search_term_string\"}],\"inLanguage\":\"en-US\"}]}<\/script>\n<!-- \/ Yoast SEO plugin. -->","yoast_head_json":{"title":"El libro \u00b7 Digital \u00b7 3\u00aa edici\u00f3n - EL PLAN DEL H\u00c9ROE","description":"Compra ahora el libro El Plan del H\u00e9roe 3\u00aa ed. Un camino gamificado y lean, en busca de tu estrategia ganadora. Estrategia + Neuromarketing + Gamification","robots":{"index":"index","follow":"follow","max-snippet":"max-snippet:-1","max-image-preview":"max-image-preview:large","max-video-preview":"max-video-preview:-1"},"canonical":"https:\/\/theheroplan.com\/en\/shop\/book\/el-plan-del-heroe-digital-pdf\/","og_locale":"en_US","og_type":"article","og_title":"El libro \u00b7 Digital \u00b7 3\u00aa edici\u00f3n - EL PLAN DEL H\u00c9ROE","og_description":"Compra ahora el libro El Plan del H\u00e9roe 3\u00aa ed. Un camino gamificado y lean, en busca de tu estrategia ganadora. Estrategia + Neuromarketing + Gamification","og_url":"https:\/\/theheroplan.com\/en\/shop\/book\/el-plan-del-heroe-digital-pdf\/","og_site_name":"The Hero Plan","article_modified_time":"2019-12-20T12:43:00+00:00","og_image":[{"width":1140,"height":800,"url":"https:\/\/theheroplan.com\/en\/wp-content\/uploads\/sites\/3\/2014\/05\/shop_products_ElPlanDelHeroe_DB.jpg","type":"image\/jpeg"}],"schema":{"@context":"https:\/\/schema.org","@graph":[{"@type":"WebPage","@id":"https:\/\/theheroplan.com\/en\/shop\/book\/el-plan-del-heroe-digital-pdf\/","url":"https:\/\/theheroplan.com\/en\/shop\/book\/el-plan-del-heroe-digital-pdf\/","name":"El libro \u00b7 Digital \u00b7 3\u00aa edici\u00f3n - EL PLAN DEL H\u00c9ROE","isPartOf":{"@id":"https:\/\/theheroplan.com\/en\/#website"},"primaryImageOfPage":{"@id":"https:\/\/theheroplan.com\/en\/shop\/book\/el-plan-del-heroe-digital-pdf\/#primaryimage"},"image":{"@id":"https:\/\/theheroplan.com\/en\/shop\/book\/el-plan-del-heroe-digital-pdf\/#primaryimage"},"thumbnailUrl":"https:\/\/theheroplan.com\/en\/wp-content\/uploads\/sites\/3\/2014\/05\/shop_products_ElPlanDelHeroe_DB.jpg","datePublished":"2014-05-07T14:42:25+00:00","dateModified":"2019-12-20T12:43:00+00:00","description":"Compra ahora el libro El Plan del H\u00e9roe 3\u00aa ed. Un camino gamificado y lean, en busca de tu estrategia ganadora. Estrategia + Neuromarketing + Gamification","breadcrumb":{"@id":"https:\/\/theheroplan.com\/en\/shop\/book\/el-plan-del-heroe-digital-pdf\/#breadcrumb"},"inLanguage":"en-US","potentialAction":[{"@type":"ReadAction","target":["https:\/\/theheroplan.com\/en\/shop\/book\/el-plan-del-heroe-digital-pdf\/"]}]},{"@type":"ImageObject","inLanguage":"en-US","@id":"https:\/\/theheroplan.com\/en\/shop\/book\/el-plan-del-heroe-digital-pdf\/#primaryimage","url":"https:\/\/theheroplan.com\/en\/wp-content\/uploads\/sites\/3\/2014\/05\/shop_products_ElPlanDelHeroe_DB.jpg","contentUrl":"https:\/\/theheroplan.com\/en\/wp-content\/uploads\/sites\/3\/2014\/05\/shop_products_ElPlanDelHeroe_DB.jpg","width":1140,"height":800,"caption":"El Plan del H\u00e9roe versi\u00f3n digital"},{"@type":"BreadcrumbList","@id":"https:\/\/theheroplan.com\/en\/shop\/book\/el-plan-del-heroe-digital-pdf\/#breadcrumb","itemListElement":[{"@type":"ListItem","position":1,"name":"Home","item":"https:\/\/theheroplan.com\/en\/"},{"@type":"ListItem","position":2,"name":"Shop","item":"http:\/\/theheroplan.com\/en\/thp-shop\/"},{"@type":"ListItem","position":3,"name":"El Plan del H\u00e9roe 3\u00aaedVersi\u00f3n Digital Espa\u00f1ol"}]},{"@type":"WebSite","@id":"https:\/\/theheroplan.com\/en\/#website","url":"https:\/\/theheroplan.com\/en\/","name":"The Hero Plan","description":"","potentialAction":[{"@type":"SearchAction","target":{"@type":"EntryPoint","urlTemplate":"https:\/\/theheroplan.com\/en\/?s={search_term_string}"},"query-input":"required name=search_term_string"}],"inLanguage":"en-US"}]}},"_links":{"self":[{"href":"https:\/\/theheroplan.com\/en\/wp-json\/wp\/v2\/product\/378"}],"collection":[{"href":"https:\/\/theheroplan.com\/en\/wp-json\/wp\/v2\/product"}],"about":[{"href":"https:\/\/theheroplan.com\/en\/wp-json\/wp\/v2\/types\/product"}],"replies":[{"embeddable":true,"href":"https:\/\/theheroplan.com\/en\/wp-json\/wp\/v2\/comments?post=378"}],"wp:featuredmedia":[{"embeddable":true,"href":"https:\/\/theheroplan.com\/en\/wp-json\/wp\/v2\/media\/5164"}],"wp:attachment":[{"href":"https:\/\/theheroplan.com\/en\/wp-json\/wp\/v2\/media?parent=378"}],"wp:term":[{"taxonomy":"product_cat","embeddable":true,"href":"https:\/\/theheroplan.com\/en\/wp-json\/wp\/v2\/product_cat?post=378"},{"taxonomy":"product_tag","embeddable":true,"href":"https:\/\/theheroplan.com\/en\/wp-json\/wp\/v2\/product_tag?post=378"}],"curies":[{"name":"wp","href":"https:\/\/api.w.org\/{rel}","templated":true}]}}